{"id":402954,"date":"2025-05-18T22:54:01","date_gmt":"2025-05-18T22:54:01","guid":{"rendered":"https:\/\/staging2.stylingagenten.com\/no\/produkt\/dunhill-agar-wood-edp-100ml\/"},"modified":"2026-04-04T15:48:50","modified_gmt":"2026-04-04T15:48:50","slug":"dunhill-agar-wood-edp-100ml","status":"publish","type":"product","link":"https:\/\/stylingagenten.com\/no\/produkt\/dunhill-agar-wood-edp-100ml\/","title":{"rendered":"Dunhill Agar Wood Edp 100ml"},"content":{"rendered":"<p>dunhill Signature-dufter legemliggj\u00f8r en kj\u00e6rlighet til eventyr og oppdagelse, og tilbyr distinkte og h\u00f8ye m\u00f8ter med forlokkende naturlige dufter og materialer.<\/p>\n<p>dunhill Signature: Agar Wood er en sjelfull oud bygget p\u00e5 en rik, mystisk base av semsket skinn, tobakk og mastikk. Toppnoter av Timur-pepper, saltet ingef\u00e6r og italiensk bergamott skimmer p\u00e5 toppen av et hjerte av svart iris, safranblomst, fiolettblad og bl\u00e5 sypress.<\/p>\n","protected":false},"excerpt":{"rendered":"<p>dunhill Signature-dufter legemliggj\u00f8r en kj\u00e6rlighet til eventyr og oppdagelse, og tilbyr distinkte og h\u00f8ye m\u00f8ter med forlokkende naturlige dufter og materialer. dunhill Signature: Agar Wood er en sjelfull oud bygget p\u00e5 en rik, mystisk base av semsket skinn, tobakk og mastikk. Toppnoter av Timur-pepper, saltet ingef\u00e6r og italiensk bergamott skimmer p\u00e5 toppen av et hjerte [&hellip;]<\/p>\n","protected":false},"featured_media":402947,"comment_status":"open","ping_status":"closed","template":"","meta":{"_trash_the_other_posts":false},"product_brand":[],"product_cat":[708,735,1000],"product_tag":[],"berocket_brand":[1296],"class_list":{"0":"post-402954","1":"product","2":"type-product","3":"status-publish","4":"has-post-thumbnail","6":"product_cat-eau-de-parfum-herr","7":"product_cat-kampanje","8":"product_cat-kampanjetilbud-for-ham","9":"pa_brand-dunhill","10":"berocket_brand-dunhill","12":"first","13":"instock","14":"sale","15":"taxable","16":"shipping-taxable","17":"purchasable","18":"product-type-simple"},"_links":{"self":[{"href":"https:\/\/stylingagenten.com\/no\/wp-json\/wp\/v2\/product\/402954","targetHints":{"allow":["GET"]}}],"collection":[{"href":"https:\/\/stylingagenten.com\/no\/wp-json\/wp\/v2\/product"}],"about":[{"href":"https:\/\/stylingagenten.com\/no\/wp-json\/wp\/v2\/types\/product"}],"replies":[{"embeddable":true,"href":"https:\/\/stylingagenten.com\/no\/wp-json\/wp\/v2\/comments?post=402954"}],"version-history":[{"count":0,"href":"https:\/\/stylingagenten.com\/no\/wp-json\/wp\/v2\/product\/402954\/revisions"}],"wp:featuredmedia":[{"embeddable":true,"href":"https:\/\/stylingagenten.com\/no\/wp-json\/wp\/v2\/media\/402947"}],"wp:attachment":[{"href":"https:\/\/stylingagenten.com\/no\/wp-json\/wp\/v2\/media?parent=402954"}],"wp:term":[{"taxonomy":"product_brand","embeddable":true,"href":"https:\/\/stylingagenten.com\/no\/wp-json\/wp\/v2\/product_brand?post=402954"},{"taxonomy":"product_cat","embeddable":true,"href":"https:\/\/stylingagenten.com\/no\/wp-json\/wp\/v2\/product_cat?post=402954"},{"taxonomy":"product_tag","embeddable":true,"href":"https:\/\/stylingagenten.com\/no\/wp-json\/wp\/v2\/product_tag?post=402954"},{"taxonomy":"berocket_brand","embeddable":true,"href":"https:\/\/stylingagenten.com\/no\/wp-json\/wp\/v2\/berocket_brand?post=402954"}],"curies":[{"name":"wp","href":"https:\/\/api.w.org\/{rel}","templated":true}]}}