{"id":402856,"date":"2025-05-18T22:53:41","date_gmt":"2025-05-18T22:53:41","guid":{"rendered":"https:\/\/staging2.stylingagenten.com\/no\/produkt\/calvin-klein-eternity-air-for-men-edt-30ml\/"},"modified":"2025-11-19T09:19:30","modified_gmt":"2025-11-19T09:19:30","slug":"calvin-klein-eternity-air-for-men-edt-30ml","status":"publish","type":"product","link":"https:\/\/stylingagenten.com\/no\/produkt\/calvin-klein-eternity-air-for-men-edt-30ml\/","title":{"rendered":"Calvin Klein Eternity Air for Men Edt 30ml"},"content":{"rendered":"<p>Eternity Air for Men er en frisk og flytende duft laget for \u00e5 bringe tanker til store h\u00f8yder og \u00e5pent hav! Den friske duften gir en skarp og luftig duft, perfekt for varme sommerdager!<br \/>Sett seil og seil p\u00e5 nye eventyr med denne moderne og unike duften!<\/p>\n<p>Fragrance Family \u2013 Aromatic\/Fougere<br \/>Topp Noter: Mandarin, einer og akvatiske noter<br \/>Hjertenoter: lavendel, gr\u00f8nt eple og fiolblad<br \/>Basinoter: patchouli, ambra og tang<\/p>\n","protected":false},"excerpt":{"rendered":"<p>Eternity Air for Men er en frisk og flytende duft laget for \u00e5 bringe tanker til store h\u00f8yder og \u00e5pent hav! Den friske duften gir en skarp og luftig duft, perfekt for varme sommerdager!Sett seil og seil p\u00e5 nye eventyr med denne moderne og unike duften! Fragrance Family \u2013 Aromatic\/FougereTopp Noter: Mandarin, einer og akvatiske [&hellip;]<\/p>\n","protected":false},"featured_media":402847,"comment_status":"open","ping_status":"closed","template":"","meta":{"_trash_the_other_posts":false},"product_brand":[],"product_cat":[793,709],"product_tag":[2644],"berocket_brand":[1014],"class_list":{"0":"post-402856","1":"product","2":"type-product","3":"status-publish","4":"has-post-thumbnail","6":"product_cat-calvin-klein-eternity-for-men","7":"product_cat-eau-de-toilette-herre","8":"product_tag-calvin-klein-eternity-air-for-men-edt","9":"pa_brand-calvin-klein","10":"pa_variant-30ml","11":"berocket_brand-calvin-klein","13":"first","14":"outofstock","15":"sale","16":"taxable","17":"shipping-taxable","18":"purchasable","19":"product-type-simple"},"_links":{"self":[{"href":"https:\/\/stylingagenten.com\/no\/wp-json\/wp\/v2\/product\/402856","targetHints":{"allow":["GET"]}}],"collection":[{"href":"https:\/\/stylingagenten.com\/no\/wp-json\/wp\/v2\/product"}],"about":[{"href":"https:\/\/stylingagenten.com\/no\/wp-json\/wp\/v2\/types\/product"}],"replies":[{"embeddable":true,"href":"https:\/\/stylingagenten.com\/no\/wp-json\/wp\/v2\/comments?post=402856"}],"version-history":[{"count":0,"href":"https:\/\/stylingagenten.com\/no\/wp-json\/wp\/v2\/product\/402856\/revisions"}],"wp:featuredmedia":[{"embeddable":true,"href":"https:\/\/stylingagenten.com\/no\/wp-json\/wp\/v2\/media\/402847"}],"wp:attachment":[{"href":"https:\/\/stylingagenten.com\/no\/wp-json\/wp\/v2\/media?parent=402856"}],"wp:term":[{"taxonomy":"product_brand","embeddable":true,"href":"https:\/\/stylingagenten.com\/no\/wp-json\/wp\/v2\/product_brand?post=402856"},{"taxonomy":"product_cat","embeddable":true,"href":"https:\/\/stylingagenten.com\/no\/wp-json\/wp\/v2\/product_cat?post=402856"},{"taxonomy":"product_tag","embeddable":true,"href":"https:\/\/stylingagenten.com\/no\/wp-json\/wp\/v2\/product_tag?post=402856"},{"taxonomy":"berocket_brand","embeddable":true,"href":"https:\/\/stylingagenten.com\/no\/wp-json\/wp\/v2\/berocket_brand?post=402856"}],"curies":[{"name":"wp","href":"https:\/\/api.w.org\/{rel}","templated":true}]}}