{"id":402810,"date":"2025-05-18T22:53:33","date_gmt":"2025-05-18T22:53:33","guid":{"rendered":"https:\/\/staging2.stylingagenten.com\/no\/produkt\/calvin-klein-ck-in2u-him-edt-150ml\/"},"modified":"2026-04-10T07:18:30","modified_gmt":"2026-04-10T07:18:30","slug":"calvin-klein-ck-in2u-him-edt-150ml","status":"publish","type":"product","link":"https:\/\/stylingagenten.com\/no\/produkt\/calvin-klein-ck-in2u-him-edt-150ml\/","title":{"rendered":"Calvin Klein CK IN2U Him Edt 150ml"},"content":{"rendered":"<p>Calvin Klein CK IN2U Him er en frisk, orientalsk og treaktig duft for de som lever i \u00f8yeblikket.<\/p>\n<p><strong>Duftnoter:<\/strong> grapefruktblad, lime, ginfizz, frostet tangelo , kakaob\u00f8nne, piment, gr\u00f8nnmynte, musk, vetiver og hvit sedertre.<\/p>\n","protected":false},"excerpt":{"rendered":"<p>Calvin Klein CK IN2U Him er en frisk, orientalsk og treaktig duft for de som lever i \u00f8yeblikket. Duftnoter: grapefruktblad, lime, ginfizz, frostet tangelo , kakaob\u00f8nne, piment, gr\u00f8nnmynte, musk, vetiver og hvit sedertre.<\/p>\n","protected":false},"featured_media":402800,"comment_status":"open","ping_status":"closed","template":"","meta":{"_trash_the_other_posts":false},"product_brand":[],"product_cat":[1003,746,709,735,1006,1000],"product_tag":[2632],"berocket_brand":[1014],"class_list":{"0":"post-402810","1":"product","2":"type-product","3":"status-publish","4":"has-post-thumbnail","6":"product_cat-bestselgere","7":"product_cat-calvin-klein-ck-in2u","8":"product_cat-eau-de-toilette-herre","9":"product_cat-kampanje","10":"product_cat-kampanjepris","11":"product_cat-kampanjetilbud-for-ham","12":"product_tag-calvin-klein-ck-in2u-him-edt","13":"pa_brand-calvin-klein","14":"pa_variant-150ml","15":"berocket_brand-calvin-klein","17":"first","18":"instock","19":"sale","20":"taxable","21":"shipping-taxable","22":"purchasable","23":"product-type-simple"},"_links":{"self":[{"href":"https:\/\/stylingagenten.com\/no\/wp-json\/wp\/v2\/product\/402810","targetHints":{"allow":["GET"]}}],"collection":[{"href":"https:\/\/stylingagenten.com\/no\/wp-json\/wp\/v2\/product"}],"about":[{"href":"https:\/\/stylingagenten.com\/no\/wp-json\/wp\/v2\/types\/product"}],"replies":[{"embeddable":true,"href":"https:\/\/stylingagenten.com\/no\/wp-json\/wp\/v2\/comments?post=402810"}],"version-history":[{"count":0,"href":"https:\/\/stylingagenten.com\/no\/wp-json\/wp\/v2\/product\/402810\/revisions"}],"wp:featuredmedia":[{"embeddable":true,"href":"https:\/\/stylingagenten.com\/no\/wp-json\/wp\/v2\/media\/402800"}],"wp:attachment":[{"href":"https:\/\/stylingagenten.com\/no\/wp-json\/wp\/v2\/media?parent=402810"}],"wp:term":[{"taxonomy":"product_brand","embeddable":true,"href":"https:\/\/stylingagenten.com\/no\/wp-json\/wp\/v2\/product_brand?post=402810"},{"taxonomy":"product_cat","embeddable":true,"href":"https:\/\/stylingagenten.com\/no\/wp-json\/wp\/v2\/product_cat?post=402810"},{"taxonomy":"product_tag","embeddable":true,"href":"https:\/\/stylingagenten.com\/no\/wp-json\/wp\/v2\/product_tag?post=402810"},{"taxonomy":"berocket_brand","embeddable":true,"href":"https:\/\/stylingagenten.com\/no\/wp-json\/wp\/v2\/berocket_brand?post=402810"}],"curies":[{"name":"wp","href":"https:\/\/api.w.org\/{rel}","templated":true}]}}