{"id":402750,"date":"2025-05-18T22:53:19","date_gmt":"2025-05-18T22:53:19","guid":{"rendered":"https:\/\/staging2.stylingagenten.com\/no\/produkt\/versace-eros-for-men-edp-50ml\/"},"modified":"2026-04-09T19:18:50","modified_gmt":"2026-04-09T19:18:50","slug":"versace-eros-for-men-edp-50ml","status":"publish","type":"product","link":"https:\/\/stylingagenten.com\/no\/produkt\/versace-eros-for-men-edp-50ml\/","title":{"rendered":"Versace Eros for men Edp 50ml"},"content":{"rendered":"<p>Versace Eros for menn Edp 50ml<br \/>Eros Eau de Parfum formidler kj\u00e6rlighet, overflod og provokasjon. En parfyme fylt med skj\u00f8nnhet, sensualitet og styrke for den lidenskapelige mannen. Duften har en signatur som ikke er redd for \u00e5 fremheve seg selv og avsl\u00f8re dens ekstreme sider: den skarpe kontrasten mellom den friske sitrusen og den sensuelle skj\u00e6rende.<br \/>Et nytt kapittel basert p\u00e5 dype tretoner &#8211; sedertre, vetiver og patchouli, brakt til liv med sprudlende, friske toner av italiensk sitron og mandarin, kombinert med en unik duft av kandiserte eple.<br \/>I grunnnoten fl\u00f8rter dekadent vanilje med toner av l\u00e6r: d\u00f8delig og provoserende, men samtidig myk og forf\u00f8rende, med en spennende ramme som forsterker duftens orientalske karakter.<\/p>\n<p>Toppnoter: Italiensk sitron og mandarin, peppermynteolje, kandisert eple, patchouli<br \/>Hjertenoter: geranium, essensiell olje av Clary salvie, Ambermax<br \/>Basenoter: Atlas og Virginia sedertre, essensiell vetiverolje, Patchouli hjerte essensiell olje, sandeltre, vanilje<\/p>\n","protected":false},"excerpt":{"rendered":"<p>Versace Eros for menn Edp 50mlEros Eau de Parfum formidler kj\u00e6rlighet, overflod og provokasjon. En parfyme fylt med skj\u00f8nnhet, sensualitet og styrke for den lidenskapelige mannen. Duften har en signatur som ikke er redd for \u00e5 fremheve seg selv og avsl\u00f8re dens ekstreme sider: den skarpe kontrasten mellom den friske sitrusen og den sensuelle skj\u00e6rende.Et [&hellip;]<\/p>\n","protected":false},"featured_media":402746,"comment_status":"open","ping_status":"closed","template":"","meta":{"_trash_the_other_posts":false},"product_brand":[],"product_cat":[1003,708,735,1000,535],"product_tag":[],"berocket_brand":[1083],"class_list":{"0":"post-402750","1":"product","2":"type-product","3":"status-publish","4":"has-post-thumbnail","6":"product_cat-bestselgere","7":"product_cat-eau-de-parfum-herr","8":"product_cat-kampanje","9":"product_cat-kampanjetilbud-for-ham","10":"product_cat-parfyme-menn","11":"pa_brand-versace","12":"berocket_brand-versace","14":"first","15":"instock","16":"sale","17":"taxable","18":"shipping-taxable","19":"purchasable","20":"product-type-simple"},"_links":{"self":[{"href":"https:\/\/stylingagenten.com\/no\/wp-json\/wp\/v2\/product\/402750","targetHints":{"allow":["GET"]}}],"collection":[{"href":"https:\/\/stylingagenten.com\/no\/wp-json\/wp\/v2\/product"}],"about":[{"href":"https:\/\/stylingagenten.com\/no\/wp-json\/wp\/v2\/types\/product"}],"replies":[{"embeddable":true,"href":"https:\/\/stylingagenten.com\/no\/wp-json\/wp\/v2\/comments?post=402750"}],"version-history":[{"count":0,"href":"https:\/\/stylingagenten.com\/no\/wp-json\/wp\/v2\/product\/402750\/revisions"}],"wp:featuredmedia":[{"embeddable":true,"href":"https:\/\/stylingagenten.com\/no\/wp-json\/wp\/v2\/media\/402746"}],"wp:attachment":[{"href":"https:\/\/stylingagenten.com\/no\/wp-json\/wp\/v2\/media?parent=402750"}],"wp:term":[{"taxonomy":"product_brand","embeddable":true,"href":"https:\/\/stylingagenten.com\/no\/wp-json\/wp\/v2\/product_brand?post=402750"},{"taxonomy":"product_cat","embeddable":true,"href":"https:\/\/stylingagenten.com\/no\/wp-json\/wp\/v2\/product_cat?post=402750"},{"taxonomy":"product_tag","embeddable":true,"href":"https:\/\/stylingagenten.com\/no\/wp-json\/wp\/v2\/product_tag?post=402750"},{"taxonomy":"berocket_brand","embeddable":true,"href":"https:\/\/stylingagenten.com\/no\/wp-json\/wp\/v2\/berocket_brand?post=402750"}],"curies":[{"name":"wp","href":"https:\/\/api.w.org\/{rel}","templated":true}]}}