{"id":402707,"date":"2025-05-18T22:53:09","date_gmt":"2025-05-18T22:53:09","guid":{"rendered":"https:\/\/staging2.stylingagenten.com\/no\/produkt\/mountaineer-brand-smokey-bourbon-flex-spray-120ml\/"},"modified":"2026-04-08T15:27:48","modified_gmt":"2026-04-08T15:27:48","slug":"mountaineer-brand-smokey-bourbon-flex-spray-120ml","status":"publish","type":"product","link":"https:\/\/stylingagenten.com\/no\/produkt\/mountaineer-brand-smokey-bourbon-flex-spray-120ml\/","title":{"rendered":"Mountaineer Brand Smokey Bourbon Flex Spray 120ml"},"content":{"rendered":"<p>Mountaineer Brand Smokey Bourbon Flex Spray 120ml<br \/>Mountaineer Brand er markedsleder n\u00e5r det gjelder \u00e5 bringe ut nye produkter. Det siste tilskuddet er Smokey Bourbon Flex Spray som har blitt enormt popul\u00e6r i USA: er en helt naturlig cologne designet for \u00e5 sprayes p\u00e5 kroppen din og hvor som helst du vil lukte som din favoritt Mountaineer Brand-duft. Spray den i bilen, p\u00e5 kl\u00e6rne, i treningsbagen, lakenet eller hvor som helst du vil friske opp. B\u00f8y duften din med denne &laquo;fleksible&raquo; sprayen! Duft: Bourbon, Cypress og Tobakk St\u00f8rrelse 120ml<\/p>\n","protected":false},"excerpt":{"rendered":"<p>Mountaineer Brand Smokey Bourbon Flex Spray 120mlMountaineer Brand er markedsleder n\u00e5r det gjelder \u00e5 bringe ut nye produkter. Det siste tilskuddet er Smokey Bourbon Flex Spray som har blitt enormt popul\u00e6r i USA: er en helt naturlig cologne designet for \u00e5 sprayes p\u00e5 kroppen din og hvor som helst du vil lukte som din favoritt [&hellip;]<\/p>\n","protected":false},"featured_media":402706,"comment_status":"open","ping_status":"closed","template":"","meta":{"_trash_the_other_posts":false},"product_brand":[],"product_cat":[710,735,1006,1000],"product_tag":[],"berocket_brand":[1110],"class_list":{"0":"post-402707","1":"product","2":"type-product","3":"status-publish","4":"has-post-thumbnail","6":"product_cat-eau-de-cologne-herr","7":"product_cat-kampanje","8":"product_cat-kampanjepris","9":"product_cat-kampanjetilbud-for-ham","10":"pa_brand-mountaineer-brand","11":"berocket_brand-mountaineer-brand","13":"first","14":"instock","15":"sale","16":"taxable","17":"shipping-taxable","18":"purchasable","19":"product-type-simple"},"_links":{"self":[{"href":"https:\/\/stylingagenten.com\/no\/wp-json\/wp\/v2\/product\/402707","targetHints":{"allow":["GET"]}}],"collection":[{"href":"https:\/\/stylingagenten.com\/no\/wp-json\/wp\/v2\/product"}],"about":[{"href":"https:\/\/stylingagenten.com\/no\/wp-json\/wp\/v2\/types\/product"}],"replies":[{"embeddable":true,"href":"https:\/\/stylingagenten.com\/no\/wp-json\/wp\/v2\/comments?post=402707"}],"version-history":[{"count":0,"href":"https:\/\/stylingagenten.com\/no\/wp-json\/wp\/v2\/product\/402707\/revisions"}],"wp:featuredmedia":[{"embeddable":true,"href":"https:\/\/stylingagenten.com\/no\/wp-json\/wp\/v2\/media\/402706"}],"wp:attachment":[{"href":"https:\/\/stylingagenten.com\/no\/wp-json\/wp\/v2\/media?parent=402707"}],"wp:term":[{"taxonomy":"product_brand","embeddable":true,"href":"https:\/\/stylingagenten.com\/no\/wp-json\/wp\/v2\/product_brand?post=402707"},{"taxonomy":"product_cat","embeddable":true,"href":"https:\/\/stylingagenten.com\/no\/wp-json\/wp\/v2\/product_cat?post=402707"},{"taxonomy":"product_tag","embeddable":true,"href":"https:\/\/stylingagenten.com\/no\/wp-json\/wp\/v2\/product_tag?post=402707"},{"taxonomy":"berocket_brand","embeddable":true,"href":"https:\/\/stylingagenten.com\/no\/wp-json\/wp\/v2\/berocket_brand?post=402707"}],"curies":[{"name":"wp","href":"https:\/\/api.w.org\/{rel}","templated":true}]}}