{"id":402679,"date":"2025-05-18T22:53:02","date_gmt":"2025-05-18T22:53:02","guid":{"rendered":"https:\/\/staging2.stylingagenten.com\/no\/produkt\/yves-saint-laurent-y-men-edt-40ml\/"},"modified":"2025-11-19T09:30:59","modified_gmt":"2025-11-19T09:30:59","slug":"yves-saint-laurent-y-men-edt-40ml","status":"publish","type":"product","link":"https:\/\/stylingagenten.com\/no\/produkt\/yves-saint-laurent-y-men-edt-40ml\/","title":{"rendered":"Yves Saint Laurent Y Men Edt 40ml"},"content":{"rendered":"<p>Yves Saint Laurent Y Men Edt 40ml<br \/>Y-mannen: Den kreative og uavhengige mannen.<\/p>\n<p>Y NEW EAU DE TOILETTE fanger et nytt og mer intimt kapittel i historien om Y-mannen, og formidles av Y:s ikoniske ambassad\u00f8r Lenny Kravitz. En fryktl\u00f8s mann som m\u00f8ter alle utfordringer og tror p\u00e5 seg selv. Han utstr\u00e5ler alle opplevelsene som har gjort ham til den han er. Hans motto: For \u00e5 vite hvor du skal, m\u00e5 du vite hvor du kommer fra. Finn r\u00f8ttene dine. Lytt til lydene, opplev f\u00f8lelsene og kjenn luktene som formet deg. Er du ikke det?<\/p>\n<p>Den friske og intenst sexy duften av selvrealisering.<\/p>\n<p>Ny Y EAU DE TOILETTE er en mineralduft med tretoner i kontrast til frisk lavendel og aromatisk salvie fra Provence med en skarp gr\u00f8nt hjerte av geraniumbourbon fra Madagaskar: tre ingredienser laget for YSL BEAUTY. Friskhet matches av varmen fra sensuelle tresorter, sexy ambra og vanedannende r\u00f8kelse. Et nytt niv\u00e5 av intensitet. En ny, bl\u00e5 b\u00f8lge av renhet og sensualitet. Y EAU DE TOILETTE er forfriskende, kraftig og langvarig: 12 timer med eksepsjonell intensitet i en spraypust. Lett \u00e5 bruke. Lett \u00e5 elske. Det er kj\u00f8ligere, varmere og varer lenger enn noen gang.<\/p>\n","protected":false},"excerpt":{"rendered":"<p>Yves Saint Laurent Y Men Edt 40mlY-mannen: Den kreative og uavhengige mannen. Y NEW EAU DE TOILETTE fanger et nytt og mer intimt kapittel i historien om Y-mannen, og formidles av Y:s ikoniske ambassad\u00f8r Lenny Kravitz. En fryktl\u00f8s mann som m\u00f8ter alle utfordringer og tror p\u00e5 seg selv. Han utstr\u00e5ler alle opplevelsene som har gjort [&hellip;]<\/p>\n","protected":false},"featured_media":402675,"comment_status":"open","ping_status":"closed","template":"","meta":{"_trash_the_other_posts":false},"product_brand":[],"product_cat":[1003,709],"product_tag":[],"berocket_brand":[1119],"class_list":{"0":"post-402679","1":"product","2":"type-product","3":"status-publish","4":"has-post-thumbnail","6":"product_cat-bestselgere","7":"product_cat-eau-de-toilette-herre","8":"pa_brand-yves-saint-laurent","9":"berocket_brand-yves-saint-laurent","11":"first","12":"outofstock","13":"taxable","14":"shipping-taxable","15":"purchasable","16":"product-type-simple"},"_links":{"self":[{"href":"https:\/\/stylingagenten.com\/no\/wp-json\/wp\/v2\/product\/402679","targetHints":{"allow":["GET"]}}],"collection":[{"href":"https:\/\/stylingagenten.com\/no\/wp-json\/wp\/v2\/product"}],"about":[{"href":"https:\/\/stylingagenten.com\/no\/wp-json\/wp\/v2\/types\/product"}],"replies":[{"embeddable":true,"href":"https:\/\/stylingagenten.com\/no\/wp-json\/wp\/v2\/comments?post=402679"}],"version-history":[{"count":0,"href":"https:\/\/stylingagenten.com\/no\/wp-json\/wp\/v2\/product\/402679\/revisions"}],"wp:featuredmedia":[{"embeddable":true,"href":"https:\/\/stylingagenten.com\/no\/wp-json\/wp\/v2\/media\/402675"}],"wp:attachment":[{"href":"https:\/\/stylingagenten.com\/no\/wp-json\/wp\/v2\/media?parent=402679"}],"wp:term":[{"taxonomy":"product_brand","embeddable":true,"href":"https:\/\/stylingagenten.com\/no\/wp-json\/wp\/v2\/product_brand?post=402679"},{"taxonomy":"product_cat","embeddable":true,"href":"https:\/\/stylingagenten.com\/no\/wp-json\/wp\/v2\/product_cat?post=402679"},{"taxonomy":"product_tag","embeddable":true,"href":"https:\/\/stylingagenten.com\/no\/wp-json\/wp\/v2\/product_tag?post=402679"},{"taxonomy":"berocket_brand","embeddable":true,"href":"https:\/\/stylingagenten.com\/no\/wp-json\/wp\/v2\/berocket_brand?post=402679"}],"curies":[{"name":"wp","href":"https:\/\/api.w.org\/{rel}","templated":true}]}}