{"id":402605,"date":"2025-05-18T22:52:47","date_gmt":"2025-05-18T22:52:47","guid":{"rendered":"https:\/\/staging2.stylingagenten.com\/no\/produkt\/ralph-lauren-polo-red-for-men-edp-75ml\/"},"modified":"2026-03-28T21:18:47","modified_gmt":"2026-03-28T21:18:47","slug":"ralph-lauren-polo-red-for-men-edp-75ml","status":"publish","type":"product","link":"https:\/\/stylingagenten.com\/no\/produkt\/ralph-lauren-polo-red-for-men-edp-75ml\/","title":{"rendered":"Ralph Lauren Polo Red For Men Edp 75ml"},"content":{"rendered":"<p>Oppdag Ralph Lauren Polo Red Eau de Parfum der forf\u00f8relse og raffinement m\u00f8tes. De rike notene av naturlig tre l\u00f8fter parfymen og Polo Red-kolleksjonen til et nytt, luksuri\u00f8st niv\u00e5. Frisk, r\u00f8d ingef\u00e6r gir et varmt og sensuelt inntrykk, mens aromatisk salvie gir duftens forf\u00f8rende hjerte et maskulint preg.<\/p>\n","protected":false},"excerpt":{"rendered":"<p>Oppdag Ralph Lauren Polo Red Eau de Parfum der forf\u00f8relse og raffinement m\u00f8tes. De rike notene av naturlig tre l\u00f8fter parfymen og Polo Red-kolleksjonen til et nytt, luksuri\u00f8st niv\u00e5. Frisk, r\u00f8d ingef\u00e6r gir et varmt og sensuelt inntrykk, mens aromatisk salvie gir duftens forf\u00f8rende hjerte et maskulint preg.<\/p>\n","protected":false},"featured_media":402597,"comment_status":"open","ping_status":"closed","template":"","meta":{"_trash_the_other_posts":false},"product_brand":[],"product_cat":[1003,708,735,1000],"product_tag":[],"berocket_brand":[1015],"class_list":{"0":"post-402605","1":"product","2":"type-product","3":"status-publish","4":"has-post-thumbnail","6":"product_cat-bestselgere","7":"product_cat-eau-de-parfum-herr","8":"product_cat-kampanje","9":"product_cat-kampanjetilbud-for-ham","10":"pa_brand-ralph-lauren","11":"berocket_brand-ralph-lauren","13":"first","14":"outofstock","15":"sale","16":"taxable","17":"shipping-taxable","18":"purchasable","19":"product-type-simple"},"_links":{"self":[{"href":"https:\/\/stylingagenten.com\/no\/wp-json\/wp\/v2\/product\/402605","targetHints":{"allow":["GET"]}}],"collection":[{"href":"https:\/\/stylingagenten.com\/no\/wp-json\/wp\/v2\/product"}],"about":[{"href":"https:\/\/stylingagenten.com\/no\/wp-json\/wp\/v2\/types\/product"}],"replies":[{"embeddable":true,"href":"https:\/\/stylingagenten.com\/no\/wp-json\/wp\/v2\/comments?post=402605"}],"version-history":[{"count":0,"href":"https:\/\/stylingagenten.com\/no\/wp-json\/wp\/v2\/product\/402605\/revisions"}],"wp:featuredmedia":[{"embeddable":true,"href":"https:\/\/stylingagenten.com\/no\/wp-json\/wp\/v2\/media\/402597"}],"wp:attachment":[{"href":"https:\/\/stylingagenten.com\/no\/wp-json\/wp\/v2\/media?parent=402605"}],"wp:term":[{"taxonomy":"product_brand","embeddable":true,"href":"https:\/\/stylingagenten.com\/no\/wp-json\/wp\/v2\/product_brand?post=402605"},{"taxonomy":"product_cat","embeddable":true,"href":"https:\/\/stylingagenten.com\/no\/wp-json\/wp\/v2\/product_cat?post=402605"},{"taxonomy":"product_tag","embeddable":true,"href":"https:\/\/stylingagenten.com\/no\/wp-json\/wp\/v2\/product_tag?post=402605"},{"taxonomy":"berocket_brand","embeddable":true,"href":"https:\/\/stylingagenten.com\/no\/wp-json\/wp\/v2\/berocket_brand?post=402605"}],"curies":[{"name":"wp","href":"https:\/\/api.w.org\/{rel}","templated":true}]}}