{"id":402471,"date":"2025-05-18T22:52:15","date_gmt":"2025-05-18T22:52:15","guid":{"rendered":"https:\/\/staging2.stylingagenten.com\/no\/produkt\/mont-blanc-explorer-edp-30ml\/"},"modified":"2026-04-13T12:10:24","modified_gmt":"2026-04-13T12:10:24","slug":"mont-blanc-explorer-edp-30ml","status":"publish","type":"product","link":"https:\/\/stylingagenten.com\/no\/produkt\/mont-blanc-explorer-edp-30ml\/","title":{"rendered":"Mont Blanc Explorer Edp 30ml"},"content":{"rendered":"<p>Mont Blanc Explorer Edp \u00e5pner med en ren eleganse av sprudlende italiensk bergamott. Sammen med salvie og pomarose f\u00e5r duften en fin karakter. Et maskulint hjerte av vetiver fra Haiti gir nyanser av lett jordaktig og r\u00f8ykaktig tone. Kombinert med l\u00e6r og sandeltre gir det duften en vidunderlig karisma. Basen tar oss med til Indonesia med skreddersydd patchouli som gir duften en ikonisk signatur. En rik og fortryllende trestruktur med et snev av tobakk. Ambrofix og akigalatre gir varme og dybde, noe som gir oss en sensuell og moderne duft med naturlig eleganse.<\/p>\n<p>30ml<\/p>\n","protected":false},"excerpt":{"rendered":"<p>Mont Blanc Explorer Edp \u00e5pner med en ren eleganse av sprudlende italiensk bergamott. Sammen med salvie og pomarose f\u00e5r duften en fin karakter. Et maskulint hjerte av vetiver fra Haiti gir nyanser av lett jordaktig og r\u00f8ykaktig tone. Kombinert med l\u00e6r og sandeltre gir det duften en vidunderlig karisma. Basen tar oss med til Indonesia [&hellip;]<\/p>\n","protected":false},"featured_media":402459,"comment_status":"open","ping_status":"closed","template":"","meta":{"_trash_the_other_posts":false},"product_brand":[],"product_cat":[708,735,1006,1000],"product_tag":[],"berocket_brand":[1079],"class_list":{"0":"post-402471","1":"product","2":"type-product","3":"status-publish","4":"has-post-thumbnail","6":"product_cat-eau-de-parfum-herr","7":"product_cat-kampanje","8":"product_cat-kampanjepris","9":"product_cat-kampanjetilbud-for-ham","10":"pa_brand-mont-blanc","11":"berocket_brand-mont-blanc","13":"first","14":"instock","15":"sale","16":"taxable","17":"shipping-taxable","18":"purchasable","19":"product-type-simple"},"_links":{"self":[{"href":"https:\/\/stylingagenten.com\/no\/wp-json\/wp\/v2\/product\/402471","targetHints":{"allow":["GET"]}}],"collection":[{"href":"https:\/\/stylingagenten.com\/no\/wp-json\/wp\/v2\/product"}],"about":[{"href":"https:\/\/stylingagenten.com\/no\/wp-json\/wp\/v2\/types\/product"}],"replies":[{"embeddable":true,"href":"https:\/\/stylingagenten.com\/no\/wp-json\/wp\/v2\/comments?post=402471"}],"version-history":[{"count":0,"href":"https:\/\/stylingagenten.com\/no\/wp-json\/wp\/v2\/product\/402471\/revisions"}],"wp:featuredmedia":[{"embeddable":true,"href":"https:\/\/stylingagenten.com\/no\/wp-json\/wp\/v2\/media\/402459"}],"wp:attachment":[{"href":"https:\/\/stylingagenten.com\/no\/wp-json\/wp\/v2\/media?parent=402471"}],"wp:term":[{"taxonomy":"product_brand","embeddable":true,"href":"https:\/\/stylingagenten.com\/no\/wp-json\/wp\/v2\/product_brand?post=402471"},{"taxonomy":"product_cat","embeddable":true,"href":"https:\/\/stylingagenten.com\/no\/wp-json\/wp\/v2\/product_cat?post=402471"},{"taxonomy":"product_tag","embeddable":true,"href":"https:\/\/stylingagenten.com\/no\/wp-json\/wp\/v2\/product_tag?post=402471"},{"taxonomy":"berocket_brand","embeddable":true,"href":"https:\/\/stylingagenten.com\/no\/wp-json\/wp\/v2\/berocket_brand?post=402471"}],"curies":[{"name":"wp","href":"https:\/\/api.w.org\/{rel}","templated":true}]}}