{"id":402422,"date":"2025-05-18T22:52:03","date_gmt":"2025-05-18T22:52:03","guid":{"rendered":"https:\/\/staging2.stylingagenten.com\/no\/produkt\/lattafa-hayaati-edp-100ml\/"},"modified":"2026-04-10T10:46:33","modified_gmt":"2026-04-10T10:46:33","slug":"lattafa-hayaati-edp-100ml","status":"publish","type":"product","link":"https:\/\/stylingagenten.com\/no\/produkt\/lattafa-hayaati-edp-100ml\/","title":{"rendered":"Lattafa Hayaati Edp 100ml"},"content":{"rendered":"<p>En ny dag, nye muligheter. Eau de Parfum Lattafa Hayaati frisker opp sinnet og f\u00e5r deg til \u00e5 f\u00f8lge instinktene dine. Se frem til daglige eventyr.<\/p>\n<p>Toppnoter: Eple, Bergamot<br \/>Hjertenoter: Kanel, Orientalske tresorter<br \/>Basenoter: Musk, Vanilje<\/p>\n<p>100ml<\/p>\n","protected":false},"excerpt":{"rendered":"<p>En ny dag, nye muligheter. Eau de Parfum Lattafa Hayaati frisker opp sinnet og f\u00e5r deg til \u00e5 f\u00f8lge instinktene dine. Se frem til daglige eventyr. Toppnoter: Eple, BergamotHjertenoter: Kanel, Orientalske tresorterBasenoter: Musk, Vanilje 100ml<\/p>\n","protected":false},"featured_media":402418,"comment_status":"open","ping_status":"closed","template":"","meta":{"_trash_the_other_posts":false},"product_brand":[],"product_cat":[729],"product_tag":[],"berocket_brand":[1414],"class_list":{"0":"post-402422","1":"product","2":"type-product","3":"status-publish","4":"has-post-thumbnail","6":"product_cat-eau-de-parfum-unisex","7":"pa_brand-lattafa","8":"berocket_brand-lattafa","10":"first","11":"instock","12":"sale","13":"taxable","14":"shipping-taxable","15":"purchasable","16":"product-type-simple"},"_links":{"self":[{"href":"https:\/\/stylingagenten.com\/no\/wp-json\/wp\/v2\/product\/402422","targetHints":{"allow":["GET"]}}],"collection":[{"href":"https:\/\/stylingagenten.com\/no\/wp-json\/wp\/v2\/product"}],"about":[{"href":"https:\/\/stylingagenten.com\/no\/wp-json\/wp\/v2\/types\/product"}],"replies":[{"embeddable":true,"href":"https:\/\/stylingagenten.com\/no\/wp-json\/wp\/v2\/comments?post=402422"}],"version-history":[{"count":0,"href":"https:\/\/stylingagenten.com\/no\/wp-json\/wp\/v2\/product\/402422\/revisions"}],"wp:featuredmedia":[{"embeddable":true,"href":"https:\/\/stylingagenten.com\/no\/wp-json\/wp\/v2\/media\/402418"}],"wp:attachment":[{"href":"https:\/\/stylingagenten.com\/no\/wp-json\/wp\/v2\/media?parent=402422"}],"wp:term":[{"taxonomy":"product_brand","embeddable":true,"href":"https:\/\/stylingagenten.com\/no\/wp-json\/wp\/v2\/product_brand?post=402422"},{"taxonomy":"product_cat","embeddable":true,"href":"https:\/\/stylingagenten.com\/no\/wp-json\/wp\/v2\/product_cat?post=402422"},{"taxonomy":"product_tag","embeddable":true,"href":"https:\/\/stylingagenten.com\/no\/wp-json\/wp\/v2\/product_tag?post=402422"},{"taxonomy":"berocket_brand","embeddable":true,"href":"https:\/\/stylingagenten.com\/no\/wp-json\/wp\/v2\/berocket_brand?post=402422"}],"curies":[{"name":"wp","href":"https:\/\/api.w.org\/{rel}","templated":true}]}}