{"id":402357,"date":"2025-05-18T22:51:47","date_gmt":"2025-05-18T22:51:47","guid":{"rendered":"https:\/\/staging2.stylingagenten.com\/no\/produkt\/acqua-di-parma-colonia-intensa-edc-50ml\/"},"modified":"2026-03-30T13:33:56","modified_gmt":"2026-03-30T13:33:56","slug":"acqua-di-parma-colonia-intensa-edc-50ml","status":"publish","type":"product","link":"https:\/\/stylingagenten.com\/no\/produkt\/acqua-di-parma-colonia-intensa-edc-50ml\/","title":{"rendered":"Acqua Di Parma Colonia Intensa Edc 50ml"},"content":{"rendered":"<p>Acqua Di Parma Colonia Intensa er en parfyme med en tradisjonell sitrusduft og et hint av ingef\u00e6r. Duften g\u00e5r videre til et mer krydret innslag av tre og l\u00e6r, som gir en maskulin touch til denne deilige parfymen.<\/p>\n<p><strong>Duftnoter:<\/strong> sitrusnoter, bergamott, sitron, ingef\u00e6r , myrt- og l\u00e6rduftende base.<\/p>\n","protected":false},"excerpt":{"rendered":"<p>Acqua Di Parma Colonia Intensa er en parfyme med en tradisjonell sitrusduft og et hint av ingef\u00e6r. Duften g\u00e5r videre til et mer krydret innslag av tre og l\u00e6r, som gir en maskulin touch til denne deilige parfymen. Duftnoter: sitrusnoter, bergamott, sitron, ingef\u00e6r , myrt- og l\u00e6rduftende base.<\/p>\n","protected":false},"featured_media":402354,"comment_status":"open","ping_status":"closed","template":"","meta":{"_trash_the_other_posts":false},"product_brand":[],"product_cat":[710,735,1006,1000],"product_tag":[],"berocket_brand":[1161],"class_list":{"0":"post-402357","1":"product","2":"type-product","3":"status-publish","4":"has-post-thumbnail","6":"product_cat-eau-de-cologne-herr","7":"product_cat-kampanje","8":"product_cat-kampanjepris","9":"product_cat-kampanjetilbud-for-ham","10":"pa_brand-acqua-di-parma","11":"berocket_brand-acqua-di-parma","13":"first","14":"instock","15":"sale","16":"taxable","17":"shipping-taxable","18":"purchasable","19":"product-type-simple"},"_links":{"self":[{"href":"https:\/\/stylingagenten.com\/no\/wp-json\/wp\/v2\/product\/402357","targetHints":{"allow":["GET"]}}],"collection":[{"href":"https:\/\/stylingagenten.com\/no\/wp-json\/wp\/v2\/product"}],"about":[{"href":"https:\/\/stylingagenten.com\/no\/wp-json\/wp\/v2\/types\/product"}],"replies":[{"embeddable":true,"href":"https:\/\/stylingagenten.com\/no\/wp-json\/wp\/v2\/comments?post=402357"}],"version-history":[{"count":0,"href":"https:\/\/stylingagenten.com\/no\/wp-json\/wp\/v2\/product\/402357\/revisions"}],"wp:featuredmedia":[{"embeddable":true,"href":"https:\/\/stylingagenten.com\/no\/wp-json\/wp\/v2\/media\/402354"}],"wp:attachment":[{"href":"https:\/\/stylingagenten.com\/no\/wp-json\/wp\/v2\/media?parent=402357"}],"wp:term":[{"taxonomy":"product_brand","embeddable":true,"href":"https:\/\/stylingagenten.com\/no\/wp-json\/wp\/v2\/product_brand?post=402357"},{"taxonomy":"product_cat","embeddable":true,"href":"https:\/\/stylingagenten.com\/no\/wp-json\/wp\/v2\/product_cat?post=402357"},{"taxonomy":"product_tag","embeddable":true,"href":"https:\/\/stylingagenten.com\/no\/wp-json\/wp\/v2\/product_tag?post=402357"},{"taxonomy":"berocket_brand","embeddable":true,"href":"https:\/\/stylingagenten.com\/no\/wp-json\/wp\/v2\/berocket_brand?post=402357"}],"curies":[{"name":"wp","href":"https:\/\/api.w.org\/{rel}","templated":true}]}}