{"id":402332,"date":"2025-05-18T22:51:39","date_gmt":"2025-05-18T22:51:39","guid":{"rendered":"https:\/\/staging2.stylingagenten.com\/no\/produkt\/revlon-charlie-silver-edt-100ml\/"},"modified":"2026-04-13T08:38:37","modified_gmt":"2026-04-13T08:38:37","slug":"revlon-charlie-silver-edt-100ml","status":"publish","type":"product","link":"https:\/\/stylingagenten.com\/no\/produkt\/revlon-charlie-silver-edt-100ml\/","title":{"rendered":"Revlon Charlie Silver Edt 100ml"},"content":{"rendered":"<p>Revlon Charlie Silver er en floral, fruktig og frisk duft som passer kvinner i alle aldre. Parfymen er utmerket for bruk p\u00e5 dagtid hele \u00e5ret.<\/p>\n<p><strong>Duftnoter:<\/strong> fersken, p\u00e6re, aprikos, lime, liljekonvall, magnolia og amp; musk.<\/p>\n","protected":false},"excerpt":{"rendered":"<p>Revlon Charlie Silver er en floral, fruktig og frisk duft som passer kvinner i alle aldre. Parfymen er utmerket for bruk p\u00e5 dagtid hele \u00e5ret. Duftnoter: fersken, p\u00e6re, aprikos, lime, liljekonvall, magnolia og amp; musk.<\/p>\n","protected":false},"featured_media":402328,"comment_status":"open","ping_status":"closed","template":"","meta":{"_trash_the_other_posts":false},"product_brand":[],"product_cat":[1003,707,1006,979],"product_tag":[],"berocket_brand":[1040],"class_list":{"0":"post-402332","1":"product","2":"type-product","3":"status-publish","4":"has-post-thumbnail","6":"product_cat-bestselgere","7":"product_cat-eau-de-toilette-dame","8":"product_cat-kampanjepris","9":"product_cat-revlon-charlie","10":"pa_brand-revlon","11":"berocket_brand-revlon","13":"first","14":"instock","15":"sale","16":"taxable","17":"shipping-taxable","18":"purchasable","19":"product-type-simple"},"_links":{"self":[{"href":"https:\/\/stylingagenten.com\/no\/wp-json\/wp\/v2\/product\/402332","targetHints":{"allow":["GET"]}}],"collection":[{"href":"https:\/\/stylingagenten.com\/no\/wp-json\/wp\/v2\/product"}],"about":[{"href":"https:\/\/stylingagenten.com\/no\/wp-json\/wp\/v2\/types\/product"}],"replies":[{"embeddable":true,"href":"https:\/\/stylingagenten.com\/no\/wp-json\/wp\/v2\/comments?post=402332"}],"version-history":[{"count":0,"href":"https:\/\/stylingagenten.com\/no\/wp-json\/wp\/v2\/product\/402332\/revisions"}],"wp:featuredmedia":[{"embeddable":true,"href":"https:\/\/stylingagenten.com\/no\/wp-json\/wp\/v2\/media\/402328"}],"wp:attachment":[{"href":"https:\/\/stylingagenten.com\/no\/wp-json\/wp\/v2\/media?parent=402332"}],"wp:term":[{"taxonomy":"product_brand","embeddable":true,"href":"https:\/\/stylingagenten.com\/no\/wp-json\/wp\/v2\/product_brand?post=402332"},{"taxonomy":"product_cat","embeddable":true,"href":"https:\/\/stylingagenten.com\/no\/wp-json\/wp\/v2\/product_cat?post=402332"},{"taxonomy":"product_tag","embeddable":true,"href":"https:\/\/stylingagenten.com\/no\/wp-json\/wp\/v2\/product_tag?post=402332"},{"taxonomy":"berocket_brand","embeddable":true,"href":"https:\/\/stylingagenten.com\/no\/wp-json\/wp\/v2\/berocket_brand?post=402332"}],"curies":[{"name":"wp","href":"https:\/\/api.w.org\/{rel}","templated":true}]}}