{"id":402287,"date":"2025-05-18T22:51:26","date_gmt":"2025-05-18T22:51:26","guid":{"rendered":"https:\/\/staging2.stylingagenten.com\/no\/produkt\/marc-jacobs-daisy-dream-edt-50ml\/"},"modified":"2026-04-09T10:38:48","modified_gmt":"2026-04-09T10:38:48","slug":"marc-jacobs-daisy-dream-edt-50ml","status":"publish","type":"product","link":"https:\/\/stylingagenten.com\/no\/produkt\/marc-jacobs-daisy-dream-edt-50ml\/","title":{"rendered":"Marc Jacobs Daisy Dream Edt 50ml"},"content":{"rendered":"<p>Marc Jacobs Daisy Dream er en fruktig og floral duft som passer den sofistikerte og elegante kvinnen.<\/p>\n<p><strong>Duftnoter:<\/strong> p\u00e6re, grapefrukt, p\u00e6re, sjasmin, litchi, bl\u00e5regn, hvitt tre, musk &amp; kokosvann.<\/p>\n","protected":false},"excerpt":{"rendered":"<p>Marc Jacobs Daisy Dream er en fruktig og floral duft som passer den sofistikerte og elegante kvinnen. Duftnoter: p\u00e6re, grapefrukt, p\u00e6re, sjasmin, litchi, bl\u00e5regn, hvitt tre, musk &amp; kokosvann.<\/p>\n","protected":false},"featured_media":402286,"comment_status":"open","ping_status":"closed","template":"","meta":{"_trash_the_other_posts":false},"product_brand":[],"product_cat":[707,735,1006,999,959],"product_tag":[3375],"berocket_brand":[1069],"class_list":{"0":"post-402287","1":"product","2":"type-product","3":"status-publish","4":"has-post-thumbnail","6":"product_cat-eau-de-toilette-dame","7":"product_cat-kampanje","8":"product_cat-kampanjepris","9":"product_cat-kampanjetilbud-for-henne","10":"product_cat-marc-jacobs-daisy","11":"product_tag-marc-jacobs-daisy-dream-edt","12":"pa_brand-marc-jacobs","13":"pa_variant-50ml","14":"berocket_brand-marc-jacobs","16":"first","17":"instock","18":"sale","19":"taxable","20":"shipping-taxable","21":"purchasable","22":"product-type-simple"},"_links":{"self":[{"href":"https:\/\/stylingagenten.com\/no\/wp-json\/wp\/v2\/product\/402287","targetHints":{"allow":["GET"]}}],"collection":[{"href":"https:\/\/stylingagenten.com\/no\/wp-json\/wp\/v2\/product"}],"about":[{"href":"https:\/\/stylingagenten.com\/no\/wp-json\/wp\/v2\/types\/product"}],"replies":[{"embeddable":true,"href":"https:\/\/stylingagenten.com\/no\/wp-json\/wp\/v2\/comments?post=402287"}],"version-history":[{"count":0,"href":"https:\/\/stylingagenten.com\/no\/wp-json\/wp\/v2\/product\/402287\/revisions"}],"wp:featuredmedia":[{"embeddable":true,"href":"https:\/\/stylingagenten.com\/no\/wp-json\/wp\/v2\/media\/402286"}],"wp:attachment":[{"href":"https:\/\/stylingagenten.com\/no\/wp-json\/wp\/v2\/media?parent=402287"}],"wp:term":[{"taxonomy":"product_brand","embeddable":true,"href":"https:\/\/stylingagenten.com\/no\/wp-json\/wp\/v2\/product_brand?post=402287"},{"taxonomy":"product_cat","embeddable":true,"href":"https:\/\/stylingagenten.com\/no\/wp-json\/wp\/v2\/product_cat?post=402287"},{"taxonomy":"product_tag","embeddable":true,"href":"https:\/\/stylingagenten.com\/no\/wp-json\/wp\/v2\/product_tag?post=402287"},{"taxonomy":"berocket_brand","embeddable":true,"href":"https:\/\/stylingagenten.com\/no\/wp-json\/wp\/v2\/berocket_brand?post=402287"}],"curies":[{"name":"wp","href":"https:\/\/api.w.org\/{rel}","templated":true}]}}