{"id":402285,"date":"2025-05-18T22:51:26","date_gmt":"2025-05-18T22:51:26","guid":{"rendered":"https:\/\/staging2.stylingagenten.com\/no\/produkt\/oscar-de-la-renta-extraordinary-edp-90ml\/"},"modified":"2026-03-11T21:51:31","modified_gmt":"2026-03-11T21:51:31","slug":"oscar-de-la-renta-extraordinary-edp-90ml","status":"publish","type":"product","link":"https:\/\/stylingagenten.com\/no\/produkt\/oscar-de-la-renta-extraordinary-edp-90ml\/","title":{"rendered":"Oscar de la Renta Extraordinary Edp 90ml"},"content":{"rendered":"<p>Oscar de la Renta Extraordinary er en tidl\u00f8s duft som passer den moderne kvinnen. Den er uimotst\u00e5elig og sensuell med en distinkt personlighet.<\/p>\n<p><strong>Duftnoter:<\/strong> sitrus, neroli, kirseb\u00e6rblomster, peon, magnolia, roser, vaniljeorkide, hvite tresorter. ;stroke &amp; rav.<\/p>\n","protected":false},"excerpt":{"rendered":"<p>Oscar de la Renta Extraordinary er en tidl\u00f8s duft som passer den moderne kvinnen. Den er uimotst\u00e5elig og sensuell med en distinkt personlighet. Duftnoter: sitrus, neroli, kirseb\u00e6rblomster, peon, magnolia, roser, vaniljeorkide, hvite tresorter. ;stroke &amp; rav.<\/p>\n","protected":false},"featured_media":402279,"comment_status":"open","ping_status":"closed","template":"","meta":{"_trash_the_other_posts":false},"product_brand":[],"product_cat":[706,735,1006,999],"product_tag":[],"berocket_brand":[1047],"class_list":{"0":"post-402285","1":"product","2":"type-product","3":"status-publish","4":"has-post-thumbnail","6":"product_cat-eau-de-parfum-dame","7":"product_cat-kampanje","8":"product_cat-kampanjepris","9":"product_cat-kampanjetilbud-for-henne","10":"pa_brand-oscar-de-la-renta","11":"berocket_brand-oscar-de-la-renta","13":"first","14":"instock","15":"sale","16":"taxable","17":"shipping-taxable","18":"purchasable","19":"product-type-simple"},"_links":{"self":[{"href":"https:\/\/stylingagenten.com\/no\/wp-json\/wp\/v2\/product\/402285","targetHints":{"allow":["GET"]}}],"collection":[{"href":"https:\/\/stylingagenten.com\/no\/wp-json\/wp\/v2\/product"}],"about":[{"href":"https:\/\/stylingagenten.com\/no\/wp-json\/wp\/v2\/types\/product"}],"replies":[{"embeddable":true,"href":"https:\/\/stylingagenten.com\/no\/wp-json\/wp\/v2\/comments?post=402285"}],"version-history":[{"count":0,"href":"https:\/\/stylingagenten.com\/no\/wp-json\/wp\/v2\/product\/402285\/revisions"}],"wp:featuredmedia":[{"embeddable":true,"href":"https:\/\/stylingagenten.com\/no\/wp-json\/wp\/v2\/media\/402279"}],"wp:attachment":[{"href":"https:\/\/stylingagenten.com\/no\/wp-json\/wp\/v2\/media?parent=402285"}],"wp:term":[{"taxonomy":"product_brand","embeddable":true,"href":"https:\/\/stylingagenten.com\/no\/wp-json\/wp\/v2\/product_brand?post=402285"},{"taxonomy":"product_cat","embeddable":true,"href":"https:\/\/stylingagenten.com\/no\/wp-json\/wp\/v2\/product_cat?post=402285"},{"taxonomy":"product_tag","embeddable":true,"href":"https:\/\/stylingagenten.com\/no\/wp-json\/wp\/v2\/product_tag?post=402285"},{"taxonomy":"berocket_brand","embeddable":true,"href":"https:\/\/stylingagenten.com\/no\/wp-json\/wp\/v2\/berocket_brand?post=402285"}],"curies":[{"name":"wp","href":"https:\/\/api.w.org\/{rel}","templated":true}]}}