{"id":402209,"date":"2025-05-18T22:50:57","date_gmt":"2025-05-18T22:50:57","guid":{"rendered":"https:\/\/staging2.stylingagenten.com\/no\/produkt\/guess-1981-femme-edt-100ml\/"},"modified":"2026-03-17T13:37:44","modified_gmt":"2026-03-17T13:37:44","slug":"guess-1981-femme-edt-100ml","status":"publish","type":"product","link":"https:\/\/stylingagenten.com\/no\/produkt\/guess-1981-femme-edt-100ml\/","title":{"rendered":"Guess 1981 Femme edt 100ml"},"content":{"rendered":"<p style='margin-top:0cm;margin-right:0cm;margin-bottom:8.0pt;margin-left:0cm;font-size:15px;font-family:\"Calibri\",sans-serif'> I l\u00f8pet av v\u00e5ren 2017 presenterte Guess sin nye duft Guess 1981 som den mest forlokkende og mest sensuelle duften til dags dato fra duftkolleksjonen. Sofistikert, elegant og grasi\u00f8s, Guess 1981 lover henne en duft med skarpe og rene toppnoter, fruktig blomstret hjerte og en treaktig musky base.<\/p>\n<p>Guess 1981 presenteres i en bl\u00e5gr\u00f8nn flaske. Som navnet antyder, har Guess 1981 som m\u00e5l \u00e5 hylle \u00e5ret for opprettelsen av Guess-merket.<\/p>\n<p style='margin: 0cm 0cm 8pt;font-family: \"Calibri\", sans-serif'>Toppnoter: Ambrette fr&ouml;, Fiolett.<br \/>Hjertenoter: P&auml;Jasmine, Sandalwood&auml;.<br \/>Basinoter: Cedarwood&auml;, Musk, B&auml; .<\/p>\n<p><span style=\"font-size: 11.0pt;line-height: 107%;font-family: 'Calibri',sans-serif\">&nbsp;<\/span><\/p>\n","protected":false},"excerpt":{"rendered":"<p>I l\u00f8pet av v\u00e5ren 2017 presenterte Guess sin nye duft Guess 1981 som den mest forlokkende og mest sensuelle duften til dags dato fra duftkolleksjonen. Sofistikert, elegant og grasi\u00f8s, Guess 1981 lover henne en duft med skarpe og rene toppnoter, fruktig blomstret hjerte og en treaktig musky base. Guess 1981 presenteres i en bl\u00e5gr\u00f8nn flaske. [&hellip;]<\/p>\n","protected":false},"featured_media":402202,"comment_status":"open","ping_status":"closed","template":"","meta":{"_trash_the_other_posts":false},"product_brand":[],"product_cat":[707,735,999],"product_tag":[],"berocket_brand":[1331],"class_list":{"0":"post-402209","1":"product","2":"type-product","3":"status-publish","4":"has-post-thumbnail","6":"product_cat-eau-de-toilette-dame","7":"product_cat-kampanje","8":"product_cat-kampanjetilbud-for-henne","9":"pa_brand-guess","10":"berocket_brand-guess","12":"first","13":"instock","14":"sale","15":"taxable","16":"shipping-taxable","17":"purchasable","18":"product-type-simple"},"_links":{"self":[{"href":"https:\/\/stylingagenten.com\/no\/wp-json\/wp\/v2\/product\/402209","targetHints":{"allow":["GET"]}}],"collection":[{"href":"https:\/\/stylingagenten.com\/no\/wp-json\/wp\/v2\/product"}],"about":[{"href":"https:\/\/stylingagenten.com\/no\/wp-json\/wp\/v2\/types\/product"}],"replies":[{"embeddable":true,"href":"https:\/\/stylingagenten.com\/no\/wp-json\/wp\/v2\/comments?post=402209"}],"version-history":[{"count":0,"href":"https:\/\/stylingagenten.com\/no\/wp-json\/wp\/v2\/product\/402209\/revisions"}],"wp:featuredmedia":[{"embeddable":true,"href":"https:\/\/stylingagenten.com\/no\/wp-json\/wp\/v2\/media\/402202"}],"wp:attachment":[{"href":"https:\/\/stylingagenten.com\/no\/wp-json\/wp\/v2\/media?parent=402209"}],"wp:term":[{"taxonomy":"product_brand","embeddable":true,"href":"https:\/\/stylingagenten.com\/no\/wp-json\/wp\/v2\/product_brand?post=402209"},{"taxonomy":"product_cat","embeddable":true,"href":"https:\/\/stylingagenten.com\/no\/wp-json\/wp\/v2\/product_cat?post=402209"},{"taxonomy":"product_tag","embeddable":true,"href":"https:\/\/stylingagenten.com\/no\/wp-json\/wp\/v2\/product_tag?post=402209"},{"taxonomy":"berocket_brand","embeddable":true,"href":"https:\/\/stylingagenten.com\/no\/wp-json\/wp\/v2\/berocket_brand?post=402209"}],"curies":[{"name":"wp","href":"https:\/\/api.w.org\/{rel}","templated":true}]}}