{"id":402168,"date":"2025-05-18T22:50:41","date_gmt":"2025-05-18T22:50:41","guid":{"rendered":"https:\/\/staging2.stylingagenten.com\/no\/produkt\/elizabeth-arden-green-tea-lotus-edt-100ml\/"},"modified":"2026-04-06T14:28:44","modified_gmt":"2026-04-06T14:28:44","slug":"elizabeth-arden-green-tea-lotus-edt-100ml","status":"publish","type":"product","link":"https:\/\/stylingagenten.com\/no\/produkt\/elizabeth-arden-green-tea-lotus-edt-100ml\/","title":{"rendered":"Elizabeth Arden Green Tea Lotus edt 100ml"},"content":{"rendered":"<p style='margin-top:0cm;margin-right:0cm;margin-bottom:8.0pt;margin-left:0cm;font-size:15px;font-family:\"Calibri\",sans-serif'> Med et litt eksotisk preg og inspirasjon fra Japan, er Elizabeth Arden Green Tea Lotus en gr\u00f8nn, floral og fruktig parfyme med en frisk duft for kvinnen som utstr\u00e5ler ro og kj\u00f8lighet. S\u00f8t plomme, eksotisk Yuzu og asiatisk lilje fyller parfymen med en duft du ikke finner andre steder. En duft som beroliger sansene, som etterlater deg avslappet og uthvilt.<\/p>\n<p style='margin: 0cm 0cm 8pt;font-family: \"Calibri\", sans-serif'>Toppnoter: Plomme, Kirseb\u00e6rblomst, Yuzu.<br \/>Hjertenoter: Gr\u00f8nn te, Osmanthus, Lotus, Lily.<br \/>Basinoter: Musk , Bj&ouml;rk .<\/p>\n","protected":false},"excerpt":{"rendered":"<p>Med et litt eksotisk preg og inspirasjon fra Japan, er Elizabeth Arden Green Tea Lotus en gr\u00f8nn, floral og fruktig parfyme med en frisk duft for kvinnen som utstr\u00e5ler ro og kj\u00f8lighet. S\u00f8t plomme, eksotisk Yuzu og asiatisk lilje fyller parfymen med en duft du ikke finner andre steder. En duft som beroliger sansene, som [&hellip;]<\/p>\n","protected":false},"featured_media":402165,"comment_status":"open","ping_status":"closed","template":"","meta":{"_trash_the_other_posts":false},"product_brand":[],"product_cat":[1003,707,759,735,1006,999],"product_tag":[],"berocket_brand":[1303],"class_list":{"0":"post-402168","1":"product","2":"type-product","3":"status-publish","4":"has-post-thumbnail","6":"product_cat-bestselgere","7":"product_cat-eau-de-toilette-dame","8":"product_cat-elizabeth-arden-green-tea","9":"product_cat-kampanje","10":"product_cat-kampanjepris","11":"product_cat-kampanjetilbud-for-henne","12":"pa_brand-elizabeth-arden","13":"berocket_brand-elizabeth-arden","15":"first","16":"instock","17":"sale","18":"taxable","19":"shipping-taxable","20":"purchasable","21":"product-type-simple"},"_links":{"self":[{"href":"https:\/\/stylingagenten.com\/no\/wp-json\/wp\/v2\/product\/402168","targetHints":{"allow":["GET"]}}],"collection":[{"href":"https:\/\/stylingagenten.com\/no\/wp-json\/wp\/v2\/product"}],"about":[{"href":"https:\/\/stylingagenten.com\/no\/wp-json\/wp\/v2\/types\/product"}],"replies":[{"embeddable":true,"href":"https:\/\/stylingagenten.com\/no\/wp-json\/wp\/v2\/comments?post=402168"}],"version-history":[{"count":0,"href":"https:\/\/stylingagenten.com\/no\/wp-json\/wp\/v2\/product\/402168\/revisions"}],"wp:featuredmedia":[{"embeddable":true,"href":"https:\/\/stylingagenten.com\/no\/wp-json\/wp\/v2\/media\/402165"}],"wp:attachment":[{"href":"https:\/\/stylingagenten.com\/no\/wp-json\/wp\/v2\/media?parent=402168"}],"wp:term":[{"taxonomy":"product_brand","embeddable":true,"href":"https:\/\/stylingagenten.com\/no\/wp-json\/wp\/v2\/product_brand?post=402168"},{"taxonomy":"product_cat","embeddable":true,"href":"https:\/\/stylingagenten.com\/no\/wp-json\/wp\/v2\/product_cat?post=402168"},{"taxonomy":"product_tag","embeddable":true,"href":"https:\/\/stylingagenten.com\/no\/wp-json\/wp\/v2\/product_tag?post=402168"},{"taxonomy":"berocket_brand","embeddable":true,"href":"https:\/\/stylingagenten.com\/no\/wp-json\/wp\/v2\/berocket_brand?post=402168"}],"curies":[{"name":"wp","href":"https:\/\/api.w.org\/{rel}","templated":true}]}}