{"id":402154,"date":"2025-05-18T22:50:35","date_gmt":"2025-05-18T22:50:35","guid":{"rendered":"https:\/\/staging2.stylingagenten.com\/no\/produkt\/giorgio-beverly-hills-g-edp-90ml\/"},"modified":"2026-03-26T16:28:52","modified_gmt":"2026-03-26T16:28:52","slug":"giorgio-beverly-hills-g-edp-90ml","status":"publish","type":"product","link":"https:\/\/stylingagenten.com\/no\/produkt\/giorgio-beverly-hills-g-edp-90ml\/","title":{"rendered":"Giorgio Beverly Hills G edp 90ml"},"content":{"rendered":"<p style='margin-top:0cm;margin-right:0cm;margin-bottom:8.0pt;margin-left:0cm;font-size:15px;font-family:\"Calibri\",sans-serif'> G av Giorgio Beverly Hills ble introdusert i 1999 og har siden den gang v\u00e6rt en parfyme som formidler en f\u00f8lelse av eleganse og femininitet. Duften er fruktig, floral og frisk. Perfekt \u00e5 bruke som dagduft. Aromaer av melon, ingef\u00e6r og sandeltre; blandet med friske toner av grapefrukt og orkide for \u00e5 skape en glamor\u00f8s og luksuri\u00f8s duft som passer til alle anledninger p\u00e5 dagen!<\/p>\n<p style='margin: 0cm 0cm 8pt;font-family: \"Calibri\", sans-serif'>Toppnoter: Ananas, honningmelon og grapefrukt.<br \/>Hjertenoter: Ingef\u00e6r, orkide&eacute; og fersken.<br \/>Basenoter: Sandeltre, Vetiver.<\/p>\n","protected":false},"excerpt":{"rendered":"<p>G av Giorgio Beverly Hills ble introdusert i 1999 og har siden den gang v\u00e6rt en parfyme som formidler en f\u00f8lelse av eleganse og femininitet. Duften er fruktig, floral og frisk. Perfekt \u00e5 bruke som dagduft. Aromaer av melon, ingef\u00e6r og sandeltre; blandet med friske toner av grapefrukt og orkide for \u00e5 skape en glamor\u00f8s [&hellip;]<\/p>\n","protected":false},"featured_media":402153,"comment_status":"open","ping_status":"closed","template":"","meta":{"_trash_the_other_posts":false},"product_brand":[],"product_cat":[706,851,735,1006,999],"product_tag":[],"berocket_brand":[1325],"class_list":{"0":"post-402154","1":"product","2":"type-product","3":"status-publish","4":"has-post-thumbnail","6":"product_cat-eau-de-parfum-dame","7":"product_cat-giorgio-beverly-hills-giorgio","8":"product_cat-kampanje","9":"product_cat-kampanjepris","10":"product_cat-kampanjetilbud-for-henne","11":"pa_brand-giorgio-beverly-hills","12":"berocket_brand-giorgio-beverly-hills","14":"first","15":"instock","16":"sale","17":"taxable","18":"shipping-taxable","19":"purchasable","20":"product-type-simple"},"_links":{"self":[{"href":"https:\/\/stylingagenten.com\/no\/wp-json\/wp\/v2\/product\/402154","targetHints":{"allow":["GET"]}}],"collection":[{"href":"https:\/\/stylingagenten.com\/no\/wp-json\/wp\/v2\/product"}],"about":[{"href":"https:\/\/stylingagenten.com\/no\/wp-json\/wp\/v2\/types\/product"}],"replies":[{"embeddable":true,"href":"https:\/\/stylingagenten.com\/no\/wp-json\/wp\/v2\/comments?post=402154"}],"version-history":[{"count":0,"href":"https:\/\/stylingagenten.com\/no\/wp-json\/wp\/v2\/product\/402154\/revisions"}],"wp:featuredmedia":[{"embeddable":true,"href":"https:\/\/stylingagenten.com\/no\/wp-json\/wp\/v2\/media\/402153"}],"wp:attachment":[{"href":"https:\/\/stylingagenten.com\/no\/wp-json\/wp\/v2\/media?parent=402154"}],"wp:term":[{"taxonomy":"product_brand","embeddable":true,"href":"https:\/\/stylingagenten.com\/no\/wp-json\/wp\/v2\/product_brand?post=402154"},{"taxonomy":"product_cat","embeddable":true,"href":"https:\/\/stylingagenten.com\/no\/wp-json\/wp\/v2\/product_cat?post=402154"},{"taxonomy":"product_tag","embeddable":true,"href":"https:\/\/stylingagenten.com\/no\/wp-json\/wp\/v2\/product_tag?post=402154"},{"taxonomy":"berocket_brand","embeddable":true,"href":"https:\/\/stylingagenten.com\/no\/wp-json\/wp\/v2\/berocket_brand?post=402154"}],"curies":[{"name":"wp","href":"https:\/\/api.w.org\/{rel}","templated":true}]}}