{"id":401976,"date":"2025-05-18T22:49:05","date_gmt":"2025-05-18T22:49:05","guid":{"rendered":"https:\/\/staging2.stylingagenten.com\/no\/produkt\/burberry-brit-for-her-edt-50ml\/"},"modified":"2026-03-11T21:57:22","modified_gmt":"2026-03-11T21:57:22","slug":"burberry-brit-for-her-edt-50ml","status":"publish","type":"product","link":"https:\/\/stylingagenten.com\/no\/produkt\/burberry-brit-for-her-edt-50ml\/","title":{"rendered":"Burberry Brit For Her Edt 50ml"},"content":{"rendered":"<p>Burberry Brit for kvinner er en gr\u00f8nn, orientalsk duft som har en overraskende blanding av s\u00f8dme og krydret.Brit inneholder friske og lekne toppnoter av italiensk lime, p\u00e6re og mandel. S\u00f8dmen kommer frem gjennom sukkerholdig mandel og duftende peon.<br \/>Duften forsterkes av varmen fra rav og mahogni, som tempereres av sensuelle toner av vanilje og tonkab\u00f8nner.<\/p>\n","protected":false},"excerpt":{"rendered":"<p>Burberry Brit for kvinner er en gr\u00f8nn, orientalsk duft som har en overraskende blanding av s\u00f8dme og krydret.Brit inneholder friske og lekne toppnoter av italiensk lime, p\u00e6re og mandel. S\u00f8dmen kommer frem gjennom sukkerholdig mandel og duftende peon.Duften forsterkes av varmen fra rav og mahogni, som tempereres av sensuelle toner av vanilje og tonkab\u00f8nner.<\/p>\n","protected":false},"featured_media":401970,"comment_status":"open","ping_status":"closed","template":"","meta":{"_trash_the_other_posts":false},"product_brand":[],"product_cat":[776,707,735,1006,999],"product_tag":[2594],"berocket_brand":[1017],"class_list":{"0":"post-401976","1":"product","2":"type-product","3":"status-publish","4":"has-post-thumbnail","6":"product_cat-burberry-brit-women","7":"product_cat-eau-de-toilette-dame","8":"product_cat-kampanje","9":"product_cat-kampanjepris","10":"product_cat-kampanjetilbud-for-henne","11":"product_tag-burberry-brit-for-her-edt","12":"pa_brand-burberry","13":"pa_variant-50ml","14":"berocket_brand-burberry","16":"first","17":"instock","18":"sale","19":"taxable","20":"shipping-taxable","21":"purchasable","22":"product-type-simple"},"_links":{"self":[{"href":"https:\/\/stylingagenten.com\/no\/wp-json\/wp\/v2\/product\/401976","targetHints":{"allow":["GET"]}}],"collection":[{"href":"https:\/\/stylingagenten.com\/no\/wp-json\/wp\/v2\/product"}],"about":[{"href":"https:\/\/stylingagenten.com\/no\/wp-json\/wp\/v2\/types\/product"}],"replies":[{"embeddable":true,"href":"https:\/\/stylingagenten.com\/no\/wp-json\/wp\/v2\/comments?post=401976"}],"version-history":[{"count":0,"href":"https:\/\/stylingagenten.com\/no\/wp-json\/wp\/v2\/product\/401976\/revisions"}],"wp:featuredmedia":[{"embeddable":true,"href":"https:\/\/stylingagenten.com\/no\/wp-json\/wp\/v2\/media\/401970"}],"wp:attachment":[{"href":"https:\/\/stylingagenten.com\/no\/wp-json\/wp\/v2\/media?parent=401976"}],"wp:term":[{"taxonomy":"product_brand","embeddable":true,"href":"https:\/\/stylingagenten.com\/no\/wp-json\/wp\/v2\/product_brand?post=401976"},{"taxonomy":"product_cat","embeddable":true,"href":"https:\/\/stylingagenten.com\/no\/wp-json\/wp\/v2\/product_cat?post=401976"},{"taxonomy":"product_tag","embeddable":true,"href":"https:\/\/stylingagenten.com\/no\/wp-json\/wp\/v2\/product_tag?post=401976"},{"taxonomy":"berocket_brand","embeddable":true,"href":"https:\/\/stylingagenten.com\/no\/wp-json\/wp\/v2\/berocket_brand?post=401976"}],"curies":[{"name":"wp","href":"https:\/\/api.w.org\/{rel}","templated":true}]}}