{"id":401931,"date":"2025-05-18T22:48:52","date_gmt":"2025-05-18T22:48:52","guid":{"rendered":"https:\/\/staging2.stylingagenten.com\/no\/produkt\/dkny-be-delicious-fresh-blossom-edp-30ml\/"},"modified":"2025-11-19T07:40:31","modified_gmt":"2025-11-19T07:40:31","slug":"dkny-be-delicious-fresh-blossom-edp-30ml","status":"publish","type":"product","link":"https:\/\/stylingagenten.com\/no\/produkt\/dkny-be-delicious-fresh-blossom-edp-30ml\/","title":{"rendered":"DKNY Be Delicious Fresh Blossom Edp 30ml"},"content":{"rendered":"<p>DKNY Be Delicious Fresh Blossom er en uskyldig, frisk og leken duft som f\u00f8rst minner om de f\u00f8rste deilige dagene da knopper brister og verden \u00e5pner seg for naturens oppv\u00e5kning.<\/p>\n<p><strong>Duftnotater:<\/strong> grapefrukt, solb\u00e6r, aprikos, muguet, rose, sjasmin, epleblomst og amp; lyse trenoter.<\/p>\n","protected":false},"excerpt":{"rendered":"<p>DKNY Be Delicious Fresh Blossom er en uskyldig, frisk og leken duft som f\u00f8rst minner om de f\u00f8rste deilige dagene da knopper brister og verden \u00e5pner seg for naturens oppv\u00e5kning. Duftnotater: grapefrukt, solb\u00e6r, aprikos, muguet, rose, sjasmin, epleblomst og amp; lyse trenoter.<\/p>\n","protected":false},"featured_media":401930,"comment_status":"open","ping_status":"closed","template":"","meta":{"_trash_the_other_posts":false},"product_brand":[],"product_cat":[1003,753,706],"product_tag":[2821],"berocket_brand":[1291],"class_list":{"0":"post-401931","1":"product","2":"type-product","3":"status-publish","4":"has-post-thumbnail","6":"product_cat-bestselgere","7":"product_cat-dkny-be-delicious","8":"product_cat-eau-de-parfum-dame","9":"product_tag-dkny-be-delicious-fresh-blossom-edp","10":"pa_brand-dkny","11":"pa_variant-30ml","12":"berocket_brand-dkny","14":"first","15":"outofstock","16":"sale","17":"taxable","18":"shipping-taxable","19":"purchasable","20":"product-type-simple"},"_links":{"self":[{"href":"https:\/\/stylingagenten.com\/no\/wp-json\/wp\/v2\/product\/401931","targetHints":{"allow":["GET"]}}],"collection":[{"href":"https:\/\/stylingagenten.com\/no\/wp-json\/wp\/v2\/product"}],"about":[{"href":"https:\/\/stylingagenten.com\/no\/wp-json\/wp\/v2\/types\/product"}],"replies":[{"embeddable":true,"href":"https:\/\/stylingagenten.com\/no\/wp-json\/wp\/v2\/comments?post=401931"}],"version-history":[{"count":0,"href":"https:\/\/stylingagenten.com\/no\/wp-json\/wp\/v2\/product\/401931\/revisions"}],"wp:featuredmedia":[{"embeddable":true,"href":"https:\/\/stylingagenten.com\/no\/wp-json\/wp\/v2\/media\/401930"}],"wp:attachment":[{"href":"https:\/\/stylingagenten.com\/no\/wp-json\/wp\/v2\/media?parent=401931"}],"wp:term":[{"taxonomy":"product_brand","embeddable":true,"href":"https:\/\/stylingagenten.com\/no\/wp-json\/wp\/v2\/product_brand?post=401931"},{"taxonomy":"product_cat","embeddable":true,"href":"https:\/\/stylingagenten.com\/no\/wp-json\/wp\/v2\/product_cat?post=401931"},{"taxonomy":"product_tag","embeddable":true,"href":"https:\/\/stylingagenten.com\/no\/wp-json\/wp\/v2\/product_tag?post=401931"},{"taxonomy":"berocket_brand","embeddable":true,"href":"https:\/\/stylingagenten.com\/no\/wp-json\/wp\/v2\/berocket_brand?post=401931"}],"curies":[{"name":"wp","href":"https:\/\/api.w.org\/{rel}","templated":true}]}}