{"id":401895,"date":"2025-05-18T22:48:41","date_gmt":"2025-05-18T22:48:41","guid":{"rendered":"https:\/\/staging2.stylingagenten.com\/no\/produkt\/britney-spears-midnight-fantasy-edp-50ml\/"},"modified":"2026-01-02T22:24:35","modified_gmt":"2026-01-02T22:24:35","slug":"britney-spears-midnight-fantasy-edp-50ml","status":"publish","type":"product","link":"https:\/\/stylingagenten.com\/no\/produkt\/britney-spears-midnight-fantasy-edp-50ml\/","title":{"rendered":"Britney Spears Midnight Fantasy Edp 50ml"},"content":{"rendered":"<p>Britney Spears Midnight Fantasy er en varm og rampete duft hvis aromaer av orkide, fresia, iris, ambra, musk og vanilje gir en veldig s\u00f8t f\u00f8lelse som bringer tankene til friske karameller. <\/p>\n<p><strong>Duftnoter :<\/strong> bringeb\u00e6r, plomme, svart kirseb\u00e6r, fresia, iris, nattorkide, vanilje, musk &amp; rav.<\/p>\n","protected":false},"excerpt":{"rendered":"<p>Britney Spears Midnight Fantasy er en varm og rampete duft hvis aromaer av orkide, fresia, iris, ambra, musk og vanilje gir en veldig s\u00f8t f\u00f8lelse som bringer tankene til friske karameller. Duftnoter : bringeb\u00e6r, plomme, svart kirseb\u00e6r, fresia, iris, nattorkide, vanilje, musk &amp; rav.<\/p>\n","protected":false},"featured_media":401890,"comment_status":"open","ping_status":"closed","template":"","meta":{"_trash_the_other_posts":false},"product_brand":[],"product_cat":[706,1006],"product_tag":[2575],"berocket_brand":[1031],"class_list":{"0":"post-401895","1":"product","2":"type-product","3":"status-publish","4":"has-post-thumbnail","6":"product_cat-eau-de-parfum-dame","7":"product_cat-kampanjepris","8":"product_tag-britney-spears-midnight-fantasy-edp","9":"pa_brand-britney-spears","10":"pa_variant-50ml","11":"berocket_brand-britney-spears","13":"first","14":"outofstock","15":"sale","16":"taxable","17":"shipping-taxable","18":"purchasable","19":"product-type-simple"},"_links":{"self":[{"href":"https:\/\/stylingagenten.com\/no\/wp-json\/wp\/v2\/product\/401895","targetHints":{"allow":["GET"]}}],"collection":[{"href":"https:\/\/stylingagenten.com\/no\/wp-json\/wp\/v2\/product"}],"about":[{"href":"https:\/\/stylingagenten.com\/no\/wp-json\/wp\/v2\/types\/product"}],"replies":[{"embeddable":true,"href":"https:\/\/stylingagenten.com\/no\/wp-json\/wp\/v2\/comments?post=401895"}],"version-history":[{"count":0,"href":"https:\/\/stylingagenten.com\/no\/wp-json\/wp\/v2\/product\/401895\/revisions"}],"wp:featuredmedia":[{"embeddable":true,"href":"https:\/\/stylingagenten.com\/no\/wp-json\/wp\/v2\/media\/401890"}],"wp:attachment":[{"href":"https:\/\/stylingagenten.com\/no\/wp-json\/wp\/v2\/media?parent=401895"}],"wp:term":[{"taxonomy":"product_brand","embeddable":true,"href":"https:\/\/stylingagenten.com\/no\/wp-json\/wp\/v2\/product_brand?post=401895"},{"taxonomy":"product_cat","embeddable":true,"href":"https:\/\/stylingagenten.com\/no\/wp-json\/wp\/v2\/product_cat?post=401895"},{"taxonomy":"product_tag","embeddable":true,"href":"https:\/\/stylingagenten.com\/no\/wp-json\/wp\/v2\/product_tag?post=401895"},{"taxonomy":"berocket_brand","embeddable":true,"href":"https:\/\/stylingagenten.com\/no\/wp-json\/wp\/v2\/berocket_brand?post=401895"}],"curies":[{"name":"wp","href":"https:\/\/api.w.org\/{rel}","templated":true}]}}