{"id":401801,"date":"2025-05-18T22:48:15","date_gmt":"2025-05-18T22:48:15","guid":{"rendered":"https:\/\/staging2.stylingagenten.com\/no\/produkt\/marc-jacobs-dot-edp-50ml\/"},"modified":"2026-04-12T09:28:31","modified_gmt":"2026-04-12T09:28:31","slug":"marc-jacobs-dot-edp-50ml","status":"publish","type":"product","link":"https:\/\/stylingagenten.com\/no\/produkt\/marc-jacobs-dot-edp-50ml\/","title":{"rendered":"Marc Jacobs Dot Edp 50ml"},"content":{"rendered":"<p>Marc Jacobs Dot ble lansert i 2012 og er inspirert av Jacobs kj\u00e6rlighet til prikker. Det er en gledelig duft som er floral fruktig med en nydelig sjarm av r\u00f8de b\u00e6r, sjasmin og myk vanilje.<\/p>\n<p><strong>Duftnoter:<\/strong> pitahaya, r\u00f8de b\u00e6r, kaprifol, kokos, appelsin blomst, sjasmin, musk, vanilje og drivved.<\/p>\n","protected":false},"excerpt":{"rendered":"<p>Marc Jacobs Dot ble lansert i 2012 og er inspirert av Jacobs kj\u00e6rlighet til prikker. Det er en gledelig duft som er floral fruktig med en nydelig sjarm av r\u00f8de b\u00e6r, sjasmin og myk vanilje. Duftnoter: pitahaya, r\u00f8de b\u00e6r, kaprifol, kokos, appelsin blomst, sjasmin, musk, vanilje og drivved.<\/p>\n","protected":false},"featured_media":401800,"comment_status":"open","ping_status":"closed","template":"","meta":{"_trash_the_other_posts":false},"product_brand":[],"product_cat":[706],"product_tag":[3381],"berocket_brand":[1069],"class_list":{"0":"post-401801","1":"product","2":"type-product","3":"status-publish","4":"has-post-thumbnail","6":"product_cat-eau-de-parfum-dame","7":"product_tag-marc-jacobs-dot-edp","8":"pa_brand-marc-jacobs","9":"pa_variant-50ml","10":"berocket_brand-marc-jacobs","12":"first","13":"instock","14":"sale","15":"taxable","16":"shipping-taxable","17":"purchasable","18":"product-type-simple"},"_links":{"self":[{"href":"https:\/\/stylingagenten.com\/no\/wp-json\/wp\/v2\/product\/401801","targetHints":{"allow":["GET"]}}],"collection":[{"href":"https:\/\/stylingagenten.com\/no\/wp-json\/wp\/v2\/product"}],"about":[{"href":"https:\/\/stylingagenten.com\/no\/wp-json\/wp\/v2\/types\/product"}],"replies":[{"embeddable":true,"href":"https:\/\/stylingagenten.com\/no\/wp-json\/wp\/v2\/comments?post=401801"}],"version-history":[{"count":0,"href":"https:\/\/stylingagenten.com\/no\/wp-json\/wp\/v2\/product\/401801\/revisions"}],"wp:featuredmedia":[{"embeddable":true,"href":"https:\/\/stylingagenten.com\/no\/wp-json\/wp\/v2\/media\/401800"}],"wp:attachment":[{"href":"https:\/\/stylingagenten.com\/no\/wp-json\/wp\/v2\/media?parent=401801"}],"wp:term":[{"taxonomy":"product_brand","embeddable":true,"href":"https:\/\/stylingagenten.com\/no\/wp-json\/wp\/v2\/product_brand?post=401801"},{"taxonomy":"product_cat","embeddable":true,"href":"https:\/\/stylingagenten.com\/no\/wp-json\/wp\/v2\/product_cat?post=401801"},{"taxonomy":"product_tag","embeddable":true,"href":"https:\/\/stylingagenten.com\/no\/wp-json\/wp\/v2\/product_tag?post=401801"},{"taxonomy":"berocket_brand","embeddable":true,"href":"https:\/\/stylingagenten.com\/no\/wp-json\/wp\/v2\/berocket_brand?post=401801"}],"curies":[{"name":"wp","href":"https:\/\/api.w.org\/{rel}","templated":true}]}}