{"id":401793,"date":"2025-05-18T22:48:12","date_gmt":"2025-05-18T22:48:12","guid":{"rendered":"https:\/\/staging2.stylingagenten.com\/no\/produkt\/juicy-couture-viva-la-juicy-edp-100ml\/"},"modified":"2026-04-10T06:59:16","modified_gmt":"2026-04-10T06:59:16","slug":"juicy-couture-viva-la-juicy-edp-100ml","status":"publish","type":"product","link":"https:\/\/stylingagenten.com\/no\/produkt\/juicy-couture-viva-la-juicy-edp-100ml\/","title":{"rendered":"Juicy Couture Viva La Juicy Edp 100ml"},"content":{"rendered":"<p>Juicy Couture Viva La Juicy er en frisk, morsom og fl\u00f8rtende duft sammensatt av en herlig blanding av mandarin, ville b\u00e6r, kaprifol, gardenia og kremet rav.<\/p>\n<p><strong>Duftnoter:<\/strong> ville b\u00e6r, saftig mandarin, kaprifol, gardenia, sjasmin, rav, karamell, vanilje, sandeltre; &amp; praliner.<\/p>\n","protected":false},"excerpt":{"rendered":"<p>Juicy Couture Viva La Juicy er en frisk, morsom og fl\u00f8rtende duft sammensatt av en herlig blanding av mandarin, ville b\u00e6r, kaprifol, gardenia og kremet rav. Duftnoter: ville b\u00e6r, saftig mandarin, kaprifol, gardenia, sjasmin, rav, karamell, vanilje, sandeltre; &amp; praliner.<\/p>\n","protected":false},"featured_media":401790,"comment_status":"open","ping_status":"closed","template":"","meta":{"_trash_the_other_posts":false},"product_brand":[],"product_cat":[1003,706,918,735,1006,999],"product_tag":[3083],"berocket_brand":[1067],"class_list":{"0":"post-401793","1":"product","2":"type-product","3":"status-publish","4":"has-post-thumbnail","6":"product_cat-bestselgere","7":"product_cat-eau-de-parfum-dame","8":"product_cat-juicy-couture-viva-la-juicy","9":"product_cat-kampanje","10":"product_cat-kampanjepris","11":"product_cat-kampanjetilbud-for-henne","12":"product_tag-juicy-couture-viva-la-juicy-edp","13":"pa_brand-juicy-couture","14":"pa_variant-100ml","15":"berocket_brand-juicy-couture","17":"first","18":"instock","19":"sale","20":"taxable","21":"shipping-taxable","22":"purchasable","23":"product-type-simple"},"_links":{"self":[{"href":"https:\/\/stylingagenten.com\/no\/wp-json\/wp\/v2\/product\/401793","targetHints":{"allow":["GET"]}}],"collection":[{"href":"https:\/\/stylingagenten.com\/no\/wp-json\/wp\/v2\/product"}],"about":[{"href":"https:\/\/stylingagenten.com\/no\/wp-json\/wp\/v2\/types\/product"}],"replies":[{"embeddable":true,"href":"https:\/\/stylingagenten.com\/no\/wp-json\/wp\/v2\/comments?post=401793"}],"version-history":[{"count":0,"href":"https:\/\/stylingagenten.com\/no\/wp-json\/wp\/v2\/product\/401793\/revisions"}],"wp:featuredmedia":[{"embeddable":true,"href":"https:\/\/stylingagenten.com\/no\/wp-json\/wp\/v2\/media\/401790"}],"wp:attachment":[{"href":"https:\/\/stylingagenten.com\/no\/wp-json\/wp\/v2\/media?parent=401793"}],"wp:term":[{"taxonomy":"product_brand","embeddable":true,"href":"https:\/\/stylingagenten.com\/no\/wp-json\/wp\/v2\/product_brand?post=401793"},{"taxonomy":"product_cat","embeddable":true,"href":"https:\/\/stylingagenten.com\/no\/wp-json\/wp\/v2\/product_cat?post=401793"},{"taxonomy":"product_tag","embeddable":true,"href":"https:\/\/stylingagenten.com\/no\/wp-json\/wp\/v2\/product_tag?post=401793"},{"taxonomy":"berocket_brand","embeddable":true,"href":"https:\/\/stylingagenten.com\/no\/wp-json\/wp\/v2\/berocket_brand?post=401793"}],"curies":[{"name":"wp","href":"https:\/\/api.w.org\/{rel}","templated":true}]}}