{"id":401778,"date":"2025-05-18T22:48:06","date_gmt":"2025-05-18T22:48:06","guid":{"rendered":"https:\/\/staging2.stylingagenten.com\/no\/produkt\/elie-saab-le-parfum-edp-30ml\/"},"modified":"2026-04-09T19:49:02","modified_gmt":"2026-04-09T19:49:02","slug":"elie-saab-le-parfum-edp-30ml","status":"publish","type":"product","link":"https:\/\/stylingagenten.com\/no\/produkt\/elie-saab-le-parfum-edp-30ml\/","title":{"rendered":"Elie Saab Le Parfum Edp 30ml"},"content":{"rendered":"<p>Elie Saab Le Parfum. Det er en floral, solrik og treaktig duft som f\u00e5r enhver kvinne til \u00e5 f\u00f8le seg uts\u00f8kt og eksepsjonell, akkurat som en prinsesse!<\/p>\n<p><strong>Duftnotater:<\/strong> Orange Blossom, Jasmine, Patchouli, Cedar Accord &amp; honningrose.<\/p>\n","protected":false},"excerpt":{"rendered":"<p>Elie Saab Le Parfum. Det er en floral, solrik og treaktig duft som f\u00e5r enhver kvinne til \u00e5 f\u00f8le seg uts\u00f8kt og eksepsjonell, akkurat som en prinsesse! Duftnotater: Orange Blossom, Jasmine, Patchouli, Cedar Accord &amp; honningrose.<\/p>\n","protected":false},"featured_media":401776,"comment_status":"open","ping_status":"closed","template":"","meta":{"_trash_the_other_posts":false},"product_brand":[],"product_cat":[706,735,1006,999],"product_tag":[2854],"berocket_brand":[1302],"class_list":{"0":"post-401778","1":"product","2":"type-product","3":"status-publish","4":"has-post-thumbnail","6":"product_cat-eau-de-parfum-dame","7":"product_cat-kampanje","8":"product_cat-kampanjepris","9":"product_cat-kampanjetilbud-for-henne","10":"product_tag-elie-saab-le-parfum-edp","11":"pa_brand-elie-saab","12":"pa_variant-30ml","13":"berocket_brand-elie-saab","15":"first","16":"outofstock","17":"sale","18":"taxable","19":"shipping-taxable","20":"purchasable","21":"product-type-simple"},"_links":{"self":[{"href":"https:\/\/stylingagenten.com\/no\/wp-json\/wp\/v2\/product\/401778","targetHints":{"allow":["GET"]}}],"collection":[{"href":"https:\/\/stylingagenten.com\/no\/wp-json\/wp\/v2\/product"}],"about":[{"href":"https:\/\/stylingagenten.com\/no\/wp-json\/wp\/v2\/types\/product"}],"replies":[{"embeddable":true,"href":"https:\/\/stylingagenten.com\/no\/wp-json\/wp\/v2\/comments?post=401778"}],"version-history":[{"count":0,"href":"https:\/\/stylingagenten.com\/no\/wp-json\/wp\/v2\/product\/401778\/revisions"}],"wp:featuredmedia":[{"embeddable":true,"href":"https:\/\/stylingagenten.com\/no\/wp-json\/wp\/v2\/media\/401776"}],"wp:attachment":[{"href":"https:\/\/stylingagenten.com\/no\/wp-json\/wp\/v2\/media?parent=401778"}],"wp:term":[{"taxonomy":"product_brand","embeddable":true,"href":"https:\/\/stylingagenten.com\/no\/wp-json\/wp\/v2\/product_brand?post=401778"},{"taxonomy":"product_cat","embeddable":true,"href":"https:\/\/stylingagenten.com\/no\/wp-json\/wp\/v2\/product_cat?post=401778"},{"taxonomy":"product_tag","embeddable":true,"href":"https:\/\/stylingagenten.com\/no\/wp-json\/wp\/v2\/product_tag?post=401778"},{"taxonomy":"berocket_brand","embeddable":true,"href":"https:\/\/stylingagenten.com\/no\/wp-json\/wp\/v2\/berocket_brand?post=401778"}],"curies":[{"name":"wp","href":"https:\/\/api.w.org\/{rel}","templated":true}]}}