{"id":401768,"date":"2025-05-18T22:48:02","date_gmt":"2025-05-18T22:48:02","guid":{"rendered":"https:\/\/staging2.stylingagenten.com\/no\/produkt\/lancome-tresor-midnight-rose-edp-30ml\/"},"modified":"2025-11-19T07:43:55","modified_gmt":"2025-11-19T07:43:55","slug":"lancome-tresor-midnight-rose-edp-30ml","status":"publish","type":"product","link":"https:\/\/stylingagenten.com\/no\/produkt\/lancome-tresor-midnight-rose-edp-30ml\/","title":{"rendered":"Lancome Tresor Midnight Rose Edp 30ml"},"content":{"rendered":"<p>Lancome Tresor Midnight Rose er en sprudlende, sensuell og forf\u00f8rende duft som representerer spillet som finner sted i den f\u00f8rste fasen av forelskelsen n\u00e5r kj\u00e6rligheten enn\u00e5 ikke er erobret.<\/p>\n<p><strong>Duftnoter :<\/strong> solb\u00e6r, bringeb\u00e6r, rose, sjasmin, vanilje, sedertre og musk.<\/p>\n","protected":false},"excerpt":{"rendered":"<p>Lancome Tresor Midnight Rose er en sprudlende, sensuell og forf\u00f8rende duft som representerer spillet som finner sted i den f\u00f8rste fasen av forelskelsen n\u00e5r kj\u00e6rligheten enn\u00e5 ikke er erobret. Duftnoter : solb\u00e6r, bringeb\u00e6r, rose, sjasmin, vanilje, sedertre og musk.<\/p>\n","protected":false},"featured_media":401765,"comment_status":"open","ping_status":"closed","template":"","meta":{"_trash_the_other_posts":false},"product_brand":[],"product_cat":[706],"product_tag":[3188],"berocket_brand":[1128],"class_list":{"0":"post-401768","1":"product","2":"type-product","3":"status-publish","4":"has-post-thumbnail","6":"product_cat-eau-de-parfum-dame","7":"product_tag-lancome-tresor-midnight-rose-edp","8":"pa_brand-lancome","9":"pa_variant-30ml","10":"berocket_brand-lancome","12":"first","13":"outofstock","14":"sale","15":"taxable","16":"shipping-taxable","17":"purchasable","18":"product-type-simple"},"_links":{"self":[{"href":"https:\/\/stylingagenten.com\/no\/wp-json\/wp\/v2\/product\/401768","targetHints":{"allow":["GET"]}}],"collection":[{"href":"https:\/\/stylingagenten.com\/no\/wp-json\/wp\/v2\/product"}],"about":[{"href":"https:\/\/stylingagenten.com\/no\/wp-json\/wp\/v2\/types\/product"}],"replies":[{"embeddable":true,"href":"https:\/\/stylingagenten.com\/no\/wp-json\/wp\/v2\/comments?post=401768"}],"version-history":[{"count":0,"href":"https:\/\/stylingagenten.com\/no\/wp-json\/wp\/v2\/product\/401768\/revisions"}],"wp:featuredmedia":[{"embeddable":true,"href":"https:\/\/stylingagenten.com\/no\/wp-json\/wp\/v2\/media\/401765"}],"wp:attachment":[{"href":"https:\/\/stylingagenten.com\/no\/wp-json\/wp\/v2\/media?parent=401768"}],"wp:term":[{"taxonomy":"product_brand","embeddable":true,"href":"https:\/\/stylingagenten.com\/no\/wp-json\/wp\/v2\/product_brand?post=401768"},{"taxonomy":"product_cat","embeddable":true,"href":"https:\/\/stylingagenten.com\/no\/wp-json\/wp\/v2\/product_cat?post=401768"},{"taxonomy":"product_tag","embeddable":true,"href":"https:\/\/stylingagenten.com\/no\/wp-json\/wp\/v2\/product_tag?post=401768"},{"taxonomy":"berocket_brand","embeddable":true,"href":"https:\/\/stylingagenten.com\/no\/wp-json\/wp\/v2\/berocket_brand?post=401768"}],"curies":[{"name":"wp","href":"https:\/\/api.w.org\/{rel}","templated":true}]}}