{"id":401759,"date":"2025-05-18T22:47:59","date_gmt":"2025-05-18T22:47:59","guid":{"rendered":"https:\/\/staging2.stylingagenten.com\/no\/produkt\/paris-hilton-just-me-edp-100ml\/"},"modified":"2026-04-05T14:18:45","modified_gmt":"2026-04-05T14:18:45","slug":"paris-hilton-just-me-edp-100ml","status":"publish","type":"product","link":"https:\/\/stylingagenten.com\/no\/produkt\/paris-hilton-just-me-edp-100ml\/","title":{"rendered":"Paris Hilton Just Me Edp 100ml"},"content":{"rendered":"<p>Paris Hilton Just Me er en glamor\u00f8s, fruktig og floral parfyme for alle moderne kvinner og jenter. F\u00f8l deg som en stjerne med dufter som bringeb\u00e6r, vanilje og sandeltre.<\/p>\n<p><strong>Duftnoter:<\/strong> bringeb\u00e6r, bergamott, frossen eple, fersken, mimosa, liljekonvall, fresia , hvit rose, sjasmin, fiolett, ylang ylang, rose&eacute;pepper, sandeltre, musk og amp; vanilje.<\/p>\n","protected":false},"excerpt":{"rendered":"<p>Paris Hilton Just Me er en glamor\u00f8s, fruktig og floral parfyme for alle moderne kvinner og jenter. F\u00f8l deg som en stjerne med dufter som bringeb\u00e6r, vanilje og sandeltre. Duftnoter: bringeb\u00e6r, bergamott, frossen eple, fersken, mimosa, liljekonvall, fresia , hvit rose, sjasmin, fiolett, ylang ylang, rose&eacute;pepper, sandeltre, musk og amp; vanilje.<\/p>\n","protected":false},"featured_media":401757,"comment_status":"open","ping_status":"closed","template":"","meta":{"_trash_the_other_posts":false},"product_brand":[],"product_cat":[1003,706,735,999],"product_tag":[],"berocket_brand":[1051],"class_list":{"0":"post-401759","1":"product","2":"type-product","3":"status-publish","4":"has-post-thumbnail","6":"product_cat-bestselgere","7":"product_cat-eau-de-parfum-dame","8":"product_cat-kampanje","9":"product_cat-kampanjetilbud-for-henne","10":"pa_brand-paris-hilton","11":"berocket_brand-paris-hilton","13":"first","14":"outofstock","15":"sale","16":"taxable","17":"shipping-taxable","18":"purchasable","19":"product-type-simple"},"_links":{"self":[{"href":"https:\/\/stylingagenten.com\/no\/wp-json\/wp\/v2\/product\/401759","targetHints":{"allow":["GET"]}}],"collection":[{"href":"https:\/\/stylingagenten.com\/no\/wp-json\/wp\/v2\/product"}],"about":[{"href":"https:\/\/stylingagenten.com\/no\/wp-json\/wp\/v2\/types\/product"}],"replies":[{"embeddable":true,"href":"https:\/\/stylingagenten.com\/no\/wp-json\/wp\/v2\/comments?post=401759"}],"version-history":[{"count":0,"href":"https:\/\/stylingagenten.com\/no\/wp-json\/wp\/v2\/product\/401759\/revisions"}],"wp:featuredmedia":[{"embeddable":true,"href":"https:\/\/stylingagenten.com\/no\/wp-json\/wp\/v2\/media\/401757"}],"wp:attachment":[{"href":"https:\/\/stylingagenten.com\/no\/wp-json\/wp\/v2\/media?parent=401759"}],"wp:term":[{"taxonomy":"product_brand","embeddable":true,"href":"https:\/\/stylingagenten.com\/no\/wp-json\/wp\/v2\/product_brand?post=401759"},{"taxonomy":"product_cat","embeddable":true,"href":"https:\/\/stylingagenten.com\/no\/wp-json\/wp\/v2\/product_cat?post=401759"},{"taxonomy":"product_tag","embeddable":true,"href":"https:\/\/stylingagenten.com\/no\/wp-json\/wp\/v2\/product_tag?post=401759"},{"taxonomy":"berocket_brand","embeddable":true,"href":"https:\/\/stylingagenten.com\/no\/wp-json\/wp\/v2\/berocket_brand?post=401759"}],"curies":[{"name":"wp","href":"https:\/\/api.w.org\/{rel}","templated":true}]}}