{"id":401749,"date":"2025-05-18T22:47:56","date_gmt":"2025-05-18T22:47:56","guid":{"rendered":"https:\/\/staging2.stylingagenten.com\/no\/produkt\/calvin-klein-eternity-for-women-edp-30ml\/"},"modified":"2026-04-14T09:36:33","modified_gmt":"2026-04-14T09:36:33","slug":"calvin-klein-eternity-for-women-edp-30ml","status":"publish","type":"product","link":"https:\/\/stylingagenten.com\/no\/produkt\/calvin-klein-eternity-for-women-edp-30ml\/","title":{"rendered":"Calvin Klein Eternity For Women Edp 30ml"},"content":{"rendered":"<p>Calvin Klein Eternity er en tidl\u00f8s frisk duft inspirert av evig kj\u00e6rlighet og romantikk. Parfymen ble laget for \u00e5 hylle Calvin Kleins eget bryllup.<\/p>\n<p><strong>Duftnotater:<\/strong> mandarin, fresia, liljekonvall, salvie, p\u00e5skeliljer, ringblomst, hvit lilje, sjasmin, roser , patchouli, sandeltre&auml;, musk og rav.<\/p>\n","protected":false},"excerpt":{"rendered":"<p>Calvin Klein Eternity er en tidl\u00f8s frisk duft inspirert av evig kj\u00e6rlighet og romantikk. Parfymen ble laget for \u00e5 hylle Calvin Kleins eget bryllup. Duftnotater: mandarin, fresia, liljekonvall, salvie, p\u00e5skeliljer, ringblomst, hvit lilje, sjasmin, roser , patchouli, sandeltre&auml;, musk og rav.<\/p>\n","protected":false},"featured_media":401744,"comment_status":"open","ping_status":"closed","template":"","meta":{"_trash_the_other_posts":false},"product_brand":[],"product_cat":[794,706,735,1006,999],"product_tag":[2647],"berocket_brand":[1014],"class_list":{"0":"post-401749","1":"product","2":"type-product","3":"status-publish","4":"has-post-thumbnail","6":"product_cat-calvin-klein-eternity-for-women","7":"product_cat-eau-de-parfum-dame","8":"product_cat-kampanje","9":"product_cat-kampanjepris","10":"product_cat-kampanjetilbud-for-henne","11":"product_tag-calvin-klein-eternity-for-women-edp","12":"pa_brand-calvin-klein","13":"pa_variant-30ml","14":"berocket_brand-calvin-klein","16":"first","17":"instock","18":"sale","19":"taxable","20":"shipping-taxable","21":"purchasable","22":"product-type-simple"},"_links":{"self":[{"href":"https:\/\/stylingagenten.com\/no\/wp-json\/wp\/v2\/product\/401749","targetHints":{"allow":["GET"]}}],"collection":[{"href":"https:\/\/stylingagenten.com\/no\/wp-json\/wp\/v2\/product"}],"about":[{"href":"https:\/\/stylingagenten.com\/no\/wp-json\/wp\/v2\/types\/product"}],"replies":[{"embeddable":true,"href":"https:\/\/stylingagenten.com\/no\/wp-json\/wp\/v2\/comments?post=401749"}],"version-history":[{"count":0,"href":"https:\/\/stylingagenten.com\/no\/wp-json\/wp\/v2\/product\/401749\/revisions"}],"wp:featuredmedia":[{"embeddable":true,"href":"https:\/\/stylingagenten.com\/no\/wp-json\/wp\/v2\/media\/401744"}],"wp:attachment":[{"href":"https:\/\/stylingagenten.com\/no\/wp-json\/wp\/v2\/media?parent=401749"}],"wp:term":[{"taxonomy":"product_brand","embeddable":true,"href":"https:\/\/stylingagenten.com\/no\/wp-json\/wp\/v2\/product_brand?post=401749"},{"taxonomy":"product_cat","embeddable":true,"href":"https:\/\/stylingagenten.com\/no\/wp-json\/wp\/v2\/product_cat?post=401749"},{"taxonomy":"product_tag","embeddable":true,"href":"https:\/\/stylingagenten.com\/no\/wp-json\/wp\/v2\/product_tag?post=401749"},{"taxonomy":"berocket_brand","embeddable":true,"href":"https:\/\/stylingagenten.com\/no\/wp-json\/wp\/v2\/berocket_brand?post=401749"}],"curies":[{"name":"wp","href":"https:\/\/api.w.org\/{rel}","templated":true}]}}