{"id":401666,"date":"2025-05-18T22:47:24","date_gmt":"2025-05-18T22:47:24","guid":{"rendered":"https:\/\/staging2.stylingagenten.com\/no\/produkt\/cacharel-amor-amor-edt-30ml\/"},"modified":"2026-04-13T17:08:38","modified_gmt":"2026-04-13T17:08:38","slug":"cacharel-amor-amor-edt-30ml","status":"publish","type":"product","link":"https:\/\/stylingagenten.com\/no\/produkt\/cacharel-amor-amor-edt-30ml\/","title":{"rendered":"Cacharel Amor Amor Edt 30ml"},"content":{"rendered":"<p>Cacharel Amor Amor er en lidenskapelig og sensuell parfyme som hyller kj\u00e6rligheten. Den er b\u00e5de fruktig og floral i en myk harmoni.<\/p>\n<p><strong>Duftnoter:<\/strong> mandarin, solb\u00e6r, liljekonvall, hvit musk &amp; rav.<\/p>\n","protected":false},"excerpt":{"rendered":"<p>Cacharel Amor Amor er en lidenskapelig og sensuell parfyme som hyller kj\u00e6rligheten. Den er b\u00e5de fruktig og floral i en myk harmoni. Duftnoter: mandarin, solb\u00e6r, liljekonvall, hvit musk &amp; rav.<\/p>\n","protected":false},"featured_media":401665,"comment_status":"open","ping_status":"closed","template":"","meta":{"_trash_the_other_posts":false},"product_brand":[],"product_cat":[707,735,1006,999],"product_tag":[2618],"berocket_brand":[1098],"class_list":{"0":"post-401666","1":"product","2":"type-product","3":"status-publish","4":"has-post-thumbnail","6":"product_cat-eau-de-toilette-dame","7":"product_cat-kampanje","8":"product_cat-kampanjepris","9":"product_cat-kampanjetilbud-for-henne","10":"product_tag-cacharel-amor-amor-edt","11":"pa_brand-cacharel","12":"pa_variant-30ml","13":"berocket_brand-cacharel","15":"first","16":"instock","17":"sale","18":"taxable","19":"shipping-taxable","20":"purchasable","21":"product-type-simple"},"_links":{"self":[{"href":"https:\/\/stylingagenten.com\/no\/wp-json\/wp\/v2\/product\/401666","targetHints":{"allow":["GET"]}}],"collection":[{"href":"https:\/\/stylingagenten.com\/no\/wp-json\/wp\/v2\/product"}],"about":[{"href":"https:\/\/stylingagenten.com\/no\/wp-json\/wp\/v2\/types\/product"}],"replies":[{"embeddable":true,"href":"https:\/\/stylingagenten.com\/no\/wp-json\/wp\/v2\/comments?post=401666"}],"version-history":[{"count":0,"href":"https:\/\/stylingagenten.com\/no\/wp-json\/wp\/v2\/product\/401666\/revisions"}],"wp:featuredmedia":[{"embeddable":true,"href":"https:\/\/stylingagenten.com\/no\/wp-json\/wp\/v2\/media\/401665"}],"wp:attachment":[{"href":"https:\/\/stylingagenten.com\/no\/wp-json\/wp\/v2\/media?parent=401666"}],"wp:term":[{"taxonomy":"product_brand","embeddable":true,"href":"https:\/\/stylingagenten.com\/no\/wp-json\/wp\/v2\/product_brand?post=401666"},{"taxonomy":"product_cat","embeddable":true,"href":"https:\/\/stylingagenten.com\/no\/wp-json\/wp\/v2\/product_cat?post=401666"},{"taxonomy":"product_tag","embeddable":true,"href":"https:\/\/stylingagenten.com\/no\/wp-json\/wp\/v2\/product_tag?post=401666"},{"taxonomy":"berocket_brand","embeddable":true,"href":"https:\/\/stylingagenten.com\/no\/wp-json\/wp\/v2\/berocket_brand?post=401666"}],"curies":[{"name":"wp","href":"https:\/\/api.w.org\/{rel}","templated":true}]}}