{"id":401660,"date":"2025-05-18T22:47:20","date_gmt":"2025-05-18T22:47:20","guid":{"rendered":"https:\/\/staging2.stylingagenten.com\/no\/produkt\/boucheron-pour-femme-edp-100ml\/"},"modified":"2026-04-11T07:08:33","modified_gmt":"2026-04-11T07:08:33","slug":"boucheron-pour-femme-edp-100ml","status":"publish","type":"product","link":"https:\/\/stylingagenten.com\/no\/produkt\/boucheron-pour-femme-edp-100ml\/","title":{"rendered":"Boucheron Pour Femme Edp 100ml"},"content":{"rendered":"<p>Dette er en lettere duft av Boucheron Femme Classic som er den f\u00f8rste parfymen laget av gullsmeden Boucheron.<br \/>Parfymen er en klassisk, tidl\u00f8s og kan sees p\u00e5 som blomster- og orientalsk duft.<br \/>Den \u00e5pner glitrende og fruktig, med en myk og fortryllende signatur som gjemmer seg i hjertet av en overd\u00e5dig bukett med hvite blomster.<br \/>Som en dyrebar juvel, pryder duften dj&amp;auml. Berik og opprettholde kvinnen og fullf\u00f8re hennes skj\u00f8nnhet.<\/p>\n","protected":false},"excerpt":{"rendered":"<p>Dette er en lettere duft av Boucheron Femme Classic som er den f\u00f8rste parfymen laget av gullsmeden Boucheron.Parfymen er en klassisk, tidl\u00f8s og kan sees p\u00e5 som blomster- og orientalsk duft.Den \u00e5pner glitrende og fruktig, med en myk og fortryllende signatur som gjemmer seg i hjertet av en overd\u00e5dig bukett med hvite blomster.Som en dyrebar [&hellip;]<\/p>\n","protected":false},"featured_media":401656,"comment_status":"open","ping_status":"closed","template":"","meta":{"_trash_the_other_posts":false},"product_brand":[],"product_cat":[1003,769,706,735,1006,999],"product_tag":[],"berocket_brand":[1148],"class_list":{"0":"post-401660","1":"product","2":"type-product","3":"status-publish","4":"has-post-thumbnail","6":"product_cat-bestselgere","7":"product_cat-britney-spears-believe","8":"product_cat-eau-de-parfum-dame","9":"product_cat-kampanje","10":"product_cat-kampanjepris","11":"product_cat-kampanjetilbud-for-henne","12":"pa_brand-boucheron","13":"berocket_brand-boucheron","15":"first","16":"instock","17":"sale","18":"taxable","19":"shipping-taxable","20":"purchasable","21":"product-type-simple"},"_links":{"self":[{"href":"https:\/\/stylingagenten.com\/no\/wp-json\/wp\/v2\/product\/401660","targetHints":{"allow":["GET"]}}],"collection":[{"href":"https:\/\/stylingagenten.com\/no\/wp-json\/wp\/v2\/product"}],"about":[{"href":"https:\/\/stylingagenten.com\/no\/wp-json\/wp\/v2\/types\/product"}],"replies":[{"embeddable":true,"href":"https:\/\/stylingagenten.com\/no\/wp-json\/wp\/v2\/comments?post=401660"}],"version-history":[{"count":0,"href":"https:\/\/stylingagenten.com\/no\/wp-json\/wp\/v2\/product\/401660\/revisions"}],"wp:featuredmedia":[{"embeddable":true,"href":"https:\/\/stylingagenten.com\/no\/wp-json\/wp\/v2\/media\/401656"}],"wp:attachment":[{"href":"https:\/\/stylingagenten.com\/no\/wp-json\/wp\/v2\/media?parent=401660"}],"wp:term":[{"taxonomy":"product_brand","embeddable":true,"href":"https:\/\/stylingagenten.com\/no\/wp-json\/wp\/v2\/product_brand?post=401660"},{"taxonomy":"product_cat","embeddable":true,"href":"https:\/\/stylingagenten.com\/no\/wp-json\/wp\/v2\/product_cat?post=401660"},{"taxonomy":"product_tag","embeddable":true,"href":"https:\/\/stylingagenten.com\/no\/wp-json\/wp\/v2\/product_tag?post=401660"},{"taxonomy":"berocket_brand","embeddable":true,"href":"https:\/\/stylingagenten.com\/no\/wp-json\/wp\/v2\/berocket_brand?post=401660"}],"curies":[{"name":"wp","href":"https:\/\/api.w.org\/{rel}","templated":true}]}}