{"id":401652,"date":"2025-05-18T22:47:16","date_gmt":"2025-05-18T22:47:16","guid":{"rendered":"https:\/\/staging2.stylingagenten.com\/no\/produkt\/ed-hardy-for-women-edp-100ml\/"},"modified":"2026-04-11T01:18:31","modified_gmt":"2026-04-11T01:18:31","slug":"ed-hardy-for-women-edp-100ml","status":"publish","type":"product","link":"https:\/\/stylingagenten.com\/no\/produkt\/ed-hardy-for-women-edp-100ml\/","title":{"rendered":"Ed Hardy for Women Edp 100ml"},"content":{"rendered":"<p>Ed Hardy Women&#8217;s Edp er en feminin duft som representerer tatoveringskunst.<\/p>\n<p>Denne spennende duften \u00e5pner med eksplosive toner av tropisk mango, villjordb\u00e6r og r\u00f8d grapefrukt. Hjertet introduserer mystisk svart fresia, mens basen f\u00f8lger med rav- og rosenoter.<\/p>\n","protected":false},"excerpt":{"rendered":"<p>Ed Hardy Women&#8217;s Edp er en feminin duft som representerer tatoveringskunst. Denne spennende duften \u00e5pner med eksplosive toner av tropisk mango, villjordb\u00e6r og r\u00f8d grapefrukt. Hjertet introduserer mystisk svart fresia, mens basen f\u00f8lger med rav- og rosenoter.<\/p>\n","protected":false},"featured_media":401647,"comment_status":"open","ping_status":"closed","template":"","meta":{"_trash_the_other_posts":false},"product_brand":[],"product_cat":[706,735,1006,999],"product_tag":[],"berocket_brand":[1300],"class_list":{"0":"post-401652","1":"product","2":"type-product","3":"status-publish","4":"has-post-thumbnail","6":"product_cat-eau-de-parfum-dame","7":"product_cat-kampanje","8":"product_cat-kampanjepris","9":"product_cat-kampanjetilbud-for-henne","10":"pa_brand-ed-hardy","11":"berocket_brand-ed-hardy","13":"first","14":"instock","15":"sale","16":"taxable","17":"shipping-taxable","18":"purchasable","19":"product-type-simple"},"_links":{"self":[{"href":"https:\/\/stylingagenten.com\/no\/wp-json\/wp\/v2\/product\/401652","targetHints":{"allow":["GET"]}}],"collection":[{"href":"https:\/\/stylingagenten.com\/no\/wp-json\/wp\/v2\/product"}],"about":[{"href":"https:\/\/stylingagenten.com\/no\/wp-json\/wp\/v2\/types\/product"}],"replies":[{"embeddable":true,"href":"https:\/\/stylingagenten.com\/no\/wp-json\/wp\/v2\/comments?post=401652"}],"version-history":[{"count":0,"href":"https:\/\/stylingagenten.com\/no\/wp-json\/wp\/v2\/product\/401652\/revisions"}],"wp:featuredmedia":[{"embeddable":true,"href":"https:\/\/stylingagenten.com\/no\/wp-json\/wp\/v2\/media\/401647"}],"wp:attachment":[{"href":"https:\/\/stylingagenten.com\/no\/wp-json\/wp\/v2\/media?parent=401652"}],"wp:term":[{"taxonomy":"product_brand","embeddable":true,"href":"https:\/\/stylingagenten.com\/no\/wp-json\/wp\/v2\/product_brand?post=401652"},{"taxonomy":"product_cat","embeddable":true,"href":"https:\/\/stylingagenten.com\/no\/wp-json\/wp\/v2\/product_cat?post=401652"},{"taxonomy":"product_tag","embeddable":true,"href":"https:\/\/stylingagenten.com\/no\/wp-json\/wp\/v2\/product_tag?post=401652"},{"taxonomy":"berocket_brand","embeddable":true,"href":"https:\/\/stylingagenten.com\/no\/wp-json\/wp\/v2\/berocket_brand?post=401652"}],"curies":[{"name":"wp","href":"https:\/\/api.w.org\/{rel}","templated":true}]}}