{"id":401613,"date":"2025-05-18T22:46:58","date_gmt":"2025-05-18T22:46:58","guid":{"rendered":"https:\/\/staging2.stylingagenten.com\/no\/produkt\/jimmy-choo-illicit-edp-40ml\/"},"modified":"2026-04-12T12:18:39","modified_gmt":"2026-04-12T12:18:39","slug":"jimmy-choo-illicit-edp-40ml","status":"publish","type":"product","link":"https:\/\/stylingagenten.com\/no\/produkt\/jimmy-choo-illicit-edp-40ml\/","title":{"rendered":"Jimmy Choo Illicit Edp 40ml"},"content":{"rendered":"<p>Denne moderne blomsterduften vekker sansene og roper til enhver kvinne som \u00f8nsker \u00e5 leve livet fullt ut.<\/p>\n<p>En blomsterduft med ingef\u00e6r, bitter appelsin, rose, sambac sjasmin, toner av honning, ambra og sandeltre.<\/p>\n<p><\/p>\n","protected":false},"excerpt":{"rendered":"<p>Denne moderne blomsterduften vekker sansene og roper til enhver kvinne som \u00f8nsker \u00e5 leve livet fullt ut. En blomsterduft med ingef\u00e6r, bitter appelsin, rose, sambac sjasmin, toner av honning, ambra og sandeltre.<\/p>\n","protected":false},"featured_media":401611,"comment_status":"open","ping_status":"closed","template":"","meta":{"_trash_the_other_posts":false},"product_brand":[],"product_cat":[706,735,1006,999],"product_tag":[3043],"berocket_brand":[1122],"class_list":{"0":"post-401613","1":"product","2":"type-product","3":"status-publish","4":"has-post-thumbnail","6":"product_cat-eau-de-parfum-dame","7":"product_cat-kampanje","8":"product_cat-kampanjepris","9":"product_cat-kampanjetilbud-for-henne","10":"product_tag-jimmy-choo-illicit-edp","11":"pa_brand-jimmy-choo","12":"pa_variant-40ml","13":"berocket_brand-jimmy-choo","15":"first","16":"instock","17":"sale","18":"taxable","19":"shipping-taxable","20":"purchasable","21":"product-type-simple"},"_links":{"self":[{"href":"https:\/\/stylingagenten.com\/no\/wp-json\/wp\/v2\/product\/401613","targetHints":{"allow":["GET"]}}],"collection":[{"href":"https:\/\/stylingagenten.com\/no\/wp-json\/wp\/v2\/product"}],"about":[{"href":"https:\/\/stylingagenten.com\/no\/wp-json\/wp\/v2\/types\/product"}],"replies":[{"embeddable":true,"href":"https:\/\/stylingagenten.com\/no\/wp-json\/wp\/v2\/comments?post=401613"}],"version-history":[{"count":0,"href":"https:\/\/stylingagenten.com\/no\/wp-json\/wp\/v2\/product\/401613\/revisions"}],"wp:featuredmedia":[{"embeddable":true,"href":"https:\/\/stylingagenten.com\/no\/wp-json\/wp\/v2\/media\/401611"}],"wp:attachment":[{"href":"https:\/\/stylingagenten.com\/no\/wp-json\/wp\/v2\/media?parent=401613"}],"wp:term":[{"taxonomy":"product_brand","embeddable":true,"href":"https:\/\/stylingagenten.com\/no\/wp-json\/wp\/v2\/product_brand?post=401613"},{"taxonomy":"product_cat","embeddable":true,"href":"https:\/\/stylingagenten.com\/no\/wp-json\/wp\/v2\/product_cat?post=401613"},{"taxonomy":"product_tag","embeddable":true,"href":"https:\/\/stylingagenten.com\/no\/wp-json\/wp\/v2\/product_tag?post=401613"},{"taxonomy":"berocket_brand","embeddable":true,"href":"https:\/\/stylingagenten.com\/no\/wp-json\/wp\/v2\/berocket_brand?post=401613"}],"curies":[{"name":"wp","href":"https:\/\/api.w.org\/{rel}","templated":true}]}}