{"id":401576,"date":"2025-05-18T22:46:41","date_gmt":"2025-05-18T22:46:41","guid":{"rendered":"https:\/\/staging2.stylingagenten.com\/no\/produkt\/lalique-de-lalique-edp-100ml\/"},"modified":"2026-04-02T14:48:46","modified_gmt":"2026-04-02T14:48:46","slug":"lalique-de-lalique-edp-100ml","status":"publish","type":"product","link":"https:\/\/stylingagenten.com\/no\/produkt\/lalique-de-lalique-edp-100ml\/","title":{"rendered":"Lalique de Lalique Edp 100ml"},"content":{"rendered":"<p>Lalique av Lalique. Dette er en frisk og treaktig duft for kvinner. <br \/>Den inneholder gardenia, mandarin, solb\u00e6r, bj\u00f8rneb\u00e6r, peon, appelsinblomst, magnolia, bulgarsk rose, ylang-ylang, sandeltre, vanilje, rav, eikemose, sedertre. ; og musk.<\/p>\n","protected":false},"excerpt":{"rendered":"<p>Lalique av Lalique. Dette er en frisk og treaktig duft for kvinner. Den inneholder gardenia, mandarin, solb\u00e6r, bj\u00f8rneb\u00e6r, peon, appelsinblomst, magnolia, bulgarsk rose, ylang-ylang, sandeltre, vanilje, rav, eikemose, sedertre. ; og musk.<\/p>\n","protected":false},"featured_media":401572,"comment_status":"open","ping_status":"closed","template":"","meta":{"_trash_the_other_posts":false},"product_brand":[],"product_cat":[706,735,1006,999],"product_tag":[],"berocket_brand":[1139],"class_list":{"0":"post-401576","1":"product","2":"type-product","3":"status-publish","4":"has-post-thumbnail","6":"product_cat-eau-de-parfum-dame","7":"product_cat-kampanje","8":"product_cat-kampanjepris","9":"product_cat-kampanjetilbud-for-henne","10":"pa_brand-lalique","11":"berocket_brand-lalique","13":"first","14":"outofstock","15":"sale","16":"taxable","17":"shipping-taxable","18":"purchasable","19":"product-type-simple"},"_links":{"self":[{"href":"https:\/\/stylingagenten.com\/no\/wp-json\/wp\/v2\/product\/401576","targetHints":{"allow":["GET"]}}],"collection":[{"href":"https:\/\/stylingagenten.com\/no\/wp-json\/wp\/v2\/product"}],"about":[{"href":"https:\/\/stylingagenten.com\/no\/wp-json\/wp\/v2\/types\/product"}],"replies":[{"embeddable":true,"href":"https:\/\/stylingagenten.com\/no\/wp-json\/wp\/v2\/comments?post=401576"}],"version-history":[{"count":0,"href":"https:\/\/stylingagenten.com\/no\/wp-json\/wp\/v2\/product\/401576\/revisions"}],"wp:featuredmedia":[{"embeddable":true,"href":"https:\/\/stylingagenten.com\/no\/wp-json\/wp\/v2\/media\/401572"}],"wp:attachment":[{"href":"https:\/\/stylingagenten.com\/no\/wp-json\/wp\/v2\/media?parent=401576"}],"wp:term":[{"taxonomy":"product_brand","embeddable":true,"href":"https:\/\/stylingagenten.com\/no\/wp-json\/wp\/v2\/product_brand?post=401576"},{"taxonomy":"product_cat","embeddable":true,"href":"https:\/\/stylingagenten.com\/no\/wp-json\/wp\/v2\/product_cat?post=401576"},{"taxonomy":"product_tag","embeddable":true,"href":"https:\/\/stylingagenten.com\/no\/wp-json\/wp\/v2\/product_tag?post=401576"},{"taxonomy":"berocket_brand","embeddable":true,"href":"https:\/\/stylingagenten.com\/no\/wp-json\/wp\/v2\/berocket_brand?post=401576"}],"curies":[{"name":"wp","href":"https:\/\/api.w.org\/{rel}","templated":true}]}}