{"id":401550,"date":"2025-05-18T22:46:30","date_gmt":"2025-05-18T22:46:30","guid":{"rendered":"https:\/\/staging2.stylingagenten.com\/no\/produkt\/roberto-cavalli-paradiso-assoluto-edp-75ml\/"},"modified":"2026-04-13T07:08:41","modified_gmt":"2026-04-13T07:08:41","slug":"roberto-cavalli-paradiso-assoluto-edp-75ml","status":"publish","type":"product","link":"https:\/\/stylingagenten.com\/no\/produkt\/roberto-cavalli-paradiso-assoluto-edp-75ml\/","title":{"rendered":"Roberto Cavalli Paradiso Assoluto Edp 75ml"},"content":{"rendered":"<p>Roberto Cavalli Paradiso Assoluto er en sensuell duft for den individualistiske kvinnen som \u00f8nsker \u00e5 gj\u00f8re et uimotst\u00e5elig inntrykk p\u00e5; sine omgivelser. <br \/>Duften \u00e5pner med noter av sitron, grapefrukt, bergamott, rosepepper og krydder og fortsetter inn i hjertet med vill sjasmin, r\u00f8d lilje og pasjonsfrukt. <br \/>Duften avrundes deretter i en balansert base av patchouli, vanilje, sandeltre og auml; og kasjmir.<\/p>\n<p>Toppnoter: Sitron, grapefrukt, bergamott, rose&eacute;pepper og krydder<br \/>Hjertenoter: Villsjasmin, r\u00f8d lilje og pasjonsfrukt<br \/>Basenoter: Patchouli, vanilje, sandeltre&auml; og kashmir<\/p>\n<p>&nbsp;<\/p>\n","protected":false},"excerpt":{"rendered":"<p>Roberto Cavalli Paradiso Assoluto er en sensuell duft for den individualistiske kvinnen som \u00f8nsker \u00e5 gj\u00f8re et uimotst\u00e5elig inntrykk p\u00e5; sine omgivelser. Duften \u00e5pner med noter av sitron, grapefrukt, bergamott, rosepepper og krydder og fortsetter inn i hjertet med vill sjasmin, r\u00f8d lilje og pasjonsfrukt. Duften avrundes deretter i en balansert base av patchouli, vanilje, [&hellip;]<\/p>\n","protected":false},"featured_media":401540,"comment_status":"open","ping_status":"closed","template":"","meta":{"_trash_the_other_posts":false},"product_brand":[],"product_cat":[706,735,999],"product_tag":[3940],"berocket_brand":[1074],"class_list":{"0":"post-401550","1":"product","2":"type-product","3":"status-publish","4":"has-post-thumbnail","6":"product_cat-eau-de-parfum-dame","7":"product_cat-kampanje","8":"product_cat-kampanjetilbud-for-henne","9":"product_tag-roberto-cavalli-paradiso-assoluto-edp","10":"pa_brand-roberto-cavalli","11":"pa_variant-75ml","12":"berocket_brand-roberto-cavalli","14":"first","15":"instock","16":"sale","17":"taxable","18":"shipping-taxable","19":"purchasable","20":"product-type-simple"},"_links":{"self":[{"href":"https:\/\/stylingagenten.com\/no\/wp-json\/wp\/v2\/product\/401550","targetHints":{"allow":["GET"]}}],"collection":[{"href":"https:\/\/stylingagenten.com\/no\/wp-json\/wp\/v2\/product"}],"about":[{"href":"https:\/\/stylingagenten.com\/no\/wp-json\/wp\/v2\/types\/product"}],"replies":[{"embeddable":true,"href":"https:\/\/stylingagenten.com\/no\/wp-json\/wp\/v2\/comments?post=401550"}],"version-history":[{"count":0,"href":"https:\/\/stylingagenten.com\/no\/wp-json\/wp\/v2\/product\/401550\/revisions"}],"wp:featuredmedia":[{"embeddable":true,"href":"https:\/\/stylingagenten.com\/no\/wp-json\/wp\/v2\/media\/401540"}],"wp:attachment":[{"href":"https:\/\/stylingagenten.com\/no\/wp-json\/wp\/v2\/media?parent=401550"}],"wp:term":[{"taxonomy":"product_brand","embeddable":true,"href":"https:\/\/stylingagenten.com\/no\/wp-json\/wp\/v2\/product_brand?post=401550"},{"taxonomy":"product_cat","embeddable":true,"href":"https:\/\/stylingagenten.com\/no\/wp-json\/wp\/v2\/product_cat?post=401550"},{"taxonomy":"product_tag","embeddable":true,"href":"https:\/\/stylingagenten.com\/no\/wp-json\/wp\/v2\/product_tag?post=401550"},{"taxonomy":"berocket_brand","embeddable":true,"href":"https:\/\/stylingagenten.com\/no\/wp-json\/wp\/v2\/berocket_brand?post=401550"}],"curies":[{"name":"wp","href":"https:\/\/api.w.org\/{rel}","templated":true}]}}