{"id":401521,"date":"2025-05-18T22:46:24","date_gmt":"2025-05-18T22:46:24","guid":{"rendered":"https:\/\/staging2.stylingagenten.com\/no\/produkt\/elizabeth-arden-white-tea-edt-100ml\/"},"modified":"2026-04-13T12:08:14","modified_gmt":"2026-04-13T12:08:14","slug":"elizabeth-arden-white-tea-edt-100ml","status":"publish","type":"product","link":"https:\/\/stylingagenten.com\/no\/produkt\/elizabeth-arden-white-tea-edt-100ml\/","title":{"rendered":"Elizabeth Arden White Tea Edt 100ml"},"content":{"rendered":"<p>Hvit te inneholder skarp og boblende italiensk mandarin supplert med sensuelle toner av salt, kj\u00f8lende havbris.<br \/>Sammen skaper de en fredelig enkelhet. Den herlig fredelige hjertenoten med ekstrakter fra hvit te, tyrkisk rose og mate absolutt fra Paraguay transporterer deg til et sted med luksuri\u00f8s overb\u00e6renhet. Milde toner av Madras-tre, malva og en trio av beroligende musk f\u00f8rer til en harmonisk finale. Pust inn. Pust ut.<br \/>For kvinnen som \u00f8nsker \u00e5 nyte n\u00e5tiden.<\/p>\n","protected":false},"excerpt":{"rendered":"<p>Hvit te inneholder skarp og boblende italiensk mandarin supplert med sensuelle toner av salt, kj\u00f8lende havbris.Sammen skaper de en fredelig enkelhet. Den herlig fredelige hjertenoten med ekstrakter fra hvit te, tyrkisk rose og mate absolutt fra Paraguay transporterer deg til et sted med luksuri\u00f8s overb\u00e6renhet. Milde toner av Madras-tre, malva og en trio av beroligende [&hellip;]<\/p>\n","protected":false},"featured_media":401512,"comment_status":"open","ping_status":"closed","template":"","meta":{"_trash_the_other_posts":false},"product_brand":[],"product_cat":[1003,707,841,735,1006,999],"product_tag":[2870],"berocket_brand":[1303],"class_list":{"0":"post-401521","1":"product","2":"type-product","3":"status-publish","4":"has-post-thumbnail","6":"product_cat-bestselgere","7":"product_cat-eau-de-toilette-dame","8":"product_cat-elizabeth-arden-white-tea","9":"product_cat-kampanje","10":"product_cat-kampanjepris","11":"product_cat-kampanjetilbud-for-henne","12":"product_tag-elizabeth-arden-white-tea-edt","13":"pa_brand-elizabeth-arden","14":"pa_variant-100ml","15":"berocket_brand-elizabeth-arden","17":"first","18":"instock","19":"sale","20":"taxable","21":"shipping-taxable","22":"purchasable","23":"product-type-simple"},"_links":{"self":[{"href":"https:\/\/stylingagenten.com\/no\/wp-json\/wp\/v2\/product\/401521","targetHints":{"allow":["GET"]}}],"collection":[{"href":"https:\/\/stylingagenten.com\/no\/wp-json\/wp\/v2\/product"}],"about":[{"href":"https:\/\/stylingagenten.com\/no\/wp-json\/wp\/v2\/types\/product"}],"replies":[{"embeddable":true,"href":"https:\/\/stylingagenten.com\/no\/wp-json\/wp\/v2\/comments?post=401521"}],"version-history":[{"count":0,"href":"https:\/\/stylingagenten.com\/no\/wp-json\/wp\/v2\/product\/401521\/revisions"}],"wp:featuredmedia":[{"embeddable":true,"href":"https:\/\/stylingagenten.com\/no\/wp-json\/wp\/v2\/media\/401512"}],"wp:attachment":[{"href":"https:\/\/stylingagenten.com\/no\/wp-json\/wp\/v2\/media?parent=401521"}],"wp:term":[{"taxonomy":"product_brand","embeddable":true,"href":"https:\/\/stylingagenten.com\/no\/wp-json\/wp\/v2\/product_brand?post=401521"},{"taxonomy":"product_cat","embeddable":true,"href":"https:\/\/stylingagenten.com\/no\/wp-json\/wp\/v2\/product_cat?post=401521"},{"taxonomy":"product_tag","embeddable":true,"href":"https:\/\/stylingagenten.com\/no\/wp-json\/wp\/v2\/product_tag?post=401521"},{"taxonomy":"berocket_brand","embeddable":true,"href":"https:\/\/stylingagenten.com\/no\/wp-json\/wp\/v2\/berocket_brand?post=401521"}],"curies":[{"name":"wp","href":"https:\/\/api.w.org\/{rel}","templated":true}]}}