{"id":401502,"date":"2025-05-18T22:46:20","date_gmt":"2025-05-18T22:46:20","guid":{"rendered":"https:\/\/staging2.stylingagenten.com\/no\/produkt\/jennifer-lopez-blue-glow-edt-100ml\/"},"modified":"2025-11-19T08:14:34","modified_gmt":"2025-11-19T08:14:34","slug":"jennifer-lopez-blue-glow-edt-100ml","status":"publish","type":"product","link":"https:\/\/stylingagenten.com\/no\/produkt\/jennifer-lopez-blue-glow-edt-100ml\/","title":{"rendered":"Jennifer Lopez Blue Glow Edt 100ml"},"content":{"rendered":"<p>Blue Glow Eau de Toilette av J.LO er en fantastisk forfriskende duft som passer den sensuelle kvinnen med kontroll. Saftige toppnoter \u00e5pner parfymen, som blir til et dufthjerte fylt med duggv\u00e5te blomster. I basen venter en myk og varmende kombinasjon av sedertre, sandeltre. og tonkab\u00f8nne.<\/p>\n<p>Toppnoter: Mangostan, valenciansk appelsin, r\u00f8d drueblomst.<br \/>Hjertenoter: Vill vannlilje, glitrende vannnoter, rose, vaniljeorkide.<br \/>Basinoter: sedertre; , mahognitre, mose, tonkab\u00f8nner fra Venezuela<\/p>\n","protected":false},"excerpt":{"rendered":"<p>Blue Glow Eau de Toilette av J.LO er en fantastisk forfriskende duft som passer den sensuelle kvinnen med kontroll. Saftige toppnoter \u00e5pner parfymen, som blir til et dufthjerte fylt med duggv\u00e5te blomster. I basen venter en myk og varmende kombinasjon av sedertre, sandeltre. og tonkab\u00f8nne. Toppnoter: Mangostan, valenciansk appelsin, r\u00f8d drueblomst.Hjertenoter: Vill vannlilje, glitrende vannnoter, [&hellip;]<\/p>\n","protected":false},"featured_media":401493,"comment_status":"open","ping_status":"closed","template":"","meta":{"_trash_the_other_posts":false},"product_brand":[],"product_cat":[707],"product_tag":[3035],"berocket_brand":[1354],"class_list":{"0":"post-401502","1":"product","2":"type-product","3":"status-publish","4":"has-post-thumbnail","6":"product_cat-eau-de-toilette-dame","7":"product_tag-jennifer-lopez-blue-glow-edt","8":"pa_brand-jennifer-lopez","9":"pa_variant-100ml","10":"berocket_brand-jennifer-lopez","12":"first","13":"outofstock","14":"sale","15":"taxable","16":"shipping-taxable","17":"purchasable","18":"product-type-simple"},"_links":{"self":[{"href":"https:\/\/stylingagenten.com\/no\/wp-json\/wp\/v2\/product\/401502","targetHints":{"allow":["GET"]}}],"collection":[{"href":"https:\/\/stylingagenten.com\/no\/wp-json\/wp\/v2\/product"}],"about":[{"href":"https:\/\/stylingagenten.com\/no\/wp-json\/wp\/v2\/types\/product"}],"replies":[{"embeddable":true,"href":"https:\/\/stylingagenten.com\/no\/wp-json\/wp\/v2\/comments?post=401502"}],"version-history":[{"count":0,"href":"https:\/\/stylingagenten.com\/no\/wp-json\/wp\/v2\/product\/401502\/revisions"}],"wp:featuredmedia":[{"embeddable":true,"href":"https:\/\/stylingagenten.com\/no\/wp-json\/wp\/v2\/media\/401493"}],"wp:attachment":[{"href":"https:\/\/stylingagenten.com\/no\/wp-json\/wp\/v2\/media?parent=401502"}],"wp:term":[{"taxonomy":"product_brand","embeddable":true,"href":"https:\/\/stylingagenten.com\/no\/wp-json\/wp\/v2\/product_brand?post=401502"},{"taxonomy":"product_cat","embeddable":true,"href":"https:\/\/stylingagenten.com\/no\/wp-json\/wp\/v2\/product_cat?post=401502"},{"taxonomy":"product_tag","embeddable":true,"href":"https:\/\/stylingagenten.com\/no\/wp-json\/wp\/v2\/product_tag?post=401502"},{"taxonomy":"berocket_brand","embeddable":true,"href":"https:\/\/stylingagenten.com\/no\/wp-json\/wp\/v2\/berocket_brand?post=401502"}],"curies":[{"name":"wp","href":"https:\/\/api.w.org\/{rel}","templated":true}]}}