{"id":401361,"date":"2025-05-18T22:45:50","date_gmt":"2025-05-18T22:45:50","guid":{"rendered":"https:\/\/staging2.stylingagenten.com\/no\/produkt\/karl-lagerfeld-fleur-de-murier-edp-100ml\/"},"modified":"2026-04-14T18:58:30","modified_gmt":"2026-04-14T18:58:30","slug":"karl-lagerfeld-fleur-de-murier-edp-100ml","status":"publish","type":"product","link":"https:\/\/stylingagenten.com\/no\/produkt\/karl-lagerfeld-fleur-de-murier-edp-100ml\/","title":{"rendered":"Karl Lagerfeld Fleur De Murier Edp 100ml"},"content":{"rendered":"<p>Uppt&auml;ck Fleur de M&ucirc;rier, en Eau de Parfum av KARL LAGERFELD. Denne feminine duften lokker med fruktige toppnoter og eteriske blomster i hjertet som ligger p\u00e5 toppen; en varm, sensuell base av sandeltre&auml; og musk. Floral, feminin, fascinerende.<\/p>\n<p>Toppnoter: r\u00f8de druer, bringeb\u00e6rblad<br \/>Hjertenoter: morb\u00e6rblomst, fiolettblad<br \/>Basinoter: sandeltre, musk<\/p>\n<p><span style=\"font-size: 11.0pt;line-height: 107%;font-family: 'Calibri',sans-serif\">&nbsp;<\/span><\/p>\n","protected":false},"excerpt":{"rendered":"<p>Uppt&auml;ck Fleur de M&ucirc;rier, en Eau de Parfum av KARL LAGERFELD. Denne feminine duften lokker med fruktige toppnoter og eteriske blomster i hjertet som ligger p\u00e5 toppen; en varm, sensuell base av sandeltre&auml; og musk. Floral, feminin, fascinerende. Toppnoter: r\u00f8de druer, bringeb\u00e6rbladHjertenoter: morb\u00e6rblomst, fiolettbladBasinoter: sandeltre, musk &nbsp;<\/p>\n","protected":false},"featured_media":401349,"comment_status":"open","ping_status":"closed","template":"","meta":{"_trash_the_other_posts":false},"product_brand":[],"product_cat":[1003,706,735,1006,999],"product_tag":[3099],"berocket_brand":[1068],"class_list":{"0":"post-401361","1":"product","2":"type-product","3":"status-publish","4":"has-post-thumbnail","6":"product_cat-bestselgere","7":"product_cat-eau-de-parfum-dame","8":"product_cat-kampanje","9":"product_cat-kampanjepris","10":"product_cat-kampanjetilbud-for-henne","11":"product_tag-karl-lagerfeld-fleur-de-murier-edp","12":"pa_brand-karl-lagerfeld","13":"pa_variant-100ml","14":"berocket_brand-karl-lagerfeld","16":"first","17":"instock","18":"sale","19":"taxable","20":"shipping-taxable","21":"purchasable","22":"product-type-simple"},"_links":{"self":[{"href":"https:\/\/stylingagenten.com\/no\/wp-json\/wp\/v2\/product\/401361","targetHints":{"allow":["GET"]}}],"collection":[{"href":"https:\/\/stylingagenten.com\/no\/wp-json\/wp\/v2\/product"}],"about":[{"href":"https:\/\/stylingagenten.com\/no\/wp-json\/wp\/v2\/types\/product"}],"replies":[{"embeddable":true,"href":"https:\/\/stylingagenten.com\/no\/wp-json\/wp\/v2\/comments?post=401361"}],"version-history":[{"count":1,"href":"https:\/\/stylingagenten.com\/no\/wp-json\/wp\/v2\/product\/401361\/revisions"}],"predecessor-version":[{"id":469841,"href":"https:\/\/stylingagenten.com\/no\/wp-json\/wp\/v2\/product\/401361\/revisions\/469841"}],"wp:featuredmedia":[{"embeddable":true,"href":"https:\/\/stylingagenten.com\/no\/wp-json\/wp\/v2\/media\/401349"}],"wp:attachment":[{"href":"https:\/\/stylingagenten.com\/no\/wp-json\/wp\/v2\/media?parent=401361"}],"wp:term":[{"taxonomy":"product_brand","embeddable":true,"href":"https:\/\/stylingagenten.com\/no\/wp-json\/wp\/v2\/product_brand?post=401361"},{"taxonomy":"product_cat","embeddable":true,"href":"https:\/\/stylingagenten.com\/no\/wp-json\/wp\/v2\/product_cat?post=401361"},{"taxonomy":"product_tag","embeddable":true,"href":"https:\/\/stylingagenten.com\/no\/wp-json\/wp\/v2\/product_tag?post=401361"},{"taxonomy":"berocket_brand","embeddable":true,"href":"https:\/\/stylingagenten.com\/no\/wp-json\/wp\/v2\/berocket_brand?post=401361"}],"curies":[{"name":"wp","href":"https:\/\/api.w.org\/{rel}","templated":true}]}}