{"id":401350,"date":"2025-05-18T22:45:47","date_gmt":"2025-05-18T22:45:47","guid":{"rendered":"https:\/\/staging2.stylingagenten.com\/no\/produkt\/jennifer-lopez-live-edp-100ml\/"},"modified":"2026-03-26T18:24:24","modified_gmt":"2026-03-26T18:24:24","slug":"jennifer-lopez-live-edp-100ml","status":"publish","type":"product","link":"https:\/\/stylingagenten.com\/no\/produkt\/jennifer-lopez-live-edp-100ml\/","title":{"rendered":"Jennifer Lopez Live Edp 100ml"},"content":{"rendered":"<p>Jennifer Lopez Live er en sprudlende, floral og fruktig s\u00f8t duft som er en hyllest til musikk, rytme og dans. Parfymen kombinerer s\u00f8te toner av peon og fiolett med den dype s\u00f8dmen av karamell og friskheten av ananas, appelsin og sitron. <br \/>De rike solmodne og eksotiske fruktene gj\u00f8r Jennifer Lopez Live til en ultimat sommerduft som er spesielt egnet for den unge kvinnen, mens sandeltre; og tonkab\u00f8nne gir parfymen mer karakter enn en flyktig fruktduft.<\/p>\n<p>Toppnoter: Appelsin, ananas og sitron<br \/>Hjertenoter: Fiolett og peon<br \/>Basenoter: Sandeltre, tonkab\u00f8nne ;nor og karamell<\/p>\n","protected":false},"excerpt":{"rendered":"<p>Jennifer Lopez Live er en sprudlende, floral og fruktig s\u00f8t duft som er en hyllest til musikk, rytme og dans. Parfymen kombinerer s\u00f8te toner av peon og fiolett med den dype s\u00f8dmen av karamell og friskheten av ananas, appelsin og sitron. De rike solmodne og eksotiske fruktene gj\u00f8r Jennifer Lopez Live til en ultimat sommerduft [&hellip;]<\/p>\n","protected":false},"featured_media":401338,"comment_status":"open","ping_status":"closed","template":"","meta":{"_trash_the_other_posts":false},"product_brand":[],"product_cat":[1003,706,907,735,1006,999],"product_tag":[3037],"berocket_brand":[1354],"class_list":{"0":"post-401350","1":"product","2":"type-product","3":"status-publish","4":"has-post-thumbnail","6":"product_cat-bestselgere","7":"product_cat-eau-de-parfum-dame","8":"product_cat-jennifer-lopez-live","9":"product_cat-kampanje","10":"product_cat-kampanjepris","11":"product_cat-kampanjetilbud-for-henne","12":"product_tag-jennifer-lopez-live-edp","13":"pa_brand-jennifer-lopez","14":"pa_variant-100ml","15":"berocket_brand-jennifer-lopez","17":"first","18":"instock","19":"sale","20":"taxable","21":"shipping-taxable","22":"purchasable","23":"product-type-simple"},"_links":{"self":[{"href":"https:\/\/stylingagenten.com\/no\/wp-json\/wp\/v2\/product\/401350","targetHints":{"allow":["GET"]}}],"collection":[{"href":"https:\/\/stylingagenten.com\/no\/wp-json\/wp\/v2\/product"}],"about":[{"href":"https:\/\/stylingagenten.com\/no\/wp-json\/wp\/v2\/types\/product"}],"replies":[{"embeddable":true,"href":"https:\/\/stylingagenten.com\/no\/wp-json\/wp\/v2\/comments?post=401350"}],"version-history":[{"count":0,"href":"https:\/\/stylingagenten.com\/no\/wp-json\/wp\/v2\/product\/401350\/revisions"}],"wp:featuredmedia":[{"embeddable":true,"href":"https:\/\/stylingagenten.com\/no\/wp-json\/wp\/v2\/media\/401338"}],"wp:attachment":[{"href":"https:\/\/stylingagenten.com\/no\/wp-json\/wp\/v2\/media?parent=401350"}],"wp:term":[{"taxonomy":"product_brand","embeddable":true,"href":"https:\/\/stylingagenten.com\/no\/wp-json\/wp\/v2\/product_brand?post=401350"},{"taxonomy":"product_cat","embeddable":true,"href":"https:\/\/stylingagenten.com\/no\/wp-json\/wp\/v2\/product_cat?post=401350"},{"taxonomy":"product_tag","embeddable":true,"href":"https:\/\/stylingagenten.com\/no\/wp-json\/wp\/v2\/product_tag?post=401350"},{"taxonomy":"berocket_brand","embeddable":true,"href":"https:\/\/stylingagenten.com\/no\/wp-json\/wp\/v2\/berocket_brand?post=401350"}],"curies":[{"name":"wp","href":"https:\/\/api.w.org\/{rel}","templated":true}]}}