{"id":401273,"date":"2025-05-18T22:45:31","date_gmt":"2025-05-18T22:45:31","guid":{"rendered":"https:\/\/staging2.stylingagenten.com\/no\/produkt\/ariana-grande-sweet-like-candy-edp-100ml\/"},"modified":"2026-03-30T09:38:35","modified_gmt":"2026-03-30T09:38:35","slug":"ariana-grande-sweet-like-candy-edp-100ml","status":"publish","type":"product","link":"https:\/\/stylingagenten.com\/no\/produkt\/ariana-grande-sweet-like-candy-edp-100ml\/","title":{"rendered":"Ariana Grande Sweet Like Candy Edp 100ml"},"content":{"rendered":"<p>SWEET LIKE CANDY av Ariana Grande viser en ny sexy side av denne popstjernens selvtillit og stil, som er i stadig utvikling. Som en forlengelse av hennes eget personlige uttrykk, b\u00e6rer hver del av denne dekadente duften Arianas farlig lekne karakter med sukkers\u00f8te, lekne innslag gjennom hele duftfortellingen<\/p>\n<p>En deilig eksplosjon av kandiserte bj\u00f8rneb\u00e6r og saftige italienske bergamotglitter med deilig avhengighet , mens kremaktig kasjmirtre i kombinasjon med uts\u00f8kte elementer av rosa blomster vil bringe du vil ha mer. Den saftige grunnnoten med en blanding av fl\u00f8yelsmyke lag av cr&egrave;e de cassis, myk marshmallow og sexy vanilje etterlater et saftig duftspor som snur hodet<\/p>\n<p>Toppnoter: kandiserte b\u00e6r, bergamot<br \/>hjertenoter: Kasjmirtre, rosa blomster<br \/>Basinoter: Cr&egrave;me de Cassis, Marshmallow, Vanilje.<\/p>\n","protected":false},"excerpt":{"rendered":"<p>SWEET LIKE CANDY av Ariana Grande viser en ny sexy side av denne popstjernens selvtillit og stil, som er i stadig utvikling. Som en forlengelse av hennes eget personlige uttrykk, b\u00e6rer hver del av denne dekadente duften Arianas farlig lekne karakter med sukkers\u00f8te, lekne innslag gjennom hele duftfortellingen En deilig eksplosjon av kandiserte bj\u00f8rneb\u00e6r og [&hellip;]<\/p>\n","protected":false},"featured_media":401267,"comment_status":"open","ping_status":"closed","template":"","meta":{"_trash_the_other_posts":false},"product_brand":[],"product_cat":[706,735,1006,999],"product_tag":[2423],"berocket_brand":[1201],"class_list":{"0":"post-401273","1":"product","2":"type-product","3":"status-publish","4":"has-post-thumbnail","6":"product_cat-eau-de-parfum-dame","7":"product_cat-kampanje","8":"product_cat-kampanjepris","9":"product_cat-kampanjetilbud-for-henne","10":"product_tag-ariana-grande-sweet-like-candy-edp","11":"pa_brand-ariana-grande","12":"pa_variant-100ml","13":"berocket_brand-ariana-grande","15":"first","16":"instock","17":"sale","18":"taxable","19":"shipping-taxable","20":"purchasable","21":"product-type-simple"},"_links":{"self":[{"href":"https:\/\/stylingagenten.com\/no\/wp-json\/wp\/v2\/product\/401273","targetHints":{"allow":["GET"]}}],"collection":[{"href":"https:\/\/stylingagenten.com\/no\/wp-json\/wp\/v2\/product"}],"about":[{"href":"https:\/\/stylingagenten.com\/no\/wp-json\/wp\/v2\/types\/product"}],"replies":[{"embeddable":true,"href":"https:\/\/stylingagenten.com\/no\/wp-json\/wp\/v2\/comments?post=401273"}],"version-history":[{"count":0,"href":"https:\/\/stylingagenten.com\/no\/wp-json\/wp\/v2\/product\/401273\/revisions"}],"wp:featuredmedia":[{"embeddable":true,"href":"https:\/\/stylingagenten.com\/no\/wp-json\/wp\/v2\/media\/401267"}],"wp:attachment":[{"href":"https:\/\/stylingagenten.com\/no\/wp-json\/wp\/v2\/media?parent=401273"}],"wp:term":[{"taxonomy":"product_brand","embeddable":true,"href":"https:\/\/stylingagenten.com\/no\/wp-json\/wp\/v2\/product_brand?post=401273"},{"taxonomy":"product_cat","embeddable":true,"href":"https:\/\/stylingagenten.com\/no\/wp-json\/wp\/v2\/product_cat?post=401273"},{"taxonomy":"product_tag","embeddable":true,"href":"https:\/\/stylingagenten.com\/no\/wp-json\/wp\/v2\/product_tag?post=401273"},{"taxonomy":"berocket_brand","embeddable":true,"href":"https:\/\/stylingagenten.com\/no\/wp-json\/wp\/v2\/berocket_brand?post=401273"}],"curies":[{"name":"wp","href":"https:\/\/api.w.org\/{rel}","templated":true}]}}