{"id":401235,"date":"2025-05-18T22:45:23","date_gmt":"2025-05-18T22:45:23","guid":{"rendered":"https:\/\/staging2.stylingagenten.com\/no\/produkt\/elizabeth-arden-green-tea-lavender-edt-100ml\/"},"modified":"2026-03-30T07:31:07","modified_gmt":"2026-03-30T07:31:07","slug":"elizabeth-arden-green-tea-lavender-edt-100ml","status":"publish","type":"product","link":"https:\/\/stylingagenten.com\/no\/produkt\/elizabeth-arden-green-tea-lavender-edt-100ml\/","title":{"rendered":"Elizabeth Arden Green Tea Lavender Edt 100ml"},"content":{"rendered":"<p>Boligende. Slapper av. Optimistisk. Elizabeth Arden Green Tea Lavender EdT skaper en ny, unik duftopplevelse ved \u00e5 tilf\u00f8re en f\u00f8lelse av ro til den forfriskende og revitaliserende duften av gr\u00f8nn te. Kombinasjonen av den beroligende duften av lavendel og den frodige friskheten av gr\u00f8nn te etterlater deg i en unik tilstand av ro og optimisme.<\/p>\n<p>Toppnoter: Sitron, siciliansk mandarin, peppermynte, vill kamille<br \/>Hjertenoter : Gr\u00f8nn te, Oolong-te, organisk lavendel, bulgarsk orpur, fransk lavendel absolutt orpur, kinesisk magnolia<br \/>Basenoter: moskus, bj\u00f8rketre, moskuskra<\/p>\n","protected":false},"excerpt":{"rendered":"<p>Boligende. Slapper av. Optimistisk. Elizabeth Arden Green Tea Lavender EdT skaper en ny, unik duftopplevelse ved \u00e5 tilf\u00f8re en f\u00f8lelse av ro til den forfriskende og revitaliserende duften av gr\u00f8nn te. Kombinasjonen av den beroligende duften av lavendel og den frodige friskheten av gr\u00f8nn te etterlater deg i en unik tilstand av ro og optimisme. [&hellip;]<\/p>\n","protected":false},"featured_media":401233,"comment_status":"open","ping_status":"closed","template":"","meta":{"_trash_the_other_posts":false},"product_brand":[],"product_cat":[1003,707,735,1006,999],"product_tag":[],"berocket_brand":[1303],"class_list":{"0":"post-401235","1":"product","2":"type-product","3":"status-publish","4":"has-post-thumbnail","6":"product_cat-bestselgere","7":"product_cat-eau-de-toilette-dame","8":"product_cat-kampanje","9":"product_cat-kampanjepris","10":"product_cat-kampanjetilbud-for-henne","11":"pa_brand-elizabeth-arden","12":"berocket_brand-elizabeth-arden","14":"first","15":"instock","16":"sale","17":"taxable","18":"shipping-taxable","19":"purchasable","20":"product-type-simple"},"_links":{"self":[{"href":"https:\/\/stylingagenten.com\/no\/wp-json\/wp\/v2\/product\/401235","targetHints":{"allow":["GET"]}}],"collection":[{"href":"https:\/\/stylingagenten.com\/no\/wp-json\/wp\/v2\/product"}],"about":[{"href":"https:\/\/stylingagenten.com\/no\/wp-json\/wp\/v2\/types\/product"}],"replies":[{"embeddable":true,"href":"https:\/\/stylingagenten.com\/no\/wp-json\/wp\/v2\/comments?post=401235"}],"version-history":[{"count":0,"href":"https:\/\/stylingagenten.com\/no\/wp-json\/wp\/v2\/product\/401235\/revisions"}],"wp:featuredmedia":[{"embeddable":true,"href":"https:\/\/stylingagenten.com\/no\/wp-json\/wp\/v2\/media\/401233"}],"wp:attachment":[{"href":"https:\/\/stylingagenten.com\/no\/wp-json\/wp\/v2\/media?parent=401235"}],"wp:term":[{"taxonomy":"product_brand","embeddable":true,"href":"https:\/\/stylingagenten.com\/no\/wp-json\/wp\/v2\/product_brand?post=401235"},{"taxonomy":"product_cat","embeddable":true,"href":"https:\/\/stylingagenten.com\/no\/wp-json\/wp\/v2\/product_cat?post=401235"},{"taxonomy":"product_tag","embeddable":true,"href":"https:\/\/stylingagenten.com\/no\/wp-json\/wp\/v2\/product_tag?post=401235"},{"taxonomy":"berocket_brand","embeddable":true,"href":"https:\/\/stylingagenten.com\/no\/wp-json\/wp\/v2\/berocket_brand?post=401235"}],"curies":[{"name":"wp","href":"https:\/\/api.w.org\/{rel}","templated":true}]}}