{"id":401223,"date":"2025-05-18T22:45:20","date_gmt":"2025-05-18T22:45:20","guid":{"rendered":"https:\/\/staging2.stylingagenten.com\/no\/produkt\/ariana-grande-ari-edp-50ml\/"},"modified":"2026-04-13T19:18:35","modified_gmt":"2026-04-13T19:18:35","slug":"ariana-grande-ari-edp-50ml","status":"publish","type":"product","link":"https:\/\/stylingagenten.com\/no\/produkt\/ariana-grande-ari-edp-50ml\/","title":{"rendered":"Ariana Grande Ari Edp 50ml"},"content":{"rendered":"<p>Ari av Ariana Grande er en parfyme inspirert av sangerens sprudlende og varme personlighet. Denne duften er vakker, sexy og ungdommelig. Ari er Arianas f\u00f8rste parfyme og inneholder s\u00f8te, florale, friske og treaktige duftnoter.<\/p>\n<p>Toppnoter: P\u00e6re, Grapefrukt &amp; Bringeb\u00e6r<br \/>Hjertenoter: Roseknopper, Orchid&eacute; &amp; Liljekonvall<br \/>Basenoter: Musk, Marshmallow &amp; Lyst tre<\/p>\n","protected":false},"excerpt":{"rendered":"<p>Ari av Ariana Grande er en parfyme inspirert av sangerens sprudlende og varme personlighet. Denne duften er vakker, sexy og ungdommelig. Ari er Arianas f\u00f8rste parfyme og inneholder s\u00f8te, florale, friske og treaktige duftnoter. Toppnoter: P\u00e6re, Grapefrukt &amp; Bringeb\u00e6rHjertenoter: Roseknopper, Orchid&eacute; &amp; LiljekonvallBasenoter: Musk, Marshmallow &amp; Lyst tre<\/p>\n","protected":false},"featured_media":401217,"comment_status":"open","ping_status":"closed","template":"","meta":{"_trash_the_other_posts":false},"product_brand":[],"product_cat":[1003,706,715],"product_tag":[2418],"berocket_brand":[1201],"class_list":{"0":"post-401223","1":"product","2":"type-product","3":"status-publish","4":"has-post-thumbnail","6":"product_cat-bestselgere","7":"product_cat-eau-de-parfum-dame","8":"product_cat-flash-sale","9":"product_tag-ariana-grande-ari-edp","10":"pa_brand-ariana-grande","11":"pa_variant-50ml","12":"berocket_brand-ariana-grande","14":"first","15":"instock","16":"sale","17":"taxable","18":"shipping-taxable","19":"purchasable","20":"product-type-simple"},"_links":{"self":[{"href":"https:\/\/stylingagenten.com\/no\/wp-json\/wp\/v2\/product\/401223","targetHints":{"allow":["GET"]}}],"collection":[{"href":"https:\/\/stylingagenten.com\/no\/wp-json\/wp\/v2\/product"}],"about":[{"href":"https:\/\/stylingagenten.com\/no\/wp-json\/wp\/v2\/types\/product"}],"replies":[{"embeddable":true,"href":"https:\/\/stylingagenten.com\/no\/wp-json\/wp\/v2\/comments?post=401223"}],"version-history":[{"count":0,"href":"https:\/\/stylingagenten.com\/no\/wp-json\/wp\/v2\/product\/401223\/revisions"}],"wp:featuredmedia":[{"embeddable":true,"href":"https:\/\/stylingagenten.com\/no\/wp-json\/wp\/v2\/media\/401217"}],"wp:attachment":[{"href":"https:\/\/stylingagenten.com\/no\/wp-json\/wp\/v2\/media?parent=401223"}],"wp:term":[{"taxonomy":"product_brand","embeddable":true,"href":"https:\/\/stylingagenten.com\/no\/wp-json\/wp\/v2\/product_brand?post=401223"},{"taxonomy":"product_cat","embeddable":true,"href":"https:\/\/stylingagenten.com\/no\/wp-json\/wp\/v2\/product_cat?post=401223"},{"taxonomy":"product_tag","embeddable":true,"href":"https:\/\/stylingagenten.com\/no\/wp-json\/wp\/v2\/product_tag?post=401223"},{"taxonomy":"berocket_brand","embeddable":true,"href":"https:\/\/stylingagenten.com\/no\/wp-json\/wp\/v2\/berocket_brand?post=401223"}],"curies":[{"name":"wp","href":"https:\/\/api.w.org\/{rel}","templated":true}]}}