{"id":401174,"date":"2025-05-18T22:45:08","date_gmt":"2025-05-18T22:45:08","guid":{"rendered":"https:\/\/staging2.stylingagenten.com\/no\/produkt\/oscar-de-la-renta-extraordinary-petale-edp-90ml\/"},"modified":"2026-03-27T08:08:51","modified_gmt":"2026-03-27T08:08:51","slug":"oscar-de-la-renta-extraordinary-petale-edp-90ml","status":"publish","type":"product","link":"https:\/\/stylingagenten.com\/no\/produkt\/oscar-de-la-renta-extraordinary-petale-edp-90ml\/","title":{"rendered":"Oscar de la Renta Extraordinary P\u00e9tale Edp 90ml"},"content":{"rendered":"<p>Oscar de la Renta Extraordinary P&eacute;tale Edp er en ny tolkning av Oscar de la Renta Extraordinary. <br \/>Ekstraordin\u00e6r P&eacute;tale er en floral vri p\u00e5 originalen og kunngj\u00f8res som en myk og romantisk duft. <\/p>\n<p>Toppnoter: Sitrus, bergamott, mandarin, musserende champagne<br \/>Hjertenoter: Appelsinblomst, rose, sjasmin<br \/>Basenoter: Vanilje, musk, rav<\/p>\n","protected":false},"excerpt":{"rendered":"<p>Oscar de la Renta Extraordinary P&eacute;tale Edp er en ny tolkning av Oscar de la Renta Extraordinary. Ekstraordin\u00e6r P&eacute;tale er en floral vri p\u00e5 originalen og kunngj\u00f8res som en myk og romantisk duft. Toppnoter: Sitrus, bergamott, mandarin, musserende champagneHjertenoter: Appelsinblomst, rose, sjasminBasenoter: Vanilje, musk, rav<\/p>\n","protected":false},"featured_media":401164,"comment_status":"open","ping_status":"closed","template":"","meta":{"_trash_the_other_posts":false},"product_brand":[],"product_cat":[706,735,999],"product_tag":[],"berocket_brand":[1047],"class_list":{"0":"post-401174","1":"product","2":"type-product","3":"status-publish","4":"has-post-thumbnail","6":"product_cat-eau-de-parfum-dame","7":"product_cat-kampanje","8":"product_cat-kampanjetilbud-for-henne","9":"pa_brand-oscar-de-la-renta","10":"berocket_brand-oscar-de-la-renta","12":"first","13":"instock","14":"sale","15":"taxable","16":"shipping-taxable","17":"purchasable","18":"product-type-simple"},"_links":{"self":[{"href":"https:\/\/stylingagenten.com\/no\/wp-json\/wp\/v2\/product\/401174","targetHints":{"allow":["GET"]}}],"collection":[{"href":"https:\/\/stylingagenten.com\/no\/wp-json\/wp\/v2\/product"}],"about":[{"href":"https:\/\/stylingagenten.com\/no\/wp-json\/wp\/v2\/types\/product"}],"replies":[{"embeddable":true,"href":"https:\/\/stylingagenten.com\/no\/wp-json\/wp\/v2\/comments?post=401174"}],"version-history":[{"count":0,"href":"https:\/\/stylingagenten.com\/no\/wp-json\/wp\/v2\/product\/401174\/revisions"}],"wp:featuredmedia":[{"embeddable":true,"href":"https:\/\/stylingagenten.com\/no\/wp-json\/wp\/v2\/media\/401164"}],"wp:attachment":[{"href":"https:\/\/stylingagenten.com\/no\/wp-json\/wp\/v2\/media?parent=401174"}],"wp:term":[{"taxonomy":"product_brand","embeddable":true,"href":"https:\/\/stylingagenten.com\/no\/wp-json\/wp\/v2\/product_brand?post=401174"},{"taxonomy":"product_cat","embeddable":true,"href":"https:\/\/stylingagenten.com\/no\/wp-json\/wp\/v2\/product_cat?post=401174"},{"taxonomy":"product_tag","embeddable":true,"href":"https:\/\/stylingagenten.com\/no\/wp-json\/wp\/v2\/product_tag?post=401174"},{"taxonomy":"berocket_brand","embeddable":true,"href":"https:\/\/stylingagenten.com\/no\/wp-json\/wp\/v2\/berocket_brand?post=401174"}],"curies":[{"name":"wp","href":"https:\/\/api.w.org\/{rel}","templated":true}]}}