{"id":401076,"date":"2025-05-18T22:44:44","date_gmt":"2025-05-18T22:44:44","guid":{"rendered":"https:\/\/staging2.stylingagenten.com\/no\/produkt\/burberry-brit-for-her-edp-75ml\/"},"modified":"2025-11-19T08:30:49","modified_gmt":"2025-11-19T08:30:49","slug":"burberry-brit-for-her-edp-75ml","status":"publish","type":"product","link":"https:\/\/stylingagenten.com\/no\/produkt\/burberry-brit-for-her-edp-75ml\/","title":{"rendered":"Burberry Brit for Her Edp 7,5ml"},"content":{"rendered":"<p><strong>Burberry Brit for Her Rollerball Edp 7,5 ml <\/strong><\/p>\n<p>Burberry Brit Women er en frisk og moderne feminin duft med hint av frukt og n\u00f8tter.<br \/><strong>Duftnoter :&nbsp;<\/strong>lime, p\u00e6re, kandiserte mandler, hvit peon, rav, mahogni, tonkab\u00f8nner og vanilje.<\/p>\n","protected":false},"excerpt":{"rendered":"<p>Burberry Brit for Her Rollerball Edp 7,5 ml Burberry Brit Women er en frisk og moderne feminin duft med hint av frukt og n\u00f8tter.Duftnoter :&nbsp;lime, p\u00e6re, kandiserte mandler, hvit peon, rav, mahogni, tonkab\u00f8nner og vanilje.<\/p>\n","protected":false},"featured_media":401075,"comment_status":"open","ping_status":"closed","template":"","meta":{"_trash_the_other_posts":false},"product_brand":[],"product_cat":[776,706],"product_tag":[2593],"berocket_brand":[1017],"class_list":{"0":"post-401076","1":"product","2":"type-product","3":"status-publish","4":"has-post-thumbnail","6":"product_cat-burberry-brit-women","7":"product_cat-eau-de-parfum-dame","8":"product_tag-burberry-brit-for-her-edp","9":"pa_brand-burberry","10":"pa_variant-7-5ml","11":"berocket_brand-burberry","13":"first","14":"outofstock","15":"sale","16":"taxable","17":"shipping-taxable","18":"purchasable","19":"product-type-simple"},"_links":{"self":[{"href":"https:\/\/stylingagenten.com\/no\/wp-json\/wp\/v2\/product\/401076","targetHints":{"allow":["GET"]}}],"collection":[{"href":"https:\/\/stylingagenten.com\/no\/wp-json\/wp\/v2\/product"}],"about":[{"href":"https:\/\/stylingagenten.com\/no\/wp-json\/wp\/v2\/types\/product"}],"replies":[{"embeddable":true,"href":"https:\/\/stylingagenten.com\/no\/wp-json\/wp\/v2\/comments?post=401076"}],"version-history":[{"count":0,"href":"https:\/\/stylingagenten.com\/no\/wp-json\/wp\/v2\/product\/401076\/revisions"}],"wp:featuredmedia":[{"embeddable":true,"href":"https:\/\/stylingagenten.com\/no\/wp-json\/wp\/v2\/media\/401075"}],"wp:attachment":[{"href":"https:\/\/stylingagenten.com\/no\/wp-json\/wp\/v2\/media?parent=401076"}],"wp:term":[{"taxonomy":"product_brand","embeddable":true,"href":"https:\/\/stylingagenten.com\/no\/wp-json\/wp\/v2\/product_brand?post=401076"},{"taxonomy":"product_cat","embeddable":true,"href":"https:\/\/stylingagenten.com\/no\/wp-json\/wp\/v2\/product_cat?post=401076"},{"taxonomy":"product_tag","embeddable":true,"href":"https:\/\/stylingagenten.com\/no\/wp-json\/wp\/v2\/product_tag?post=401076"},{"taxonomy":"berocket_brand","embeddable":true,"href":"https:\/\/stylingagenten.com\/no\/wp-json\/wp\/v2\/berocket_brand?post=401076"}],"curies":[{"name":"wp","href":"https:\/\/api.w.org\/{rel}","templated":true}]}}