{"id":401031,"date":"2025-05-18T22:44:32","date_gmt":"2025-05-18T22:44:32","guid":{"rendered":"https:\/\/staging2.stylingagenten.com\/no\/produkt\/burberry-brit-for-her-edp-100ml\/"},"modified":"2026-01-30T22:16:38","modified_gmt":"2026-01-30T22:16:38","slug":"burberry-brit-for-her-edp-100ml","status":"publish","type":"product","link":"https:\/\/stylingagenten.com\/no\/produkt\/burberry-brit-for-her-edp-100ml\/","title":{"rendered":"Burberry Brit For Her EdP 100ml"},"content":{"rendered":"<p>Burberry Brit For Her er en frisk og moderne feminin duft med vanedannende toppnoter av spr\u00f8, isete p\u00e6re, sukkerholdige mandler og intens vanilje.<\/p>\n<p>Toppnoter: Gr\u00f8nn mandel, fersken Plomme, sitrongress og lime<br \/>Hjertenoter: Sukkerede mandler og peon<br \/>Basenoter: Ambra, vanilje og mahogni<\/p>\n<p><\/p>\n","protected":false},"excerpt":{"rendered":"<p>Burberry Brit For Her er en frisk og moderne feminin duft med vanedannende toppnoter av spr\u00f8, isete p\u00e6re, sukkerholdige mandler og intens vanilje. Toppnoter: Gr\u00f8nn mandel, fersken Plomme, sitrongress og limeHjertenoter: Sukkerede mandler og peonBasenoter: Ambra, vanilje og mahogni<\/p>\n","protected":false},"featured_media":401017,"comment_status":"open","ping_status":"closed","template":"","meta":{"_trash_the_other_posts":false},"product_brand":[],"product_cat":[1003,706,1006],"product_tag":[2593],"berocket_brand":[1017],"class_list":{"0":"post-401031","1":"product","2":"type-product","3":"status-publish","4":"has-post-thumbnail","6":"product_cat-bestselgere","7":"product_cat-eau-de-parfum-dame","8":"product_cat-kampanjepris","9":"product_tag-burberry-brit-for-her-edp","10":"pa_brand-burberry","11":"pa_variant-100ml","12":"berocket_brand-burberry","14":"first","15":"outofstock","16":"sale","17":"taxable","18":"shipping-taxable","19":"purchasable","20":"product-type-simple"},"_links":{"self":[{"href":"https:\/\/stylingagenten.com\/no\/wp-json\/wp\/v2\/product\/401031","targetHints":{"allow":["GET"]}}],"collection":[{"href":"https:\/\/stylingagenten.com\/no\/wp-json\/wp\/v2\/product"}],"about":[{"href":"https:\/\/stylingagenten.com\/no\/wp-json\/wp\/v2\/types\/product"}],"replies":[{"embeddable":true,"href":"https:\/\/stylingagenten.com\/no\/wp-json\/wp\/v2\/comments?post=401031"}],"version-history":[{"count":0,"href":"https:\/\/stylingagenten.com\/no\/wp-json\/wp\/v2\/product\/401031\/revisions"}],"wp:featuredmedia":[{"embeddable":true,"href":"https:\/\/stylingagenten.com\/no\/wp-json\/wp\/v2\/media\/401017"}],"wp:attachment":[{"href":"https:\/\/stylingagenten.com\/no\/wp-json\/wp\/v2\/media?parent=401031"}],"wp:term":[{"taxonomy":"product_brand","embeddable":true,"href":"https:\/\/stylingagenten.com\/no\/wp-json\/wp\/v2\/product_brand?post=401031"},{"taxonomy":"product_cat","embeddable":true,"href":"https:\/\/stylingagenten.com\/no\/wp-json\/wp\/v2\/product_cat?post=401031"},{"taxonomy":"product_tag","embeddable":true,"href":"https:\/\/stylingagenten.com\/no\/wp-json\/wp\/v2\/product_tag?post=401031"},{"taxonomy":"berocket_brand","embeddable":true,"href":"https:\/\/stylingagenten.com\/no\/wp-json\/wp\/v2\/berocket_brand?post=401031"}],"curies":[{"name":"wp","href":"https:\/\/api.w.org\/{rel}","templated":true}]}}