{"id":400900,"date":"2025-05-18T22:43:56","date_gmt":"2025-05-18T22:43:56","guid":{"rendered":"https:\/\/staging2.stylingagenten.com\/no\/produkt\/elizabeth-arden-5th-avenue-edp-30ml\/"},"modified":"2026-04-11T20:48:37","modified_gmt":"2026-04-11T20:48:37","slug":"elizabeth-arden-5th-avenue-edp-30ml","status":"publish","type":"product","link":"https:\/\/stylingagenten.com\/no\/produkt\/elizabeth-arden-5th-avenue-edp-30ml\/","title":{"rendered":"Elizabeth Arden 5th Avenue Edp 30ml"},"content":{"rendered":"<p>Elizabeth Arden 5th Avenue er en floral, orientalsk og sommerlig duft for den moderne kvinnen. Denne parfymen f\u00e5r deg til \u00e5 f\u00f8le deg frisk og feminin hele dagen.<\/p>\n<p><strong>Duftnoter:&nbsp;<\/strong>magnolia, lime, liljekonvall, bergamott, muskat, fiolett, fersken, rose, iris, musk &amp; vanilje.<\/p>\n","protected":false},"excerpt":{"rendered":"<p>Elizabeth Arden 5th Avenue er en floral, orientalsk og sommerlig duft for den moderne kvinnen. Denne parfymen f\u00e5r deg til \u00e5 f\u00f8le deg frisk og feminin hele dagen. Duftnoter:&nbsp;magnolia, lime, liljekonvall, bergamott, muskat, fiolett, fersken, rose, iris, musk &amp; vanilje.<\/p>\n","protected":false},"featured_media":400896,"comment_status":"open","ping_status":"closed","template":"","meta":{"_trash_the_other_posts":false},"product_brand":[],"product_cat":[1003,706,735,1006,999],"product_tag":[2856],"berocket_brand":[1303],"class_list":{"0":"post-400900","1":"product","2":"type-product","3":"status-publish","4":"has-post-thumbnail","6":"product_cat-bestselgere","7":"product_cat-eau-de-parfum-dame","8":"product_cat-kampanje","9":"product_cat-kampanjepris","10":"product_cat-kampanjetilbud-for-henne","11":"product_tag-elizabeth-arden-5th-avenue-edp","12":"pa_brand-elizabeth-arden","13":"pa_variant-30ml","14":"berocket_brand-elizabeth-arden","16":"first","17":"instock","18":"sale","19":"taxable","20":"shipping-taxable","21":"purchasable","22":"product-type-simple"},"_links":{"self":[{"href":"https:\/\/stylingagenten.com\/no\/wp-json\/wp\/v2\/product\/400900","targetHints":{"allow":["GET"]}}],"collection":[{"href":"https:\/\/stylingagenten.com\/no\/wp-json\/wp\/v2\/product"}],"about":[{"href":"https:\/\/stylingagenten.com\/no\/wp-json\/wp\/v2\/types\/product"}],"replies":[{"embeddable":true,"href":"https:\/\/stylingagenten.com\/no\/wp-json\/wp\/v2\/comments?post=400900"}],"version-history":[{"count":0,"href":"https:\/\/stylingagenten.com\/no\/wp-json\/wp\/v2\/product\/400900\/revisions"}],"wp:featuredmedia":[{"embeddable":true,"href":"https:\/\/stylingagenten.com\/no\/wp-json\/wp\/v2\/media\/400896"}],"wp:attachment":[{"href":"https:\/\/stylingagenten.com\/no\/wp-json\/wp\/v2\/media?parent=400900"}],"wp:term":[{"taxonomy":"product_brand","embeddable":true,"href":"https:\/\/stylingagenten.com\/no\/wp-json\/wp\/v2\/product_brand?post=400900"},{"taxonomy":"product_cat","embeddable":true,"href":"https:\/\/stylingagenten.com\/no\/wp-json\/wp\/v2\/product_cat?post=400900"},{"taxonomy":"product_tag","embeddable":true,"href":"https:\/\/stylingagenten.com\/no\/wp-json\/wp\/v2\/product_tag?post=400900"},{"taxonomy":"berocket_brand","embeddable":true,"href":"https:\/\/stylingagenten.com\/no\/wp-json\/wp\/v2\/berocket_brand?post=400900"}],"curies":[{"name":"wp","href":"https:\/\/api.w.org\/{rel}","templated":true}]}}