{"id":400850,"date":"2025-05-18T22:43:44","date_gmt":"2025-05-18T22:43:44","guid":{"rendered":"https:\/\/staging2.stylingagenten.com\/no\/produkt\/hugo-boss-the-scent-for-her-edp-100ml\/"},"modified":"2026-03-25T09:38:54","modified_gmt":"2026-03-25T09:38:54","slug":"hugo-boss-the-scent-for-her-edp-100ml","status":"publish","type":"product","link":"https:\/\/stylingagenten.com\/no\/produkt\/hugo-boss-the-scent-for-her-edp-100ml\/","title":{"rendered":"Hugo Boss The Scent For Her Edp 100ml"},"content":{"rendered":"<p>Hugo Boss The Scent For Her er en luksuri\u00f8s og sensuell duft som utstr\u00e5ler eksklusiv kvinnelig eleganse og varme. Med en uimotst\u00e5elig og kraftig kombinasjon av ingredienser, reflekterer duften det fantastiske samspillet mellom to mennesker som trekkes n\u00e6rmere og n\u00e6rmere hverandre.<\/p>\n<p><strong>Duftnotater:<\/strong> fresia, fersken, osmanthus &amp; stekt kakao.<\/p>\n","protected":false},"excerpt":{"rendered":"<p>Hugo Boss The Scent For Her er en luksuri\u00f8s og sensuell duft som utstr\u00e5ler eksklusiv kvinnelig eleganse og varme. Med en uimotst\u00e5elig og kraftig kombinasjon av ingredienser, reflekterer duften det fantastiske samspillet mellom to mennesker som trekkes n\u00e6rmere og n\u00e6rmere hverandre. Duftnotater: fresia, fersken, osmanthus &amp; stekt kakao.<\/p>\n","protected":false},"featured_media":400844,"comment_status":"open","ping_status":"closed","template":"","meta":{"_trash_the_other_posts":false},"product_brand":[],"product_cat":[1003,707,898,735,999],"product_tag":[2996],"berocket_brand":[1339],"class_list":{"0":"post-400850","1":"product","2":"type-product","3":"status-publish","4":"has-post-thumbnail","6":"product_cat-bestselgere","7":"product_cat-eau-de-toilette-dame","8":"product_cat-issey-miyake-leau-dissey","9":"product_cat-kampanje","10":"product_cat-kampanjetilbud-for-henne","11":"product_tag-hugo-boss-the-scent-for-her-edp","12":"pa_brand-hugo-boss","13":"pa_variant-100ml","14":"berocket_brand-hugo-boss","16":"first","17":"outofstock","18":"sale","19":"taxable","20":"shipping-taxable","21":"purchasable","22":"product-type-simple"},"_links":{"self":[{"href":"https:\/\/stylingagenten.com\/no\/wp-json\/wp\/v2\/product\/400850","targetHints":{"allow":["GET"]}}],"collection":[{"href":"https:\/\/stylingagenten.com\/no\/wp-json\/wp\/v2\/product"}],"about":[{"href":"https:\/\/stylingagenten.com\/no\/wp-json\/wp\/v2\/types\/product"}],"replies":[{"embeddable":true,"href":"https:\/\/stylingagenten.com\/no\/wp-json\/wp\/v2\/comments?post=400850"}],"version-history":[{"count":0,"href":"https:\/\/stylingagenten.com\/no\/wp-json\/wp\/v2\/product\/400850\/revisions"}],"wp:featuredmedia":[{"embeddable":true,"href":"https:\/\/stylingagenten.com\/no\/wp-json\/wp\/v2\/media\/400844"}],"wp:attachment":[{"href":"https:\/\/stylingagenten.com\/no\/wp-json\/wp\/v2\/media?parent=400850"}],"wp:term":[{"taxonomy":"product_brand","embeddable":true,"href":"https:\/\/stylingagenten.com\/no\/wp-json\/wp\/v2\/product_brand?post=400850"},{"taxonomy":"product_cat","embeddable":true,"href":"https:\/\/stylingagenten.com\/no\/wp-json\/wp\/v2\/product_cat?post=400850"},{"taxonomy":"product_tag","embeddable":true,"href":"https:\/\/stylingagenten.com\/no\/wp-json\/wp\/v2\/product_tag?post=400850"},{"taxonomy":"berocket_brand","embeddable":true,"href":"https:\/\/stylingagenten.com\/no\/wp-json\/wp\/v2\/berocket_brand?post=400850"}],"curies":[{"name":"wp","href":"https:\/\/api.w.org\/{rel}","templated":true}]}}