{"id":400800,"date":"2025-05-18T22:43:29","date_gmt":"2025-05-18T22:43:29","guid":{"rendered":"https:\/\/staging2.stylingagenten.com\/no\/produkt\/davidoff-cool-water-woman-edt-30ml\/"},"modified":"2026-04-07T19:48:46","modified_gmt":"2026-04-07T19:48:46","slug":"davidoff-cool-water-woman-edt-30ml","status":"publish","type":"product","link":"https:\/\/stylingagenten.com\/no\/produkt\/davidoff-cool-water-woman-edt-30ml\/","title":{"rendered":"Davidoff Cool Water Woman Edt 30ml"},"content":{"rendered":"<p>Davidoff Cool Water Woman er en frisk duft som forsterker en kvinnes selvsikre og naturlige skj\u00f8nnhet. Oppdag denne glitrende, friske og sensuelle f\u00f8lelsen.<\/p>\n<p><strong>Duftnoter:<\/strong> osoniske noter, sitrus, ananas, solb\u00e6r, honningmelon, lotus, vannlilje, kornblomst, sjasmin, muguet , iris, vetiver, sandeltre, fersken og morb\u00e6r.<\/p>\n","protected":false},"excerpt":{"rendered":"<p>Davidoff Cool Water Woman er en frisk duft som forsterker en kvinnes selvsikre og naturlige skj\u00f8nnhet. Oppdag denne glitrende, friske og sensuelle f\u00f8lelsen. Duftnoter: osoniske noter, sitrus, ananas, solb\u00e6r, honningmelon, lotus, vannlilje, kornblomst, sjasmin, muguet , iris, vetiver, sandeltre, fersken og morb\u00e6r.<\/p>\n","protected":false},"featured_media":400798,"comment_status":"open","ping_status":"closed","template":"","meta":{"_trash_the_other_posts":false},"product_brand":[],"product_cat":[823,707,735,1006,999],"product_tag":[2780],"berocket_brand":[1282],"class_list":{"0":"post-400800","1":"product","2":"type-product","3":"status-publish","4":"has-post-thumbnail","6":"product_cat-davidoff-cool-water-woman","7":"product_cat-eau-de-toilette-dame","8":"product_cat-kampanje","9":"product_cat-kampanjepris","10":"product_cat-kampanjetilbud-for-henne","11":"product_tag-davidoff-cool-water-woman-edt","12":"pa_brand-davidoff","13":"pa_variant-30ml","14":"berocket_brand-davidoff","16":"first","17":"instock","18":"sale","19":"taxable","20":"shipping-taxable","21":"purchasable","22":"product-type-simple"},"_links":{"self":[{"href":"https:\/\/stylingagenten.com\/no\/wp-json\/wp\/v2\/product\/400800","targetHints":{"allow":["GET"]}}],"collection":[{"href":"https:\/\/stylingagenten.com\/no\/wp-json\/wp\/v2\/product"}],"about":[{"href":"https:\/\/stylingagenten.com\/no\/wp-json\/wp\/v2\/types\/product"}],"replies":[{"embeddable":true,"href":"https:\/\/stylingagenten.com\/no\/wp-json\/wp\/v2\/comments?post=400800"}],"version-history":[{"count":0,"href":"https:\/\/stylingagenten.com\/no\/wp-json\/wp\/v2\/product\/400800\/revisions"}],"wp:featuredmedia":[{"embeddable":true,"href":"https:\/\/stylingagenten.com\/no\/wp-json\/wp\/v2\/media\/400798"}],"wp:attachment":[{"href":"https:\/\/stylingagenten.com\/no\/wp-json\/wp\/v2\/media?parent=400800"}],"wp:term":[{"taxonomy":"product_brand","embeddable":true,"href":"https:\/\/stylingagenten.com\/no\/wp-json\/wp\/v2\/product_brand?post=400800"},{"taxonomy":"product_cat","embeddable":true,"href":"https:\/\/stylingagenten.com\/no\/wp-json\/wp\/v2\/product_cat?post=400800"},{"taxonomy":"product_tag","embeddable":true,"href":"https:\/\/stylingagenten.com\/no\/wp-json\/wp\/v2\/product_tag?post=400800"},{"taxonomy":"berocket_brand","embeddable":true,"href":"https:\/\/stylingagenten.com\/no\/wp-json\/wp\/v2\/berocket_brand?post=400800"}],"curies":[{"name":"wp","href":"https:\/\/api.w.org\/{rel}","templated":true}]}}