{"id":400673,"date":"2025-05-18T22:42:43","date_gmt":"2025-05-18T22:42:43","guid":{"rendered":"https:\/\/staging2.stylingagenten.com\/no\/produkt\/roberto-cavalli-edp-50ml\/"},"modified":"2026-04-14T10:39:01","modified_gmt":"2026-04-14T10:39:01","slug":"roberto-cavalli-edp-50ml","status":"publish","type":"product","link":"https:\/\/stylingagenten.com\/no\/produkt\/roberto-cavalli-edp-50ml\/","title":{"rendered":"Roberto Cavalli Edp 50ml"},"content":{"rendered":"<p>Roberto Cavalli Edp er en solrik og sprudlende duft hvis toppnoter, opplyst av rosa pepper, utstr\u00e5ler en genuin karakterstyrke. Den gjenspeiler femininitet, sensualitet og ekstravaganse, og kvinnen som b\u00e6rer denne duften har feminin eleganse og energien til en oppr\u00f8rsk skapning.<\/p>\n<p><strong>Duftnotater: <\/strong>rosepepper. appelsinblomst absolutt. Tonkab\u00f8nner, vanilje og benzoin.<\/p>\n","protected":false},"excerpt":{"rendered":"<p>Roberto Cavalli Edp er en solrik og sprudlende duft hvis toppnoter, opplyst av rosa pepper, utstr\u00e5ler en genuin karakterstyrke. Den gjenspeiler femininitet, sensualitet og ekstravaganse, og kvinnen som b\u00e6rer denne duften har feminin eleganse og energien til en oppr\u00f8rsk skapning. Duftnotater: rosepepper. appelsinblomst absolutt. Tonkab\u00f8nner, vanilje og benzoin.<\/p>\n","protected":false},"featured_media":400669,"comment_status":"open","ping_status":"closed","template":"","meta":{"_trash_the_other_posts":false},"product_brand":[],"product_cat":[706,735,999,983],"product_tag":[3934],"berocket_brand":[1074],"class_list":{"0":"post-400673","1":"product","2":"type-product","3":"status-publish","4":"has-post-thumbnail","6":"product_cat-eau-de-parfum-dame","7":"product_cat-kampanje","8":"product_cat-kampanjetilbud-for-henne","9":"product_cat-roberto-cavalli-edp","10":"product_tag-roberto-cavalli-edp","11":"pa_brand-roberto-cavalli","12":"pa_variant-50ml","13":"berocket_brand-roberto-cavalli","15":"first","16":"instock","17":"sale","18":"taxable","19":"shipping-taxable","20":"purchasable","21":"product-type-simple"},"_links":{"self":[{"href":"https:\/\/stylingagenten.com\/no\/wp-json\/wp\/v2\/product\/400673","targetHints":{"allow":["GET"]}}],"collection":[{"href":"https:\/\/stylingagenten.com\/no\/wp-json\/wp\/v2\/product"}],"about":[{"href":"https:\/\/stylingagenten.com\/no\/wp-json\/wp\/v2\/types\/product"}],"replies":[{"embeddable":true,"href":"https:\/\/stylingagenten.com\/no\/wp-json\/wp\/v2\/comments?post=400673"}],"version-history":[{"count":0,"href":"https:\/\/stylingagenten.com\/no\/wp-json\/wp\/v2\/product\/400673\/revisions"}],"wp:featuredmedia":[{"embeddable":true,"href":"https:\/\/stylingagenten.com\/no\/wp-json\/wp\/v2\/media\/400669"}],"wp:attachment":[{"href":"https:\/\/stylingagenten.com\/no\/wp-json\/wp\/v2\/media?parent=400673"}],"wp:term":[{"taxonomy":"product_brand","embeddable":true,"href":"https:\/\/stylingagenten.com\/no\/wp-json\/wp\/v2\/product_brand?post=400673"},{"taxonomy":"product_cat","embeddable":true,"href":"https:\/\/stylingagenten.com\/no\/wp-json\/wp\/v2\/product_cat?post=400673"},{"taxonomy":"product_tag","embeddable":true,"href":"https:\/\/stylingagenten.com\/no\/wp-json\/wp\/v2\/product_tag?post=400673"},{"taxonomy":"berocket_brand","embeddable":true,"href":"https:\/\/stylingagenten.com\/no\/wp-json\/wp\/v2\/berocket_brand?post=400673"}],"curies":[{"name":"wp","href":"https:\/\/api.w.org\/{rel}","templated":true}]}}