{"id":400644,"date":"2025-05-18T22:42:31","date_gmt":"2025-05-18T22:42:31","guid":{"rendered":"https:\/\/staging2.stylingagenten.com\/no\/produkt\/oscar-de-la-renta-rosamor-edt-100ml\/"},"modified":"2026-03-29T15:09:05","modified_gmt":"2026-03-29T15:09:05","slug":"oscar-de-la-renta-rosamor-edt-100ml","status":"publish","type":"product","link":"https:\/\/stylingagenten.com\/no\/produkt\/oscar-de-la-renta-rosamor-edt-100ml\/","title":{"rendered":"Oscar de la Renta Rosamor Edt 100ml"},"content":{"rendered":"<p>Oscar de la Renta Rosamor Edt er en varm og nostalgisk duft inspirert av den spanske ?rosa? for rose og ?amor? for kj\u00e6rlighet. Den ideelle gaven til den kj\u00e6rlige kvinnen.<\/p>\n<p><strong>Duftnoter:<\/strong> mandarin, lilje, ylang-ylang, tuberose, rose, heliotrop, tonkab\u00f8nne, vanilje og musk<\/p>\n","protected":false},"excerpt":{"rendered":"<p>Oscar de la Renta Rosamor Edt er en varm og nostalgisk duft inspirert av den spanske ?rosa? for rose og ?amor? for kj\u00e6rlighet. Den ideelle gaven til den kj\u00e6rlige kvinnen. Duftnoter: mandarin, lilje, ylang-ylang, tuberose, rose, heliotrop, tonkab\u00f8nne, vanilje og musk<\/p>\n","protected":false},"featured_media":400641,"comment_status":"open","ping_status":"closed","template":"","meta":{"_trash_the_other_posts":false},"product_brand":[],"product_cat":[707,735,999],"product_tag":[],"berocket_brand":[1047],"class_list":{"0":"post-400644","1":"product","2":"type-product","3":"status-publish","4":"has-post-thumbnail","6":"product_cat-eau-de-toilette-dame","7":"product_cat-kampanje","8":"product_cat-kampanjetilbud-for-henne","9":"pa_brand-oscar-de-la-renta","10":"berocket_brand-oscar-de-la-renta","12":"first","13":"instock","14":"sale","15":"taxable","16":"shipping-taxable","17":"purchasable","18":"product-type-simple"},"_links":{"self":[{"href":"https:\/\/stylingagenten.com\/no\/wp-json\/wp\/v2\/product\/400644","targetHints":{"allow":["GET"]}}],"collection":[{"href":"https:\/\/stylingagenten.com\/no\/wp-json\/wp\/v2\/product"}],"about":[{"href":"https:\/\/stylingagenten.com\/no\/wp-json\/wp\/v2\/types\/product"}],"replies":[{"embeddable":true,"href":"https:\/\/stylingagenten.com\/no\/wp-json\/wp\/v2\/comments?post=400644"}],"version-history":[{"count":0,"href":"https:\/\/stylingagenten.com\/no\/wp-json\/wp\/v2\/product\/400644\/revisions"}],"wp:featuredmedia":[{"embeddable":true,"href":"https:\/\/stylingagenten.com\/no\/wp-json\/wp\/v2\/media\/400641"}],"wp:attachment":[{"href":"https:\/\/stylingagenten.com\/no\/wp-json\/wp\/v2\/media?parent=400644"}],"wp:term":[{"taxonomy":"product_brand","embeddable":true,"href":"https:\/\/stylingagenten.com\/no\/wp-json\/wp\/v2\/product_brand?post=400644"},{"taxonomy":"product_cat","embeddable":true,"href":"https:\/\/stylingagenten.com\/no\/wp-json\/wp\/v2\/product_cat?post=400644"},{"taxonomy":"product_tag","embeddable":true,"href":"https:\/\/stylingagenten.com\/no\/wp-json\/wp\/v2\/product_tag?post=400644"},{"taxonomy":"berocket_brand","embeddable":true,"href":"https:\/\/stylingagenten.com\/no\/wp-json\/wp\/v2\/berocket_brand?post=400644"}],"curies":[{"name":"wp","href":"https:\/\/api.w.org\/{rel}","templated":true}]}}