{"id":400643,"date":"2025-05-18T22:42:31","date_gmt":"2025-05-18T22:42:31","guid":{"rendered":"https:\/\/staging2.stylingagenten.com\/no\/produkt\/nicki-minaj-minajesty-edp-100ml\/"},"modified":"2026-04-02T08:37:32","modified_gmt":"2026-04-02T08:37:32","slug":"nicki-minaj-minajesty-edp-100ml","status":"publish","type":"product","link":"https:\/\/stylingagenten.com\/no\/produkt\/nicki-minaj-minajesty-edp-100ml\/","title":{"rendered":"Nicki Minaj Minajesty Edp 30ml"},"content":{"rendered":"<p>Nicki Minaj Minajesty er en sensuell og floral duft med toner av nydelig frukt, luksuri\u00f8st friske blomster, kremet vanilje og musk. Duften fanger sansene dine og utstr\u00e5ler en majestetisk f\u00f8lelse.<\/p>\n<p><strong>Duftnoter:<\/strong> fersken, sitronblomst, rips, magnolia, rosa sjasmin, tiger orkide&eacute;, vanilje &amp; hvit musk.<\/p>\n","protected":false},"excerpt":{"rendered":"<p>Nicki Minaj Minajesty er en sensuell og floral duft med toner av nydelig frukt, luksuri\u00f8st friske blomster, kremet vanilje og musk. Duften fanger sansene dine og utstr\u00e5ler en majestetisk f\u00f8lelse. Duftnoter: fersken, sitronblomst, rips, magnolia, rosa sjasmin, tiger orkide&eacute;, vanilje &amp; hvit musk.<\/p>\n","protected":false},"featured_media":400642,"comment_status":"open","ping_status":"closed","template":"","meta":{"_trash_the_other_posts":false},"product_brand":[],"product_cat":[1003,706,735,999],"product_tag":[3632],"berocket_brand":[1111],"class_list":{"0":"post-400643","1":"product","2":"type-product","3":"status-publish","4":"has-post-thumbnail","6":"product_cat-bestselgere","7":"product_cat-eau-de-parfum-dame","8":"product_cat-kampanje","9":"product_cat-kampanjetilbud-for-henne","10":"product_tag-nicki-minaj-minajesty-edp","11":"pa_brand-nicki-minaj","12":"pa_variant-100ml","13":"berocket_brand-nicki-minaj","15":"first","16":"outofstock","17":"sale","18":"taxable","19":"shipping-taxable","20":"purchasable","21":"product-type-simple"},"_links":{"self":[{"href":"https:\/\/stylingagenten.com\/no\/wp-json\/wp\/v2\/product\/400643","targetHints":{"allow":["GET"]}}],"collection":[{"href":"https:\/\/stylingagenten.com\/no\/wp-json\/wp\/v2\/product"}],"about":[{"href":"https:\/\/stylingagenten.com\/no\/wp-json\/wp\/v2\/types\/product"}],"replies":[{"embeddable":true,"href":"https:\/\/stylingagenten.com\/no\/wp-json\/wp\/v2\/comments?post=400643"}],"version-history":[{"count":0,"href":"https:\/\/stylingagenten.com\/no\/wp-json\/wp\/v2\/product\/400643\/revisions"}],"wp:featuredmedia":[{"embeddable":true,"href":"https:\/\/stylingagenten.com\/no\/wp-json\/wp\/v2\/media\/400642"}],"wp:attachment":[{"href":"https:\/\/stylingagenten.com\/no\/wp-json\/wp\/v2\/media?parent=400643"}],"wp:term":[{"taxonomy":"product_brand","embeddable":true,"href":"https:\/\/stylingagenten.com\/no\/wp-json\/wp\/v2\/product_brand?post=400643"},{"taxonomy":"product_cat","embeddable":true,"href":"https:\/\/stylingagenten.com\/no\/wp-json\/wp\/v2\/product_cat?post=400643"},{"taxonomy":"product_tag","embeddable":true,"href":"https:\/\/stylingagenten.com\/no\/wp-json\/wp\/v2\/product_tag?post=400643"},{"taxonomy":"berocket_brand","embeddable":true,"href":"https:\/\/stylingagenten.com\/no\/wp-json\/wp\/v2\/berocket_brand?post=400643"}],"curies":[{"name":"wp","href":"https:\/\/api.w.org\/{rel}","templated":true}]}}