{"id":400603,"date":"2025-05-18T22:42:15","date_gmt":"2025-05-18T22:42:15","guid":{"rendered":"https:\/\/staging2.stylingagenten.com\/no\/produkt\/elizabeth-arden-untold-edp-100ml\/"},"modified":"2026-04-13T10:48:49","modified_gmt":"2026-04-13T10:48:49","slug":"elizabeth-arden-untold-edp-100ml","status":"publish","type":"product","link":"https:\/\/stylingagenten.com\/no\/produkt\/elizabeth-arden-untold-edp-100ml\/","title":{"rendered":"Elizabeth Arden Untold Edp 100ml"},"content":{"rendered":"<p>Elizabeth Arden Untold Edp er en parfyme inspirert av livets eventyr. Duften passer alle kvinner som nyter livet og \u00f8nsker \u00e5 dele sine livserfaringer. God som d\u00e5rlig.<\/p>\n<p><strong>Duftnoter:<\/strong> rosa pepper, bergamott, p\u00e6re, solb\u00e6rknopper, gardeniablader, egyptisk sjasmin, patchouli, sandeltre, musk og ambra.<\/p>\n","protected":false},"excerpt":{"rendered":"<p>Elizabeth Arden Untold Edp er en parfyme inspirert av livets eventyr. Duften passer alle kvinner som nyter livet og \u00f8nsker \u00e5 dele sine livserfaringer. God som d\u00e5rlig. Duftnoter: rosa pepper, bergamott, p\u00e6re, solb\u00e6rknopper, gardeniablader, egyptisk sjasmin, patchouli, sandeltre, musk og ambra.<\/p>\n","protected":false},"featured_media":400602,"comment_status":"open","ping_status":"closed","template":"","meta":{"_trash_the_other_posts":false},"product_brand":[],"product_cat":[706,735,1006,999],"product_tag":[],"berocket_brand":[1303],"class_list":{"0":"post-400603","1":"product","2":"type-product","3":"status-publish","4":"has-post-thumbnail","6":"product_cat-eau-de-parfum-dame","7":"product_cat-kampanje","8":"product_cat-kampanjepris","9":"product_cat-kampanjetilbud-for-henne","10":"pa_brand-elizabeth-arden","11":"berocket_brand-elizabeth-arden","13":"first","14":"instock","15":"sale","16":"taxable","17":"shipping-taxable","18":"purchasable","19":"product-type-simple"},"_links":{"self":[{"href":"https:\/\/stylingagenten.com\/no\/wp-json\/wp\/v2\/product\/400603","targetHints":{"allow":["GET"]}}],"collection":[{"href":"https:\/\/stylingagenten.com\/no\/wp-json\/wp\/v2\/product"}],"about":[{"href":"https:\/\/stylingagenten.com\/no\/wp-json\/wp\/v2\/types\/product"}],"replies":[{"embeddable":true,"href":"https:\/\/stylingagenten.com\/no\/wp-json\/wp\/v2\/comments?post=400603"}],"version-history":[{"count":0,"href":"https:\/\/stylingagenten.com\/no\/wp-json\/wp\/v2\/product\/400603\/revisions"}],"wp:featuredmedia":[{"embeddable":true,"href":"https:\/\/stylingagenten.com\/no\/wp-json\/wp\/v2\/media\/400602"}],"wp:attachment":[{"href":"https:\/\/stylingagenten.com\/no\/wp-json\/wp\/v2\/media?parent=400603"}],"wp:term":[{"taxonomy":"product_brand","embeddable":true,"href":"https:\/\/stylingagenten.com\/no\/wp-json\/wp\/v2\/product_brand?post=400603"},{"taxonomy":"product_cat","embeddable":true,"href":"https:\/\/stylingagenten.com\/no\/wp-json\/wp\/v2\/product_cat?post=400603"},{"taxonomy":"product_tag","embeddable":true,"href":"https:\/\/stylingagenten.com\/no\/wp-json\/wp\/v2\/product_tag?post=400603"},{"taxonomy":"berocket_brand","embeddable":true,"href":"https:\/\/stylingagenten.com\/no\/wp-json\/wp\/v2\/berocket_brand?post=400603"}],"curies":[{"name":"wp","href":"https:\/\/api.w.org\/{rel}","templated":true}]}}