{"id":400599,"date":"2025-05-18T22:42:12","date_gmt":"2025-05-18T22:42:12","guid":{"rendered":"https:\/\/staging2.stylingagenten.com\/no\/produkt\/roberto-cavalli-edp-30ml\/"},"modified":"2025-11-19T07:49:14","modified_gmt":"2025-11-19T07:49:14","slug":"roberto-cavalli-edp-30ml","status":"publish","type":"product","link":"https:\/\/stylingagenten.com\/no\/produkt\/roberto-cavalli-edp-30ml\/","title":{"rendered":"Roberto Cavalli Edp 30ml"},"content":{"rendered":"<p>Roberto Cavalli Edp er en solrik og sprudlende duft hvis toppnoter, opplyst av rosepepper, utstr\u00e5ler en genuin karakterstyrke. Den reflekterer femininitet, sensualitet og ekstravaganse, og kvinnen som b\u00e6rer denne duften har feminin eleganse og energien til en oppr\u00f8rsk skapning.<\/p>\n<p><strong>Duftnotater:&nbsp;<\/strong>rose&eacute;pepper. appelsinblomst absolutt. Tonkab\u00f8nner, vanilje &amp; benzoin.<\/p>\n","protected":false},"excerpt":{"rendered":"<p>Roberto Cavalli Edp er en solrik og sprudlende duft hvis toppnoter, opplyst av rosepepper, utstr\u00e5ler en genuin karakterstyrke. Den reflekterer femininitet, sensualitet og ekstravaganse, og kvinnen som b\u00e6rer denne duften har feminin eleganse og energien til en oppr\u00f8rsk skapning. Duftnotater:&nbsp;rose&eacute;pepper. appelsinblomst absolutt. Tonkab\u00f8nner, vanilje &amp; benzoin.<\/p>\n","protected":false},"featured_media":400598,"comment_status":"open","ping_status":"closed","template":"","meta":{"_trash_the_other_posts":false},"product_brand":[],"product_cat":[706,983],"product_tag":[3934],"berocket_brand":[1074],"class_list":{"0":"post-400599","1":"product","2":"type-product","3":"status-publish","4":"has-post-thumbnail","6":"product_cat-eau-de-parfum-dame","7":"product_cat-roberto-cavalli-edp","8":"product_tag-roberto-cavalli-edp","9":"pa_brand-roberto-cavalli","10":"pa_variant-30ml","11":"berocket_brand-roberto-cavalli","13":"first","14":"outofstock","15":"sale","16":"taxable","17":"shipping-taxable","18":"purchasable","19":"product-type-simple"},"_links":{"self":[{"href":"https:\/\/stylingagenten.com\/no\/wp-json\/wp\/v2\/product\/400599","targetHints":{"allow":["GET"]}}],"collection":[{"href":"https:\/\/stylingagenten.com\/no\/wp-json\/wp\/v2\/product"}],"about":[{"href":"https:\/\/stylingagenten.com\/no\/wp-json\/wp\/v2\/types\/product"}],"replies":[{"embeddable":true,"href":"https:\/\/stylingagenten.com\/no\/wp-json\/wp\/v2\/comments?post=400599"}],"version-history":[{"count":0,"href":"https:\/\/stylingagenten.com\/no\/wp-json\/wp\/v2\/product\/400599\/revisions"}],"wp:featuredmedia":[{"embeddable":true,"href":"https:\/\/stylingagenten.com\/no\/wp-json\/wp\/v2\/media\/400598"}],"wp:attachment":[{"href":"https:\/\/stylingagenten.com\/no\/wp-json\/wp\/v2\/media?parent=400599"}],"wp:term":[{"taxonomy":"product_brand","embeddable":true,"href":"https:\/\/stylingagenten.com\/no\/wp-json\/wp\/v2\/product_brand?post=400599"},{"taxonomy":"product_cat","embeddable":true,"href":"https:\/\/stylingagenten.com\/no\/wp-json\/wp\/v2\/product_cat?post=400599"},{"taxonomy":"product_tag","embeddable":true,"href":"https:\/\/stylingagenten.com\/no\/wp-json\/wp\/v2\/product_tag?post=400599"},{"taxonomy":"berocket_brand","embeddable":true,"href":"https:\/\/stylingagenten.com\/no\/wp-json\/wp\/v2\/berocket_brand?post=400599"}],"curies":[{"name":"wp","href":"https:\/\/api.w.org\/{rel}","templated":true}]}}