{"id":400482,"date":"2025-05-18T22:41:04","date_gmt":"2025-05-18T22:41:04","guid":{"rendered":"https:\/\/staging2.stylingagenten.com\/no\/produkt\/juicy-couture-viva-la-juicy-edp-50ml\/"},"modified":"2026-04-01T22:28:46","modified_gmt":"2026-04-01T22:28:46","slug":"juicy-couture-viva-la-juicy-edp-50ml","status":"publish","type":"product","link":"https:\/\/stylingagenten.com\/no\/produkt\/juicy-couture-viva-la-juicy-edp-50ml\/","title":{"rendered":"Juicy Couture Viva La Juicy Edp 50ml"},"content":{"rendered":"<p>Juicy Couture Viva La Juicy Edp 50ml er en frisk, morsom og fl\u00f8rtende duft sammensatt av en herlig blanding av mandarin, ville b\u00e6r, kaprifol, gardenia og kremet rav.<\/p>\n<p><strong>Duftnoter: <\/strong> ville b\u00e6r, saftig mandarin, kaprifol, gardenia, sjasmin, rav, karamell, vanilje, sandeltre og praliner.<\/p>\n","protected":false},"excerpt":{"rendered":"<p>Juicy Couture Viva La Juicy Edp 50ml er en frisk, morsom og fl\u00f8rtende duft sammensatt av en herlig blanding av mandarin, ville b\u00e6r, kaprifol, gardenia og kremet rav. Duftnoter: ville b\u00e6r, saftig mandarin, kaprifol, gardenia, sjasmin, rav, karamell, vanilje, sandeltre og praliner.<\/p>\n","protected":false},"featured_media":400479,"comment_status":"open","ping_status":"closed","template":"","meta":{"_trash_the_other_posts":false},"product_brand":[],"product_cat":[706,918,735,1006,999],"product_tag":[3083],"berocket_brand":[1067],"class_list":{"0":"post-400482","1":"product","2":"type-product","3":"status-publish","4":"has-post-thumbnail","6":"product_cat-eau-de-parfum-dame","7":"product_cat-juicy-couture-viva-la-juicy","8":"product_cat-kampanje","9":"product_cat-kampanjepris","10":"product_cat-kampanjetilbud-for-henne","11":"product_tag-juicy-couture-viva-la-juicy-edp","12":"pa_brand-juicy-couture","13":"pa_variant-50ml","14":"berocket_brand-juicy-couture","16":"first","17":"instock","18":"sale","19":"taxable","20":"shipping-taxable","21":"purchasable","22":"product-type-simple"},"_links":{"self":[{"href":"https:\/\/stylingagenten.com\/no\/wp-json\/wp\/v2\/product\/400482","targetHints":{"allow":["GET"]}}],"collection":[{"href":"https:\/\/stylingagenten.com\/no\/wp-json\/wp\/v2\/product"}],"about":[{"href":"https:\/\/stylingagenten.com\/no\/wp-json\/wp\/v2\/types\/product"}],"replies":[{"embeddable":true,"href":"https:\/\/stylingagenten.com\/no\/wp-json\/wp\/v2\/comments?post=400482"}],"version-history":[{"count":0,"href":"https:\/\/stylingagenten.com\/no\/wp-json\/wp\/v2\/product\/400482\/revisions"}],"wp:featuredmedia":[{"embeddable":true,"href":"https:\/\/stylingagenten.com\/no\/wp-json\/wp\/v2\/media\/400479"}],"wp:attachment":[{"href":"https:\/\/stylingagenten.com\/no\/wp-json\/wp\/v2\/media?parent=400482"}],"wp:term":[{"taxonomy":"product_brand","embeddable":true,"href":"https:\/\/stylingagenten.com\/no\/wp-json\/wp\/v2\/product_brand?post=400482"},{"taxonomy":"product_cat","embeddable":true,"href":"https:\/\/stylingagenten.com\/no\/wp-json\/wp\/v2\/product_cat?post=400482"},{"taxonomy":"product_tag","embeddable":true,"href":"https:\/\/stylingagenten.com\/no\/wp-json\/wp\/v2\/product_tag?post=400482"},{"taxonomy":"berocket_brand","embeddable":true,"href":"https:\/\/stylingagenten.com\/no\/wp-json\/wp\/v2\/berocket_brand?post=400482"}],"curies":[{"name":"wp","href":"https:\/\/api.w.org\/{rel}","templated":true}]}}